{"id":3332,"date":"2025-08-11T14:37:32","date_gmt":"2025-08-11T14:37:32","guid":{"rendered":"https:\/\/luciaprajisteanu.ro\/?page_id=3332"},"modified":"2025-08-11T16:37:59","modified_gmt":"2025-08-11T16:37:59","slug":"targul-de-craciun-piata-constitutiei","status":"publish","type":"page","link":"https:\/\/luciaprajisteanu.ro\/?page_id=3332","title":{"rendered":"T\u00e2rgul de Cr\u0103ciun (Pia\u021ba Constitu\u021biei)"},"content":{"rendered":"\t\t<div data-elementor-type=\"wp-page\" data-elementor-id=\"3332\" class=\"elementor elementor-3332\" data-elementor-post-type=\"page\">\n\t\t\t\t<div class=\"elementor-element elementor-element-40d1685 e-flex e-con-boxed e-con e-parent\" data-id=\"40d1685\" data-element_type=\"container\">\n\t\t\t\t\t<div class=\"e-con-inner\">\n\t\t<div class=\"elementor-element elementor-element-a880644 e-con-full e-flex e-con e-child\" data-id=\"a880644\" data-element_type=\"container\" data-settings=\"{&quot;background_background&quot;:&quot;classic&quot;}\">\n\t\t\t\t<div class=\"elementor-element elementor-element-0dfef1c elementor-widget elementor-widget-image\" data-id=\"0dfef1c\" data-element_type=\"widget\" data-widget_type=\"image.default\">\n\t\t\t\t<div class=\"elementor-widget-container\">\n\t\t\t\t\t\t\t\t\t\t\t\t\t\t\t<img fetchpriority=\"high\" decoding=\"async\" width=\"1024\" height=\"683\" src=\"https:\/\/luciaprajisteanu.ro\/wp-content\/uploads\/2025\/08\/WhatsApp-Image-2025-08-11-at-13.35.58_327cf1e8-1024x683.jpg\" class=\"attachment-large size-large wp-image-3351\" alt=\"\" srcset=\"https:\/\/luciaprajisteanu.ro\/wp-content\/uploads\/2025\/08\/WhatsApp-Image-2025-08-11-at-13.35.58_327cf1e8-1024x683.jpg 1024w, https:\/\/luciaprajisteanu.ro\/wp-content\/uploads\/2025\/08\/WhatsApp-Image-2025-08-11-at-13.35.58_327cf1e8-300x200.jpg 300w, https:\/\/luciaprajisteanu.ro\/wp-content\/uploads\/2025\/08\/WhatsApp-Image-2025-08-11-at-13.35.58_327cf1e8-768x512.jpg 768w, https:\/\/luciaprajisteanu.ro\/wp-content\/uploads\/2025\/08\/WhatsApp-Image-2025-08-11-at-13.35.58_327cf1e8-1536x1024.jpg 1536w, https:\/\/luciaprajisteanu.ro\/wp-content\/uploads\/2025\/08\/WhatsApp-Image-2025-08-11-at-13.35.58_327cf1e8.jpg 1600w\" sizes=\"(max-width: 1024px) 100vw, 1024px\" \/>\t\t\t\t\t\t\t\t\t\t\t\t\t\t\t<\/div>\n\t\t\t\t<\/div>\n\t\t\t\t<\/div>\n\t\t<div class=\"elementor-element elementor-element-9935be7 e-con-full e-flex e-con e-child\" data-id=\"9935be7\" data-element_type=\"container\">\n\t\t\t\t<div class=\"elementor-element elementor-element-c6ad3ea elementor-widget elementor-widget-heading\" data-id=\"c6ad3ea\" data-element_type=\"widget\" data-widget_type=\"heading.default\">\n\t\t\t\t<div class=\"elementor-widget-container\">\n\t\t\t\t\t<h2 class=\"elementor-heading-title elementor-size-default\">T\u00c2RGUL DE CR\u0102CIUN BUCURE\u0218TI \u2013 PIA\u021aA CONSTITU\u021aIEI\n\n<\/h2>\t\t\t\t<\/div>\n\t\t\t\t<\/div>\n\t\t\t\t<div class=\"elementor-element elementor-element-1919828 elementor-widget elementor-widget-text-editor\" data-id=\"1919828\" data-element_type=\"widget\" data-widget_type=\"text-editor.default\">\n\t\t\t\t<div class=\"elementor-widget-container\">\n\t\t\t\t\t\t\t\t\t<p>Un col\u021b de poveste \u00een inima Capitalei, unde magia s\u0103rb\u0103torilor se \u00eemplete\u0219te cu elegan\u021ba unei atrac\u021bii unice \u00een Rom\u00e2nia.<\/p>\t\t\t\t\t\t\t\t<\/div>\n\t\t\t\t<\/div>\n\t\t\t\t<\/div>\n\t\t\t\t\t<\/div>\n\t\t\t\t<\/div>\n\t\t<div class=\"elementor-element elementor-element-80ff58a e-flex e-con-boxed e-con e-parent\" data-id=\"80ff58a\" data-element_type=\"container\">\n\t\t\t\t\t<div class=\"e-con-inner\">\n\t\t\t\t<div class=\"elementor-element elementor-element-21bf78d elementor-widget elementor-widget-heading\" data-id=\"21bf78d\" data-element_type=\"widget\" data-widget_type=\"heading.default\">\n\t\t\t\t<div class=\"elementor-widget-container\">\n\t\t\t\t\t<h2 class=\"elementor-heading-title elementor-size-default\">SPIRITUL CR\u0102CIUNULUI, <br>TRADUS \u00ceN ELEGAN\u021a\u0102 \u0218I MAGIE\n<\/h2>\t\t\t\t<\/div>\n\t\t\t\t<\/div>\n\t\t\t\t<div class=\"elementor-element elementor-element-39505f3 elementor-widget__width-initial elementor-widget elementor-widget-text-editor\" data-id=\"39505f3\" data-element_type=\"widget\" data-widget_type=\"text-editor.default\">\n\t\t\t\t<div class=\"elementor-widget-container\">\n\t\t\t\t\t\t\t\t\t<p>Cum a \u00eenceput povestea:<br \/>\u201e\u00cemi doresc ca fiecare proiect Britta s\u0103 aduc\u0103 oamenilor nu doar distrac\u021bie, ci \u0219i emo\u021bie autentic\u0103. Caruselul vene\u021bian din Pia\u021ba Constitu\u021biei a fost g\u00e2ndit ca un simbol al rafinamentului \u0219i bucuriei de iarn\u0103, inspirat din marile t\u00e2rguri europene \u0219i construit cu m\u0103iestrie italian\u0103\u201d (Lucia Pr\u0103ji\u0219teanu).<\/p>\t\t\t\t\t\t\t\t<\/div>\n\t\t\t\t<\/div>\n\t\t\t\t<div class=\"elementor-element elementor-element-be23254 elementor-widget elementor-widget-gallery\" data-id=\"be23254\" data-element_type=\"widget\" data-settings=\"{&quot;lazyload&quot;:&quot;yes&quot;,&quot;gallery_layout&quot;:&quot;grid&quot;,&quot;columns&quot;:4,&quot;columns_tablet&quot;:2,&quot;columns_mobile&quot;:1,&quot;gap&quot;:{&quot;unit&quot;:&quot;px&quot;,&quot;size&quot;:10,&quot;sizes&quot;:[]},&quot;gap_tablet&quot;:{&quot;unit&quot;:&quot;px&quot;,&quot;size&quot;:10,&quot;sizes&quot;:[]},&quot;gap_mobile&quot;:{&quot;unit&quot;:&quot;px&quot;,&quot;size&quot;:10,&quot;sizes&quot;:[]},&quot;aspect_ratio&quot;:&quot;3:2&quot;,&quot;content_hover_animation&quot;:&quot;fade-in&quot;}\" data-widget_type=\"gallery.default\">\n\t\t\t\t<div class=\"elementor-widget-container\">\n\t\t\t\t\t\t\t<div class=\"elementor-gallery__container\">\n\t\t\t\t\t\t\t<div class=\"e-gallery-item elementor-gallery-item elementor-animated-content\">\n\t\t\t\t\t<div class=\"e-gallery-image elementor-gallery-item__image\" data-thumbnail=\"https:\/\/luciaprajisteanu.ro\/wp-content\/uploads\/2025\/08\/WhatsApp-Image-2025-08-11-at-13.35.58_c9f4f1ea-768x512.jpg\" data-width=\"768\" data-height=\"512\" aria-label=\"Sold\u0103\u021bei decorativi colora\u021bi la T\u00e2rgul de Cr\u0103ciun din Bucure\u0219ti, al\u0103turi de c\u0103su\u021be tradi\u021bionale \u00eempodobite pentru s\u0103rb\u0103tori\" role=\"img\" ><\/div>\n\t\t\t\t\t\t\t\t\t\t\t\t\t\t<\/div>\n\t\t\t\t\t\t\t<div class=\"e-gallery-item elementor-gallery-item elementor-animated-content\">\n\t\t\t\t\t<div class=\"e-gallery-image elementor-gallery-item__image\" data-thumbnail=\"https:\/\/luciaprajisteanu.ro\/wp-content\/uploads\/2025\/08\/WhatsApp-Image-2025-08-11-at-13.35.58_5f0227b1-768x1152.jpg\" data-width=\"768\" data-height=\"1152\" aria-label=\"Copil trec\u00e2nd pe sub un arc luminos, l\u00e2ng\u0103 sold\u0103\u021bei decorativi \u0219i carusel vene\u021bian la T\u00e2rgul de Cr\u0103ciun din Pia\u021ba Constitu\u021biei Bucure\u0219ti\" role=\"img\" ><\/div>\n\t\t\t\t\t\t\t\t\t\t\t\t\t\t<\/div>\n\t\t\t\t\t\t\t<div class=\"e-gallery-item elementor-gallery-item elementor-animated-content\">\n\t\t\t\t\t<div class=\"e-gallery-image elementor-gallery-item__image\" data-thumbnail=\"https:\/\/luciaprajisteanu.ro\/wp-content\/uploads\/2025\/08\/WhatsApp-Image-2025-08-11-at-13.35.58_13a8e539-768x1153.jpg\" data-width=\"768\" data-height=\"1153\" aria-label=\"Sold\u0103\u021bel decorativ luminat \u00een fa\u021ba unui carusel vene\u021bian la Santa\u2019s Land Bucure\u0219ti, atrac\u021bie de poveste pentru \u00eentreaga familie\" role=\"img\" ><\/div>\n\t\t\t\t\t\t\t\t\t\t\t\t\t\t<\/div>\n\t\t\t\t\t\t\t<div class=\"e-gallery-item elementor-gallery-item elementor-animated-content\">\n\t\t\t\t\t<div class=\"e-gallery-image elementor-gallery-item__image\" data-thumbnail=\"https:\/\/luciaprajisteanu.ro\/wp-content\/uploads\/2025\/08\/WhatsApp-Image-2025-08-11-at-13.35.58_327cf1e8-1-768x512.jpg\" data-width=\"768\" data-height=\"512\" aria-label=\"Carusel vene\u021bian luminat, Roata Mare \u0219i bradul de Cr\u0103ciun din Pia\u021ba Constitu\u021biei Bucure\u0219ti, atrac\u021bii de poveste pentru vizitatori\" role=\"img\" ><\/div>\n\t\t\t\t\t\t\t\t\t\t\t\t\t\t<\/div>\n\t\t\t\t\t<\/div>\n\t\t\t\t\t<\/div>\n\t\t\t\t<\/div>\n\t\t\t\t\t<\/div>\n\t\t\t\t<\/div>\n\t\t<div class=\"elementor-element elementor-element-45a5a72 e-flex e-con-boxed e-con e-parent\" data-id=\"45a5a72\" data-element_type=\"container\">\n\t\t\t\t\t<div class=\"e-con-inner\">\n\t\t<div class=\"elementor-element elementor-element-7da5f00 e-con-full e-flex e-con e-child\" data-id=\"7da5f00\" data-element_type=\"container\">\n\t\t\t\t<div class=\"elementor-element elementor-element-870852e elementor-widget elementor-widget-heading\" data-id=\"870852e\" data-element_type=\"widget\" data-widget_type=\"heading.default\">\n\t\t\t\t<div class=\"elementor-widget-container\">\n\t\t\t\t\t<h2 class=\"elementor-heading-title elementor-size-default\">INAUGURAT LA T\u00c2RGUL DE CR\u0102CIUN DIN PIA\u021aA CONSTITU\u021aIEI\n<\/h2>\t\t\t\t<\/div>\n\t\t\t\t<\/div>\n\t\t<div class=\"elementor-element elementor-element-748227d e-con-full e-flex e-con e-child\" data-id=\"748227d\" data-element_type=\"container\">\n\t\t\t\t<div class=\"elementor-element elementor-element-d39a2e7 elementor-widget elementor-widget-text-editor\" data-id=\"d39a2e7\" data-element_type=\"widget\" data-widget_type=\"text-editor.default\">\n\t\t\t\t<div class=\"elementor-widget-container\">\n\t\t\t\t\t\t\t\t\t<p>Pentru edi\u021bia 2023 a T\u00e2rgului de Cr\u0103ciun din Pia\u021ba Constitu\u021biei, Britta Trading a adus cel mai mare carusel vene\u021bian amplasat vreodat\u0103 \u00eentr-un t\u00e2rg din Rom\u00e2nia.<br \/>Construit \u00een Italia, \u00eentr-o fabric\u0103 cu peste 100 de ani de tradi\u021bie, \u0219i pictat manual \u00een cele mai fine detalii, caruselul a devenit imediat punctul de atrac\u021bie al t\u00e2rgului.<\/p><p>Cu silueta sa impun\u0103toare \u0219i atmosfera romantic\u0103, atrac\u021bia ofer\u0103 o experien\u021b\u0103 de neuitat pentru vizitatorii de toate v\u00e2rstele \u2014 fie c\u0103 este vorba de copii care descoper\u0103 pentru prima dat\u0103 magia unui carusel, sau de adul\u021bi care \u00ee\u0219i retr\u0103iesc amintirile din copil\u0103rie.<\/p>\t\t\t\t\t\t\t\t<\/div>\n\t\t\t\t<\/div>\n\t\t\t\t<\/div>\n\t\t\t\t<\/div>\n\t\t<div class=\"elementor-element elementor-element-3cfc349 e-con-full e-flex e-con e-child\" data-id=\"3cfc349\" data-element_type=\"container\" data-settings=\"{&quot;background_background&quot;:&quot;classic&quot;}\">\n\t\t\t\t<div class=\"elementor-element elementor-element-4253ec7 elementor-widget elementor-widget-image\" data-id=\"4253ec7\" data-element_type=\"widget\" data-widget_type=\"image.default\">\n\t\t\t\t<div class=\"elementor-widget-container\">\n\t\t\t\t\t\t\t\t\t\t\t\t\t\t\t<img decoding=\"async\" width=\"1024\" height=\"682\" src=\"https:\/\/luciaprajisteanu.ro\/wp-content\/uploads\/2025\/08\/WhatsApp-Image-2025-08-11-at-13.35.58_36f80ab3-1024x682.jpg\" class=\"attachment-large size-large wp-image-3353\" alt=\"Descoper\u0103 fa\u021beta autentic\u0103 a Luciei Pr\u0103ji\u0219teanu \u2013 lider\u0103 cu viziune, apropiat\u0103 de public, creatoarea experientelor Magice din parcurile tematice.\" srcset=\"https:\/\/luciaprajisteanu.ro\/wp-content\/uploads\/2025\/08\/WhatsApp-Image-2025-08-11-at-13.35.58_36f80ab3-1024x682.jpg 1024w, https:\/\/luciaprajisteanu.ro\/wp-content\/uploads\/2025\/08\/WhatsApp-Image-2025-08-11-at-13.35.58_36f80ab3-300x200.jpg 300w, https:\/\/luciaprajisteanu.ro\/wp-content\/uploads\/2025\/08\/WhatsApp-Image-2025-08-11-at-13.35.58_36f80ab3-768x512.jpg 768w, https:\/\/luciaprajisteanu.ro\/wp-content\/uploads\/2025\/08\/WhatsApp-Image-2025-08-11-at-13.35.58_36f80ab3-1536x1023.jpg 1536w, https:\/\/luciaprajisteanu.ro\/wp-content\/uploads\/2025\/08\/WhatsApp-Image-2025-08-11-at-13.35.58_36f80ab3.jpg 1600w\" sizes=\"(max-width: 1024px) 100vw, 1024px\" \/>\t\t\t\t\t\t\t\t\t\t\t\t\t\t\t<\/div>\n\t\t\t\t<\/div>\n\t\t\t\t<\/div>\n\t\t\t\t\t<\/div>\n\t\t\t\t<\/div>\n\t\t<div class=\"elementor-element elementor-element-8e31ce2 e-flex e-con-boxed e-con e-parent\" data-id=\"8e31ce2\" data-element_type=\"container\">\n\t\t\t\t\t<div class=\"e-con-inner\">\n\t\t\t\t<div class=\"elementor-element elementor-element-29e72aa elementor-widget elementor-widget-heading\" data-id=\"29e72aa\" data-element_type=\"widget\" data-widget_type=\"heading.default\">\n\t\t\t\t<div class=\"elementor-widget-container\">\n\t\t\t\t\t<h2 class=\"elementor-heading-title elementor-size-default\">O EXPERIEN\u021a\u0102 DE POVESTE <br> PENTRU \u00ceNTREAGA FAMILIE\n<\/h2>\t\t\t\t<\/div>\n\t\t\t\t<\/div>\n\t\t\t\t<div class=\"elementor-element elementor-element-1608196 elementor-widget__width-initial elementor-widget elementor-widget-text-editor\" data-id=\"1608196\" data-element_type=\"widget\" data-widget_type=\"text-editor.default\">\n\t\t\t\t<div class=\"elementor-widget-container\">\n\t\t\t\t\t\t\t\t\t<p>\u00cen jurul caruselului, Pia\u021ba Constitu\u021biei s-a transformat \u00eentr-un peisaj de iarn\u0103 spectaculos: lumini\u021be, colinde, arome de vin fiert \u0219i delicii tradi\u021bionale. Dar \u00een centrul aten\u021biei a r\u0103mas aceast\u0103 bijuterie vene\u021bian\u0103, simbol al elegan\u021bei \u0219i al spiritului\u00a0festiv.<\/p>\t\t\t\t\t\t\t\t<\/div>\n\t\t\t\t<\/div>\n\t\t\t\t\t<\/div>\n\t\t\t\t<\/div>\n\t\t\t\t<\/div>\n\t\t","protected":false},"excerpt":{"rendered":"<p>T\u00c2RGUL DE CR\u0102CIUN BUCURE\u0218TI \u2013 PIA\u021aA CONSTITU\u021aIEI Un col\u021b de poveste \u00een inima Capitalei, unde magia s\u0103rb\u0103torilor se \u00eemplete\u0219te cu elegan\u021ba unei atrac\u021bii unice \u00een Rom\u00e2nia. SPIRITUL CR\u0102CIUNULUI, TRADUS \u00ceN ELEGAN\u021a\u0102 \u0218I MAGIE Cum a \u00eenceput povestea:\u201e\u00cemi doresc ca fiecare proiect Britta s\u0103 aduc\u0103 oamenilor nu doar distrac\u021bie, ci \u0219i emo\u021bie autentic\u0103. Caruselul vene\u021bian din [&hellip;]<\/p>\n","protected":false},"author":1,"featured_media":0,"parent":0,"menu_order":0,"comment_status":"closed","ping_status":"closed","template":"","meta":{"footnotes":""},"class_list":["post-3332","page","type-page","status-publish","hentry"],"blocksy_meta":{"has_hero_section":"disabled","vertical_spacing_source":"custom","content_area_spacing":"none","styles_descriptor":{"styles":{"desktop":"","tablet":"","mobile":""},"google_fonts":[],"version":6}},"_links":{"self":[{"href":"https:\/\/luciaprajisteanu.ro\/index.php?rest_route=\/wp\/v2\/pages\/3332","targetHints":{"allow":["GET"]}}],"collection":[{"href":"https:\/\/luciaprajisteanu.ro\/index.php?rest_route=\/wp\/v2\/pages"}],"about":[{"href":"https:\/\/luciaprajisteanu.ro\/index.php?rest_route=\/wp\/v2\/types\/page"}],"author":[{"embeddable":true,"href":"https:\/\/luciaprajisteanu.ro\/index.php?rest_route=\/wp\/v2\/users\/1"}],"replies":[{"embeddable":true,"href":"https:\/\/luciaprajisteanu.ro\/index.php?rest_route=%2Fwp%2Fv2%2Fcomments&post=3332"}],"version-history":[{"count":4,"href":"https:\/\/luciaprajisteanu.ro\/index.php?rest_route=\/wp\/v2\/pages\/3332\/revisions"}],"predecessor-version":[{"id":3365,"href":"https:\/\/luciaprajisteanu.ro\/index.php?rest_route=\/wp\/v2\/pages\/3332\/revisions\/3365"}],"wp:attachment":[{"href":"https:\/\/luciaprajisteanu.ro\/index.php?rest_route=%2Fwp%2Fv2%2Fmedia&parent=3332"}],"curies":[{"name":"wp","href":"https:\/\/api.w.org\/{rel}","templated":true}]}}