{"id":3327,"date":"2025-08-11T14:36:35","date_gmt":"2025-08-11T14:36:35","guid":{"rendered":"https:\/\/luciaprajisteanu.ro\/?page_id=3327"},"modified":"2025-08-11T16:34:25","modified_gmt":"2025-08-11T16:34:25","slug":"laminor-winter-wonderland","status":"publish","type":"page","link":"https:\/\/luciaprajisteanu.ro\/?page_id=3327","title":{"rendered":"Laminor Winter Wonderland"},"content":{"rendered":"\t\t<div data-elementor-type=\"wp-page\" data-elementor-id=\"3327\" class=\"elementor elementor-3327\" data-elementor-post-type=\"page\">\n\t\t\t\t<div class=\"elementor-element elementor-element-40d1685 e-flex e-con-boxed e-con e-parent\" data-id=\"40d1685\" data-element_type=\"container\">\n\t\t\t\t\t<div class=\"e-con-inner\">\n\t\t<div class=\"elementor-element elementor-element-a880644 e-con-full e-flex e-con e-child\" data-id=\"a880644\" data-element_type=\"container\" data-settings=\"{&quot;background_background&quot;:&quot;classic&quot;}\">\n\t\t\t\t<div class=\"elementor-element elementor-element-0dfef1c elementor-widget elementor-widget-image\" data-id=\"0dfef1c\" data-element_type=\"widget\" data-widget_type=\"image.default\">\n\t\t\t\t<div class=\"elementor-widget-container\">\n\t\t\t\t\t\t\t\t\t\t\t\t\t\t\t<img fetchpriority=\"high\" decoding=\"async\" width=\"900\" height=\"675\" src=\"https:\/\/luciaprajisteanu.ro\/wp-content\/uploads\/2025\/08\/ww.png\" class=\"attachment-large size-large wp-image-3336\" alt=\"\" srcset=\"https:\/\/luciaprajisteanu.ro\/wp-content\/uploads\/2025\/08\/ww.png 900w, https:\/\/luciaprajisteanu.ro\/wp-content\/uploads\/2025\/08\/ww-300x225.png 300w, https:\/\/luciaprajisteanu.ro\/wp-content\/uploads\/2025\/08\/ww-768x576.png 768w\" sizes=\"(max-width: 900px) 100vw, 900px\" \/>\t\t\t\t\t\t\t\t\t\t\t\t\t\t\t<\/div>\n\t\t\t\t<\/div>\n\t\t\t\t<\/div>\n\t\t<div class=\"elementor-element elementor-element-9935be7 e-con-full e-flex e-con e-child\" data-id=\"9935be7\" data-element_type=\"container\">\n\t\t\t\t<div class=\"elementor-element elementor-element-c6ad3ea elementor-widget elementor-widget-heading\" data-id=\"c6ad3ea\" data-element_type=\"widget\" data-widget_type=\"heading.default\">\n\t\t\t\t<div class=\"elementor-widget-container\">\n\t\t\t\t\t<h2 class=\"elementor-heading-title elementor-size-default\">LAMINOR WINTER WONDERLAND\n<\/h2>\t\t\t\t<\/div>\n\t\t\t\t<\/div>\n\t\t\t\t<div class=\"elementor-element elementor-element-1919828 elementor-widget elementor-widget-text-editor\" data-id=\"1919828\" data-element_type=\"widget\" data-widget_type=\"text-editor.default\">\n\t\t\t\t<div class=\"elementor-widget-container\">\n\t\t\t\t\t\t\t\t\t<p>Un t\u0103r\u00e2m de iarn\u0103 spectaculos, amenajat at\u00e2t la interior, c\u00e2t \u0219i la exterior, unde cinci zone tematice transform\u0103 Hala Laminor \u00eentr-o experien\u021b\u0103 de s\u0103rb\u0103tori pentru toat\u0103 familia.<\/p>\t\t\t\t\t\t\t\t<\/div>\n\t\t\t\t<\/div>\n\t\t\t\t<\/div>\n\t\t\t\t\t<\/div>\n\t\t\t\t<\/div>\n\t\t<div class=\"elementor-element elementor-element-80ff58a e-flex e-con-boxed e-con e-parent\" data-id=\"80ff58a\" data-element_type=\"container\">\n\t\t\t\t\t<div class=\"e-con-inner\">\n\t\t\t\t<div class=\"elementor-element elementor-element-21bf78d elementor-widget elementor-widget-heading\" data-id=\"21bf78d\" data-element_type=\"widget\" data-widget_type=\"heading.default\">\n\t\t\t\t<div class=\"elementor-widget-container\">\n\t\t\t\t\t<h2 class=\"elementor-heading-title elementor-size-default\">CUM A CONTRIBUIT BRITTA <br> TRADING LA MAGIA DE LA LAMINOR\n<\/h2>\t\t\t\t<\/div>\n\t\t\t\t<\/div>\n\t\t\t\t<div class=\"elementor-element elementor-element-39505f3 elementor-widget__width-initial elementor-widget elementor-widget-text-editor\" data-id=\"39505f3\" data-element_type=\"widget\" data-widget_type=\"text-editor.default\">\n\t\t\t\t<div class=\"elementor-widget-container\">\n\t\t\t\t\t\t\t\t\t<p>\u201ePentru mine, fiecare proiect este o ocazie s\u0103 aduc un strop de magie acolo unde oamenii vin s\u0103 se bucure \u00eempreun\u0103. La Laminor Winter Wonderland am ales s\u0103 contribuim cu o atrac\u021bie emblematic\u0103, potrivit\u0103 pentru toate v\u00e2rstele: roata panoramic\u0103 de 30 de metri\u201d (Lucia Pr\u0103ji\u0219teanu).<\/p>\t\t\t\t\t\t\t\t<\/div>\n\t\t\t\t<\/div>\n\t\t\t\t<div class=\"elementor-element elementor-element-be23254 elementor-widget elementor-widget-gallery\" data-id=\"be23254\" data-element_type=\"widget\" data-settings=\"{&quot;lazyload&quot;:&quot;yes&quot;,&quot;gallery_layout&quot;:&quot;grid&quot;,&quot;columns&quot;:4,&quot;columns_tablet&quot;:2,&quot;columns_mobile&quot;:1,&quot;gap&quot;:{&quot;unit&quot;:&quot;px&quot;,&quot;size&quot;:10,&quot;sizes&quot;:[]},&quot;gap_tablet&quot;:{&quot;unit&quot;:&quot;px&quot;,&quot;size&quot;:10,&quot;sizes&quot;:[]},&quot;gap_mobile&quot;:{&quot;unit&quot;:&quot;px&quot;,&quot;size&quot;:10,&quot;sizes&quot;:[]},&quot;aspect_ratio&quot;:&quot;3:2&quot;,&quot;content_hover_animation&quot;:&quot;fade-in&quot;}\" data-widget_type=\"gallery.default\">\n\t\t\t\t<div class=\"elementor-widget-container\">\n\t\t\t\t\t\t\t<div class=\"elementor-gallery__container\">\n\t\t\t\t\t\t\t<div class=\"e-gallery-item elementor-gallery-item elementor-animated-content\">\n\t\t\t\t\t<div class=\"e-gallery-image elementor-gallery-item__image\" data-thumbnail=\"https:\/\/luciaprajisteanu.ro\/wp-content\/uploads\/2025\/08\/WhatsApp-Image-2025-08-11-at-13.35.57_48557230-768x1365.jpg\" data-width=\"768\" data-height=\"1365\" aria-label=\"\" role=\"img\" ><\/div>\n\t\t\t\t\t\t\t\t\t\t\t\t\t\t<\/div>\n\t\t\t\t\t\t\t<div class=\"e-gallery-item elementor-gallery-item elementor-animated-content\">\n\t\t\t\t\t<div class=\"e-gallery-image elementor-gallery-item__image\" data-thumbnail=\"https:\/\/luciaprajisteanu.ro\/wp-content\/uploads\/2025\/08\/WhatsApp-Image-2025-08-11-at-13.35.58_a964f44a-768x1365.jpg\" data-width=\"768\" data-height=\"1365\" aria-label=\"Pasaj luminat cu instala\u021bii colorate \u0219i decoruri str\u0103lucitoare la Magic City Bucure\u0219ti, experien\u021b\u0103 nocturn\u0103 spectaculoas\u0103 pentru vizitatori\" role=\"img\" ><\/div>\n\t\t\t\t\t\t\t\t\t\t\t\t\t\t<\/div>\n\t\t\t\t\t\t\t<div class=\"e-gallery-item elementor-gallery-item elementor-animated-content\">\n\t\t\t\t\t<div class=\"e-gallery-image elementor-gallery-item__image\" data-thumbnail=\"https:\/\/luciaprajisteanu.ro\/wp-content\/uploads\/2025\/08\/WhatsApp-Image-2025-08-11-at-13.35.57_d052ec06-768x1365.jpg\" data-width=\"768\" data-height=\"1365\" aria-label=\"Roata Mare str\u0103lucitoare pe timp de noapte la Laminor Wonderland Bucure\u0219ti, atrac\u021bie spectaculoas\u0103 pentru vizitatori\" role=\"img\" ><\/div>\n\t\t\t\t\t\t\t\t\t\t\t\t\t\t<\/div>\n\t\t\t\t\t\t\t<div class=\"e-gallery-item elementor-gallery-item elementor-animated-content\">\n\t\t\t\t\t<div class=\"e-gallery-image elementor-gallery-item__image\" data-thumbnail=\"https:\/\/luciaprajisteanu.ro\/wp-content\/uploads\/2025\/08\/WhatsApp-Image-2025-08-11-at-13.35.58_8fbb6692-768x1024.jpg\" data-width=\"768\" data-height=\"1024\" aria-label=\"Copil pe biciclet\u0103 \u00een fa\u021ba Ro\u021bii Mari de la Laminor Wonderland Bucure\u0219ti, atrac\u021bie de sezon pentru vizitatori\" role=\"img\" ><\/div>\n\t\t\t\t\t\t\t\t\t\t\t\t\t\t<\/div>\n\t\t\t\t\t<\/div>\n\t\t\t\t\t<\/div>\n\t\t\t\t<\/div>\n\t\t\t\t\t<\/div>\n\t\t\t\t<\/div>\n\t\t<div class=\"elementor-element elementor-element-45a5a72 e-flex e-con-boxed e-con e-parent\" data-id=\"45a5a72\" data-element_type=\"container\">\n\t\t\t\t\t<div class=\"e-con-inner\">\n\t\t<div class=\"elementor-element elementor-element-7da5f00 e-con-full e-flex e-con e-child\" data-id=\"7da5f00\" data-element_type=\"container\">\n\t\t\t\t<div class=\"elementor-element elementor-element-870852e elementor-widget elementor-widget-heading\" data-id=\"870852e\" data-element_type=\"widget\" data-widget_type=\"heading.default\">\n\t\t\t\t<div class=\"elementor-widget-container\">\n\t\t\t\t\t<h2 class=\"elementor-heading-title elementor-size-default\">ATRAC\u021aII \u0218I TEME<\/h2>\t\t\t\t<\/div>\n\t\t\t\t<\/div>\n\t\t<div class=\"elementor-element elementor-element-748227d e-con-full e-flex e-con e-child\" data-id=\"748227d\" data-element_type=\"container\">\n\t\t\t\t<div class=\"elementor-element elementor-element-d39a2e7 elementor-widget elementor-widget-text-editor\" data-id=\"d39a2e7\" data-element_type=\"widget\" data-widget_type=\"text-editor.default\">\n\t\t\t\t<div class=\"elementor-widget-container\">\n\t\t\t\t\t\t\t\t\t<div>T\u00e2rgul din 2024 a fost \u00eemp\u0103r\u021bit \u00een cinci t\u0103r\u00e2muri de poveste:<\/div><div>\u2022 North Pole<\/div><div>\u2022 Magic Forest<\/div><div>\u2022 Tropical Xmas (cu palmieri)<\/div><div>\u2022 Circus Xmas<\/div><div>\u2022 Iceland<\/div>\t\t\t\t\t\t\t\t<\/div>\n\t\t\t\t<\/div>\n\t\t\t\t<div class=\"elementor-element elementor-element-bb9fcb5 elementor-widget elementor-widget-text-editor\" data-id=\"bb9fcb5\" data-element_type=\"widget\" data-widget_type=\"text-editor.default\">\n\t\t\t\t<div class=\"elementor-widget-container\">\n\t\t\t\t\t\t\t\t\t<div>Pe l\u00e2ng\u0103 acestea, vizitatorii s-au putut bucura de:<\/div><div>\u2022Roata panoramic\u0103 de 30 m adusa de Britta Trading \u2013 punct de belvedere asupra \u00eentregului t\u00e2rg.<\/div><div>\u2022O statuie de Mo\u0219 Cr\u0103ciun de aproape 9 metri.<\/div><div>\u2022Patinoar \u00een aer liber.<\/div>\t\t\t\t\t\t\t\t<\/div>\n\t\t\t\t<\/div>\n\t\t\t\t<\/div>\n\t\t\t\t<\/div>\n\t\t<div class=\"elementor-element elementor-element-3cfc349 e-con-full e-flex e-con e-child\" data-id=\"3cfc349\" data-element_type=\"container\" data-settings=\"{&quot;background_background&quot;:&quot;classic&quot;}\">\n\t\t\t\t<div class=\"elementor-element elementor-element-4253ec7 elementor-widget elementor-widget-image\" data-id=\"4253ec7\" data-element_type=\"widget\" data-widget_type=\"image.default\">\n\t\t\t\t<div class=\"elementor-widget-container\">\n\t\t\t\t\t\t\t\t\t\t\t\t\t\t\t<img decoding=\"async\" width=\"1024\" height=\"577\" src=\"https:\/\/luciaprajisteanu.ro\/wp-content\/uploads\/2025\/08\/WhatsApp-Image-2025-08-11-at-13.35.58_e80399d9-1024x577.jpg\" class=\"attachment-large size-large wp-image-3338\" alt=\"Vizitatori la Laminor Wonderland Bucure\u0219ti, sub luminile festive, \u00een fa\u021ba atrac\u021biei Music Power \u0219i a Ro\u021bii Mari\" srcset=\"https:\/\/luciaprajisteanu.ro\/wp-content\/uploads\/2025\/08\/WhatsApp-Image-2025-08-11-at-13.35.58_e80399d9-1024x577.jpg 1024w, https:\/\/luciaprajisteanu.ro\/wp-content\/uploads\/2025\/08\/WhatsApp-Image-2025-08-11-at-13.35.58_e80399d9-300x169.jpg 300w, https:\/\/luciaprajisteanu.ro\/wp-content\/uploads\/2025\/08\/WhatsApp-Image-2025-08-11-at-13.35.58_e80399d9-768x433.jpg 768w, https:\/\/luciaprajisteanu.ro\/wp-content\/uploads\/2025\/08\/WhatsApp-Image-2025-08-11-at-13.35.58_e80399d9.jpg 1200w\" sizes=\"(max-width: 1024px) 100vw, 1024px\" \/>\t\t\t\t\t\t\t\t\t\t\t\t\t\t\t<\/div>\n\t\t\t\t<\/div>\n\t\t\t\t<\/div>\n\t\t\t\t\t<\/div>\n\t\t\t\t<\/div>\n\t\t<div class=\"elementor-element elementor-element-8e31ce2 e-flex e-con-boxed e-con e-parent\" data-id=\"8e31ce2\" data-element_type=\"container\">\n\t\t\t\t\t<div class=\"e-con-inner\">\n\t\t\t\t<div class=\"elementor-element elementor-element-29e72aa elementor-widget elementor-widget-heading\" data-id=\"29e72aa\" data-element_type=\"widget\" data-widget_type=\"heading.default\">\n\t\t\t\t<div class=\"elementor-widget-container\">\n\t\t\t\t\t<h2 class=\"elementor-heading-title elementor-size-default\">O EXPERIEN\u021a\u0102 COMPLET\u0102\n<\/h2>\t\t\t\t<\/div>\n\t\t\t\t<\/div>\n\t\t\t\t<div class=\"elementor-element elementor-element-1608196 elementor-widget__width-initial elementor-widget elementor-widget-text-editor\" data-id=\"1608196\" data-element_type=\"widget\" data-widget_type=\"text-editor.default\">\n\t\t\t\t<div class=\"elementor-widget-container\">\n\t\t\t\t\t\t\t\t\t<p>Fiecare t\u0103r\u00e2m a avut decoruri tematice, zone foto \u0219i elemente inspirate din marile t\u00e2rguri europene. \u00cen aer se sim\u021bea mirosul de vin fiert, scor\u021bi\u0219oar\u0103 \u0219i castane coapte, complet\u00e2nd atmosfera\u00a0festiv\u0103.<\/p>\t\t\t\t\t\t\t\t<\/div>\n\t\t\t\t<\/div>\n\t\t\t\t\t<\/div>\n\t\t\t\t<\/div>\n\t\t\t\t<\/div>\n\t\t","protected":false},"excerpt":{"rendered":"<p>LAMINOR WINTER WONDERLAND Un t\u0103r\u00e2m de iarn\u0103 spectaculos, amenajat at\u00e2t la interior, c\u00e2t \u0219i la exterior, unde cinci zone tematice transform\u0103 Hala Laminor \u00eentr-o experien\u021b\u0103 de s\u0103rb\u0103tori pentru toat\u0103 familia. CUM A CONTRIBUIT BRITTA TRADING LA MAGIA DE LA LAMINOR \u201ePentru mine, fiecare proiect este o ocazie s\u0103 aduc un strop de magie acolo unde [&hellip;]<\/p>\n","protected":false},"author":1,"featured_media":0,"parent":0,"menu_order":0,"comment_status":"closed","ping_status":"closed","template":"","meta":{"footnotes":""},"class_list":["post-3327","page","type-page","status-publish","hentry"],"blocksy_meta":{"has_hero_section":"disabled","vertical_spacing_source":"custom","content_area_spacing":"none","styles_descriptor":{"styles":{"desktop":"","tablet":"","mobile":""},"google_fonts":[],"version":6}},"_links":{"self":[{"href":"https:\/\/luciaprajisteanu.ro\/index.php?rest_route=\/wp\/v2\/pages\/3327","targetHints":{"allow":["GET"]}}],"collection":[{"href":"https:\/\/luciaprajisteanu.ro\/index.php?rest_route=\/wp\/v2\/pages"}],"about":[{"href":"https:\/\/luciaprajisteanu.ro\/index.php?rest_route=\/wp\/v2\/types\/page"}],"author":[{"embeddable":true,"href":"https:\/\/luciaprajisteanu.ro\/index.php?rest_route=\/wp\/v2\/users\/1"}],"replies":[{"embeddable":true,"href":"https:\/\/luciaprajisteanu.ro\/index.php?rest_route=%2Fwp%2Fv2%2Fcomments&post=3327"}],"version-history":[{"count":7,"href":"https:\/\/luciaprajisteanu.ro\/index.php?rest_route=\/wp\/v2\/pages\/3327\/revisions"}],"predecessor-version":[{"id":3350,"href":"https:\/\/luciaprajisteanu.ro\/index.php?rest_route=\/wp\/v2\/pages\/3327\/revisions\/3350"}],"wp:attachment":[{"href":"https:\/\/luciaprajisteanu.ro\/index.php?rest_route=%2Fwp%2Fv2%2Fmedia&parent=3327"}],"curies":[{"name":"wp","href":"https:\/\/api.w.org\/{rel}","templated":true}]}}