{"id":2839,"date":"2025-07-24T07:54:19","date_gmt":"2025-07-24T07:54:19","guid":{"rendered":"https:\/\/luciaprajisteanu.ro\/?page_id=2839"},"modified":"2025-08-08T12:11:57","modified_gmt":"2025-08-08T12:11:57","slug":"targul-de-craciun-craiova","status":"publish","type":"page","link":"https:\/\/luciaprajisteanu.ro\/?page_id=2839","title":{"rendered":"T\u00e2rgul de Cr\u0103ciun Craiova"},"content":{"rendered":"\t\t<div data-elementor-type=\"wp-page\" data-elementor-id=\"2839\" class=\"elementor elementor-2839\" data-elementor-post-type=\"page\">\n\t\t\t\t<div class=\"elementor-element elementor-element-565b34e e-flex e-con-boxed e-con e-parent\" data-id=\"565b34e\" data-element_type=\"container\" data-settings=\"{&quot;background_background&quot;:&quot;classic&quot;,&quot;shape_divider_bottom&quot;:&quot;mountains&quot;}\">\n\t\t\t\t\t<div class=\"e-con-inner\">\n\t\t\t\t<div class=\"elementor-shape elementor-shape-bottom\" aria-hidden=\"true\" data-negative=\"false\">\n\t\t\t<svg xmlns=\"http:\/\/www.w3.org\/2000\/svg\" viewBox=\"0 0 1000 100\" preserveAspectRatio=\"none\">\n\t<path class=\"elementor-shape-fill\" opacity=\"0.33\" d=\"M473,67.3c-203.9,88.3-263.1-34-320.3,0C66,119.1,0,59.7,0,59.7V0h1000v59.7 c0,0-62.1,26.1-94.9,29.3c-32.8,3.3-62.8-12.3-75.8-22.1C806,49.6,745.3,8.7,694.9,4.7S492.4,59,473,67.3z\"\/>\n\t<path class=\"elementor-shape-fill\" opacity=\"0.66\" d=\"M734,67.3c-45.5,0-77.2-23.2-129.1-39.1c-28.6-8.7-150.3-10.1-254,39.1 s-91.7-34.4-149.2,0C115.7,118.3,0,39.8,0,39.8V0h1000v36.5c0,0-28.2-18.5-92.1-18.5C810.2,18.1,775.7,67.3,734,67.3z\"\/>\n\t<path class=\"elementor-shape-fill\" d=\"M766.1,28.9c-200-57.5-266,65.5-395.1,19.5C242,1.8,242,5.4,184.8,20.6C128,35.8,132.3,44.9,89.9,52.5C28.6,63.7,0,0,0,0 h1000c0,0-9.9,40.9-83.6,48.1S829.6,47,766.1,28.9z\"\/>\n<\/svg>\t\t<\/div>\n\t\t<div class=\"elementor-element elementor-element-44f304d e-con-full e-flex e-con e-child\" data-id=\"44f304d\" data-element_type=\"container\">\n\t\t\t\t<div class=\"elementor-element elementor-element-52d64e8 elementor-invisible elementor-widget elementor-widget-heading\" data-id=\"52d64e8\" data-element_type=\"widget\" data-settings=\"{&quot;_animation&quot;:&quot;fadeIn&quot;}\" data-widget_type=\"heading.default\">\n\t\t\t\t<div class=\"elementor-widget-container\">\n\t\t\t\t\t<h2 class=\"elementor-heading-title elementor-size-default\">T\u0103rgul de Cr\u0103ciun <\/h2>\t\t\t\t<\/div>\n\t\t\t\t<\/div>\n\t\t\t\t<div class=\"elementor-element elementor-element-9f378d1 elementor-widget__width-initial elementor-widget-mobile__width-inherit elementor-invisible elementor-widget elementor-widget-text-editor\" data-id=\"9f378d1\" data-element_type=\"widget\" data-settings=\"{&quot;_animation&quot;:&quot;fadeIn&quot;,&quot;_animation_delay&quot;:200}\" data-widget_type=\"text-editor.default\">\n\t\t\t\t<div class=\"elementor-widget-container\">\n\t\t\t\t\t\t\t\t\t<p>Un t\u0103r\u00e2m feeric unde povestea s\u0103rb\u0103torilor prinde contur, iar fiecare decor, lumin\u0103 \u0219i col\u021b de distrac\u021bie creeaz\u0103 o experien\u021b\u0103 de neuitat pentru \u00eentreaga familie.<\/p>\t\t\t\t\t\t\t\t<\/div>\n\t\t\t\t<\/div>\n\t\t<div class=\"elementor-element elementor-element-da42be2 e-con-full e-flex e-con e-child\" data-id=\"da42be2\" data-element_type=\"container\">\n\t\t\t\t<div class=\"elementor-element elementor-element-c48ebd0 elementor-invisible elementor-widget elementor-widget-button\" data-id=\"c48ebd0\" data-element_type=\"widget\" data-settings=\"{&quot;_animation&quot;:&quot;fadeIn&quot;}\" data-widget_type=\"button.default\">\n\t\t\t\t<div class=\"elementor-widget-container\">\n\t\t\t\t\t\t\t\t\t<div class=\"elementor-button-wrapper\">\n\t\t\t\t\t<a class=\"elementor-button elementor-button-link elementor-size-sm elementor-animation-shrink\" href=\"#concepts\">\n\t\t\t\t\t\t<span class=\"elementor-button-content-wrapper\">\n\t\t\t\t\t\t\t\t\t<span class=\"elementor-button-text\">Concept<\/span>\n\t\t\t\t\t<\/span>\n\t\t\t\t\t<\/a>\n\t\t\t\t<\/div>\n\t\t\t\t\t\t\t\t<\/div>\n\t\t\t\t<\/div>\n\t\t\t\t<div class=\"elementor-element elementor-element-6da0f2e elementor-invisible elementor-widget elementor-widget-button\" data-id=\"6da0f2e\" data-element_type=\"widget\" data-settings=\"{&quot;_animation&quot;:&quot;fadeIn&quot;}\" data-widget_type=\"button.default\">\n\t\t\t\t<div class=\"elementor-widget-container\">\n\t\t\t\t\t\t\t\t\t<div class=\"elementor-button-wrapper\">\n\t\t\t\t\t<a class=\"elementor-button elementor-button-link elementor-size-sm elementor-animation-shrink\" href=\"#galeries\">\n\t\t\t\t\t\t<span class=\"elementor-button-content-wrapper\">\n\t\t\t\t\t\t\t\t\t<span class=\"elementor-button-text\">Galerie<\/span>\n\t\t\t\t\t<\/span>\n\t\t\t\t\t<\/a>\n\t\t\t\t<\/div>\n\t\t\t\t\t\t\t\t<\/div>\n\t\t\t\t<\/div>\n\t\t\t\t<\/div>\n\t\t\t\t<\/div>\n\t\t\t\t\t<\/div>\n\t\t\t\t<\/div>\n\t\t<div class=\"elementor-element elementor-element-97e6fde e-flex e-con-boxed e-con e-parent\" data-id=\"97e6fde\" data-element_type=\"container\">\n\t\t\t\t\t<div class=\"e-con-inner\">\n\t\t\t\t<div class=\"elementor-element elementor-element-9fcbb60 elementor-widget__width-initial elementor-invisible elementor-widget elementor-widget-image\" data-id=\"9fcbb60\" data-element_type=\"widget\" data-settings=\"{&quot;_animation&quot;:&quot;fadeInLeft&quot;}\" data-widget_type=\"image.default\">\n\t\t\t\t<div class=\"elementor-widget-container\">\n\t\t\t\t\t\t\t\t\t\t\t\t\t\t\t<img fetchpriority=\"high\" decoding=\"async\" width=\"900\" height=\"1200\" src=\"https:\/\/luciaprajisteanu.ro\/wp-content\/uploads\/2025\/03\/sl11.png\" class=\"attachment-full size-full wp-image-1773\" alt=\"\" srcset=\"https:\/\/luciaprajisteanu.ro\/wp-content\/uploads\/2025\/03\/sl11.png 900w, https:\/\/luciaprajisteanu.ro\/wp-content\/uploads\/2025\/03\/sl11-225x300.png 225w, https:\/\/luciaprajisteanu.ro\/wp-content\/uploads\/2025\/03\/sl11-768x1024.png 768w\" sizes=\"(max-width: 900px) 100vw, 900px\" \/>\t\t\t\t\t\t\t\t\t\t\t\t\t\t\t<\/div>\n\t\t\t\t<\/div>\n\t\t<div class=\"elementor-element elementor-element-c6c5359 e-con-full e-flex e-con e-child\" data-id=\"c6c5359\" data-element_type=\"container\">\n\t\t\t\t<div class=\"elementor-element elementor-element-64dd307 elementor-align-left elementor-invisible elementor-widget elementor-widget-button\" data-id=\"64dd307\" data-element_type=\"widget\" data-settings=\"{&quot;_animation&quot;:&quot;fadeIn&quot;}\" data-widget_type=\"button.default\">\n\t\t\t\t<div class=\"elementor-widget-container\">\n\t\t\t\t\t\t\t\t\t<div class=\"elementor-button-wrapper\">\n\t\t\t\t\t<a class=\"elementor-button elementor-button-link elementor-size-sm\" href=\"#\">\n\t\t\t\t\t\t<span class=\"elementor-button-content-wrapper\">\n\t\t\t\t\t\t\t\t\t<span class=\"elementor-button-text\">Despre T\u0103rgul de Cr\u0103ciun Craiova<\/span>\n\t\t\t\t\t<\/span>\n\t\t\t\t\t<\/a>\n\t\t\t\t<\/div>\n\t\t\t\t\t\t\t\t<\/div>\n\t\t\t\t<\/div>\n\t\t\t\t<div class=\"elementor-element elementor-element-3867ab3 elementor-invisible elementor-widget elementor-widget-heading\" data-id=\"3867ab3\" data-element_type=\"widget\" data-settings=\"{&quot;_animation&quot;:&quot;fadeInRight&quot;}\" data-widget_type=\"heading.default\">\n\t\t\t\t<div class=\"elementor-widget-container\">\n\t\t\t\t\t<h2 class=\"elementor-heading-title elementor-size-default\">Spiritul Cr\u0103ciunului, transformat \u00eentr-o experien\u021b\u0103 de neuitat<\/h2>\t\t\t\t<\/div>\n\t\t\t\t<\/div>\n\t\t<div class=\"elementor-element elementor-element-ac4067e e-flex e-con-boxed e-con e-child\" data-id=\"ac4067e\" data-element_type=\"container\">\n\t\t\t\t\t<div class=\"e-con-inner\">\n\t\t<div class=\"elementor-element elementor-element-bacf5c5 e-con-full e-flex elementor-invisible e-con e-child\" data-id=\"bacf5c5\" data-element_type=\"container\" data-settings=\"{&quot;animation&quot;:&quot;fadeInRight&quot;,&quot;animation_delay&quot;:200}\">\n\t\t\t\t<div class=\"elementor-element elementor-element-3ed3265 elementor-widget elementor-widget-heading\" data-id=\"3ed3265\" data-element_type=\"widget\" data-widget_type=\"heading.default\">\n\t\t\t\t<div class=\"elementor-widget-container\">\n\t\t\t\t\t<h5 class=\"elementor-heading-title elementor-size-default\">Cum a \u00eenceput magia: o idee cu suflet de copil<\/h5>\t\t\t\t<\/div>\n\t\t\t\t<\/div>\n\t\t\t\t<div class=\"elementor-element elementor-element-658253c elementor-widget elementor-widget-text-editor\" data-id=\"658253c\" data-element_type=\"widget\" data-widget_type=\"text-editor.default\">\n\t\t\t\t<div class=\"elementor-widget-container\">\n\t\t\t\t\t\t\t\t\t<p>\u201dSanta\u2019s Land s-a n\u0103scut din dorin\u021ba mea de a aduce magia Cr\u0103ciunului mai aproape de oameni \u2013 un loc \u00een care emo\u021bia, bucuria \u0219i leg\u0103tura dintre genera\u021bii s\u0103 prind\u0103 via\u021b\u0103. Inspira\u021bia a venit din t\u00e2rgurile de iarn\u0103 europene, dar \u0219i din amintirile copil\u0103riei mele \u2013 momente care m-au f\u0103cut s\u0103 visez la un univers festiv autentic, creat pentru \u00eentreaga familie\u201d (Lucia Pr\u0103ji\u0219teanu).<\/p>\t\t\t\t\t\t\t\t<\/div>\n\t\t\t\t<\/div>\n\t\t\t\t<\/div>\n\t\t\t\t\t<\/div>\n\t\t\t\t<\/div>\n\t\t<div class=\"elementor-element elementor-element-9a6c678 e-flex e-con-boxed e-con e-child\" data-id=\"9a6c678\" data-element_type=\"container\">\n\t\t\t\t\t<div class=\"e-con-inner\">\n\t\t<div class=\"elementor-element elementor-element-675d373 e-con-full e-flex elementor-invisible e-con e-child\" data-id=\"675d373\" data-element_type=\"container\" data-settings=\"{&quot;animation&quot;:&quot;fadeInRight&quot;,&quot;animation_delay&quot;:400}\">\n\t\t\t\t<div class=\"elementor-element elementor-element-5c45074 elementor-widget elementor-widget-heading\" data-id=\"5c45074\" data-element_type=\"widget\" data-widget_type=\"heading.default\">\n\t\t\t\t<div class=\"elementor-widget-container\">\n\t\t\t\t\t<h5 class=\"elementor-heading-title elementor-size-default\">Inaugurat la T\u00e2rgul de Cr\u0103ciun de la Craiova<\/h5>\t\t\t\t<\/div>\n\t\t\t\t<\/div>\n\t\t\t\t<div class=\"elementor-element elementor-element-42c4e2f elementor-widget elementor-widget-text-editor\" data-id=\"42c4e2f\" data-element_type=\"widget\" data-widget_type=\"text-editor.default\">\n\t\t\t\t<div class=\"elementor-widget-container\">\n\t\t\t\t\t\t\t\t\t<p>Lucia Pr\u0103ji\u0219teanu a creat, special pentru T\u00e2rgul de Cr\u0103ciun de la Craiova, un concept nemaiv\u0103zut p\u00e2n\u0103 acum \u00een Rom\u00e2nia. Pe o suprafa\u021b\u0103 de aproape 5.000 de metri p\u0103tra\u021bi, a fost amplasat un mix de atrac\u021bii de poveste: o Roat\u0103 Panoramic\u0103 cu peste un milion de lumini\u021be, liftul lui Mo\u0219 Cr\u0103ciun, un tren care te transport\u0103 \u00een T\u0103r\u00e2mul Elfilor, un rollercoaster al lui Mo\u0219 Cr\u0103ciun tras de reni, bancheta rotitoare a lui Grinch, sania cu realitate virtual\u0103 care te duce \u00een \u021aara lui Mo\u0219 Cr\u0103ciun, un carusel vene\u021bian cu dou\u0103 etaje \u0219i ma\u0219inu\u021be tamponabile pe un patinoar artificial.<\/p>\t\t\t\t\t\t\t\t<\/div>\n\t\t\t\t<\/div>\n\t\t\t\t<\/div>\n\t\t\t\t\t<\/div>\n\t\t\t\t<\/div>\n\t\t\t\t<\/div>\n\t\t\t\t\t<\/div>\n\t\t\t\t<\/div>\n\t\t<div class=\"elementor-element elementor-element-abf9c57 e-flex e-con-boxed e-con e-parent\" data-id=\"abf9c57\" data-element_type=\"container\">\n\t\t\t\t\t<div class=\"e-con-inner\">\n\t\t<div class=\"elementor-element elementor-element-b2ec6a9 e-con-full e-flex elementor-invisible e-con e-child\" data-id=\"b2ec6a9\" data-element_type=\"container\" data-settings=\"{&quot;animation&quot;:&quot;fadeIn&quot;}\">\n\t\t\t\t<div class=\"elementor-element elementor-element-b2e2435 elementor-widget elementor-widget-heading\" data-id=\"b2e2435\" data-element_type=\"widget\" data-widget_type=\"heading.default\">\n\t\t\t\t<div class=\"elementor-widget-container\">\n\t\t\t\t\t<h2 class=\"elementor-heading-title elementor-size-default\">FENOMENUL FLYING SANTA<\/h2>\t\t\t\t<\/div>\n\t\t\t\t<\/div>\n\t\t\t\t<div class=\"elementor-element elementor-element-521600a elementor-widget elementor-widget-text-editor\" data-id=\"521600a\" data-element_type=\"widget\" data-widget_type=\"text-editor.default\">\n\t\t\t\t<div class=\"elementor-widget-container\">\n\t\t\t\t\t\t\t\t\t<p>Flying Santa, atrac\u021bia fenomen a T\u00e2rgului de Cr\u0103ciun de la <a href=\"https:\/\/adpm.ro\/deschidere-impresionanta-a-targului-de-craciun-de-la-craiova\/\" target=\"_blank\" rel=\"noopener\">Craiova<\/a>, a devenit viral\u0103 pe internet, nu doar \u00een Rom\u00e2nia, ci \u0219i peste hotare. Filmule\u021bele cu Mo\u0219 Cr\u0103ciun zbur\u00e2nd \u00een sania tras\u0103 de reni deasupra a 40.000 de oameni afla\u0163i \u00een Pia\u0163a Mihai Viteazul din <a href=\"https:\/\/adpm.ro\/se-inaugureaza-santas-land-la-targul-de-craciun-de-la-craiova\/\" target=\"_blank\" rel=\"noopener\">Craiova<\/a>, \u00eentr-o ploaie de artificii, au adunat peste 600.000 de impresii pe Instagram \u0219i 1,8 milioane de vizualiz\u0103ri pe TikTok \u00een doar c\u00e2teva zile \u0219i au pus Craiova pe harta celor mai spectaculoase t\u00e2rguri de Cr\u0103ciun \u00een Europa.<\/p><p>\u201eA fost o real\u0103 provocare aducerea conceptului Flying Santa \u00een Rom\u00e2nia, fiind o mare cerere pentru furnizor din partea mai multor \u021b\u0103ri. P\u00e2n\u0103 \u0219i organizatorii t\u00e2rgurilor de Cr\u0103ciun de la Londra sau Stockholm \u0219i-au dorit aceast\u0103 atrac\u021bie, \u00eens\u0103 iat\u0103 c\u0103 am reu\u0219it s\u0103 o aduc la Craiova. Mo\u0219ul din sanie este real \u0219i sunt pu\u021bine persoane antrenate \u0219i specializate pentru o asemenea cascadorie. Fiind la \u00een\u0103l\u021bime, se iau m\u0103suri de siguran\u021b\u0103 sporite, iar totul necesit\u0103 mult\u0103 grij\u0103 \u0219i profesionalism. \u00cen plus, au fost ridicate construc\u021bii speciale pentru sus\u021binerea saniei, rezult\u00e2nd un show cu adev\u0103rat impresionant ce st\u00e2rne\u0219te emo\u021bii puternice \u00een r\u00e2ndul vizitatorilor\u201d (Lucia Pr\u0103ji\u0219teanu).<\/p>\t\t\t\t\t\t\t\t<\/div>\n\t\t\t\t<\/div>\n\t\t<div class=\"elementor-element elementor-element-27e91d8 e-con-full e-flex e-con e-child\" data-id=\"27e91d8\" data-element_type=\"container\">\n\t\t\t\t<div class=\"elementor-element elementor-element-658b742 elementor-widget elementor-widget-counter\" data-id=\"658b742\" data-element_type=\"widget\" data-widget_type=\"counter.default\">\n\t\t\t\t<div class=\"elementor-widget-container\">\n\t\t\t\t\t\t\t<div class=\"elementor-counter\">\n\t\t\t<div class=\"elementor-counter-title\">Edi\u021bie organizat\u0103 <\/div>\t\t\t<div class=\"elementor-counter-number-wrapper\">\n\t\t\t\t<span class=\"elementor-counter-number-prefix\"><\/span>\n\t\t\t\t<span class=\"elementor-counter-number\" data-duration=\"2000\" data-to-value=\"1\" data-from-value=\"0\" data-delimiter=\",\">0<\/span>\n\t\t\t\t<span class=\"elementor-counter-number-suffix\">+<\/span>\n\t\t\t<\/div>\n\t\t<\/div>\n\t\t\t\t\t\t<\/div>\n\t\t\t\t<\/div>\n\t\t\t\t<div class=\"elementor-element elementor-element-fcfff83 elementor-widget elementor-widget-counter\" data-id=\"fcfff83\" data-element_type=\"widget\" data-widget_type=\"counter.default\">\n\t\t\t\t<div class=\"elementor-widget-container\">\n\t\t\t\t\t\t\t<div class=\"elementor-counter\">\n\t\t\t<div class=\"elementor-counter-title\">Vizitatori<\/div>\t\t\t<div class=\"elementor-counter-number-wrapper\">\n\t\t\t\t<span class=\"elementor-counter-number-prefix\"><\/span>\n\t\t\t\t<span class=\"elementor-counter-number\" data-duration=\"2000\" data-to-value=\"300000\" data-from-value=\"0\" data-delimiter=\",\">0<\/span>\n\t\t\t\t<span class=\"elementor-counter-number-suffix\">+<\/span>\n\t\t\t<\/div>\n\t\t<\/div>\n\t\t\t\t\t\t<\/div>\n\t\t\t\t<\/div>\n\t\t\t\t<\/div>\n\t\t\t\t<\/div>\n\t\t<div class=\"elementor-element elementor-element-a3773ed e-con-full e-flex elementor-invisible e-con e-child\" data-id=\"a3773ed\" data-element_type=\"container\" data-settings=\"{&quot;background_background&quot;:&quot;classic&quot;,&quot;animation&quot;:&quot;fadeInRight&quot;}\">\n\t\t\t\t<\/div>\n\t\t\t\t\t<\/div>\n\t\t\t\t<\/div>\n\t\t<div class=\"elementor-element elementor-element-053b313 animated-slow e-flex e-con-boxed elementor-invisible e-con e-parent\" data-id=\"053b313\" data-element_type=\"container\" data-settings=\"{&quot;animation&quot;:&quot;fadeIn&quot;}\">\n\t\t\t\t\t<div class=\"e-con-inner\">\n\t\t\t\t<div class=\"elementor-element elementor-element-ad27d92 elementor-widget elementor-widget-heading\" data-id=\"ad27d92\" data-element_type=\"widget\" data-widget_type=\"heading.default\">\n\t\t\t\t<div class=\"elementor-widget-container\">\n\t\t\t\t\t<h2 class=\"elementor-heading-title elementor-size-default\">Magia \u00een Imagini: Cr\u0103ciunul a <br> Prins Via\u021b\u0103 la Santa\u2019s Land<\/h2>\t\t\t\t<\/div>\n\t\t\t\t<\/div>\n\t\t\t\t<div class=\"elementor-element elementor-element-7a647da elementor-widget__width-initial elementor-widget elementor-widget-text-editor\" data-id=\"7a647da\" data-element_type=\"widget\" data-widget_type=\"text-editor.default\">\n\t\t\t\t<div class=\"elementor-widget-container\">\n\t\t\t\t\t\t\t\t\t<p>Fiecare col\u021b din Santa\u2019s Land a fost g\u00e2ndit ca o scen\u0103 desprins\u0103 dintr-o poveste \u2013 de la spectacolele cu Mo\u0219 Cr\u0103ciun \u0219i personaje fantastice, p\u00e2n\u0103 la decora\u021biunile luminoase \u0219i atrac\u021biile tematice. Imaginile surprind esen\u021ba unei lumi \u00een care Cr\u0103ciunul nu este doar o s\u0103rb\u0103toare, ci o experien\u021b\u0103 memorabil\u0103 pentru \u00eentreaga familie.<\/p>\t\t\t\t\t\t\t\t<\/div>\n\t\t\t\t<\/div>\n\t\t\t\t<div class=\"elementor-element elementor-element-0f1dbfb elementor-widget elementor-widget-gallery\" data-id=\"0f1dbfb\" data-element_type=\"widget\" data-settings=\"{&quot;lazyload&quot;:&quot;yes&quot;,&quot;gallery_layout&quot;:&quot;grid&quot;,&quot;columns&quot;:4,&quot;columns_tablet&quot;:2,&quot;columns_mobile&quot;:1,&quot;gap&quot;:{&quot;unit&quot;:&quot;px&quot;,&quot;size&quot;:10,&quot;sizes&quot;:[]},&quot;gap_tablet&quot;:{&quot;unit&quot;:&quot;px&quot;,&quot;size&quot;:10,&quot;sizes&quot;:[]},&quot;gap_mobile&quot;:{&quot;unit&quot;:&quot;px&quot;,&quot;size&quot;:10,&quot;sizes&quot;:[]},&quot;aspect_ratio&quot;:&quot;3:2&quot;,&quot;content_hover_animation&quot;:&quot;fade-in&quot;}\" data-widget_type=\"gallery.default\">\n\t\t\t\t<div class=\"elementor-widget-container\">\n\t\t\t\t\t\t\t<div class=\"elementor-gallery__container\">\n\t\t\t\t\t\t\t<div class=\"e-gallery-item elementor-gallery-item elementor-animated-content\">\n\t\t\t\t\t<div class=\"e-gallery-image elementor-gallery-item__image\" data-thumbnail=\"https:\/\/luciaprajisteanu.ro\/wp-content\/uploads\/2025\/07\/WhatsApp-Image-2025-07-17-at-17.00.40-768x512.jpeg\" data-width=\"768\" data-height=\"512\" aria-label=\"Copii \u00een sania lui Mo\u0219 Cr\u0103ciun, decor festiv cu elf luminos \u0219i panou Santa\u2019s Land, atrac\u021bie de Cr\u0103ciun pentru \u00eentreaga familie\" role=\"img\" ><\/div>\n\t\t\t\t\t\t\t\t\t\t\t\t\t\t<\/div>\n\t\t\t\t\t\t\t<div class=\"e-gallery-item elementor-gallery-item elementor-animated-content\">\n\t\t\t\t\t<div class=\"e-gallery-image elementor-gallery-item__image\" data-thumbnail=\"https:\/\/luciaprajisteanu.ro\/wp-content\/uploads\/2025\/03\/s3-768x576.png\" data-width=\"768\" data-height=\"576\" aria-label=\"\" role=\"img\" ><\/div>\n\t\t\t\t\t\t\t\t\t\t\t\t\t\t<\/div>\n\t\t\t\t\t\t\t<div class=\"e-gallery-item elementor-gallery-item elementor-animated-content\">\n\t\t\t\t\t<div class=\"e-gallery-image elementor-gallery-item__image\" data-thumbnail=\"https:\/\/luciaprajisteanu.ro\/wp-content\/uploads\/2025\/03\/s7-768x576.png\" data-width=\"768\" data-height=\"576\" aria-label=\"\" role=\"img\" ><\/div>\n\t\t\t\t\t\t\t\t\t\t\t\t\t\t<\/div>\n\t\t\t\t\t\t\t<div class=\"e-gallery-item elementor-gallery-item elementor-animated-content\">\n\t\t\t\t\t<div class=\"e-gallery-image elementor-gallery-item__image\" data-thumbnail=\"https:\/\/luciaprajisteanu.ro\/wp-content\/uploads\/2025\/03\/s4-768x576.png\" data-width=\"768\" data-height=\"576\" aria-label=\"\" role=\"img\" ><\/div>\n\t\t\t\t\t\t\t\t\t\t\t\t\t\t<\/div>\n\t\t\t\t\t\t\t<div class=\"e-gallery-item elementor-gallery-item elementor-animated-content\">\n\t\t\t\t\t<div class=\"e-gallery-image elementor-gallery-item__image\" data-thumbnail=\"https:\/\/luciaprajisteanu.ro\/wp-content\/uploads\/2025\/03\/s6-768x576.png\" data-width=\"768\" data-height=\"576\" aria-label=\"\" role=\"img\" ><\/div>\n\t\t\t\t\t\t\t\t\t\t\t\t\t\t<\/div>\n\t\t\t\t\t\t\t<div class=\"e-gallery-item elementor-gallery-item elementor-animated-content\">\n\t\t\t\t\t<div class=\"e-gallery-image elementor-gallery-item__image\" data-thumbnail=\"https:\/\/luciaprajisteanu.ro\/wp-content\/uploads\/2025\/08\/WhatsApp-Image-2025-08-06-at-09.02.07_0b23bcc3-768x611.jpg\" data-width=\"768\" data-height=\"611\" aria-label=\"Vizitatori \u00een sania ro\u0219ie decorativ\u0103 din Santa\u2019s Land Craiova, decor festiv de Cr\u0103ciun cu lumini \u0219i brad \u00eempodobit\" role=\"img\" ><\/div>\n\t\t\t\t\t\t\t\t\t\t\t\t\t\t<\/div>\n\t\t\t\t\t\t\t<div class=\"e-gallery-item elementor-gallery-item elementor-animated-content\">\n\t\t\t\t\t<div class=\"e-gallery-image elementor-gallery-item__image\" data-thumbnail=\"https:\/\/luciaprajisteanu.ro\/wp-content\/uploads\/2025\/03\/s2-768x576.png\" data-width=\"768\" data-height=\"576\" aria-label=\"\" role=\"img\" ><\/div>\n\t\t\t\t\t\t\t\t\t\t\t\t\t\t<\/div>\n\t\t\t\t\t\t\t<div class=\"e-gallery-item elementor-gallery-item elementor-animated-content\">\n\t\t\t\t\t<div class=\"e-gallery-image elementor-gallery-item__image\" data-thumbnail=\"https:\/\/luciaprajisteanu.ro\/wp-content\/uploads\/2025\/08\/WhatsApp-Image-2025-08-06-at-09.02.08_8b66bd12-768x559.jpg\" data-width=\"768\" data-height=\"559\" aria-label=\"Vizitatori la Santa\u2019s Land Craiova, \u00een fa\u021ba decorurilor de Cr\u0103ciun cu brad \u00eempodobit \u0219i Mo\u0219 Cr\u0103ciun pe motociclet\u0103, loc magic pentru \u00eentreaga familie\" role=\"img\" ><\/div>\n\t\t\t\t\t\t\t\t\t\t\t\t\t\t<\/div>\n\t\t\t\t\t\t\t<div class=\"e-gallery-item elementor-gallery-item elementor-animated-content\">\n\t\t\t\t\t<div class=\"e-gallery-image elementor-gallery-item__image\" data-thumbnail=\"https:\/\/luciaprajisteanu.ro\/wp-content\/uploads\/2025\/03\/s5-768x576.png\" data-width=\"768\" data-height=\"576\" aria-label=\"\" role=\"img\" ><\/div>\n\t\t\t\t\t\t\t\t\t\t\t\t\t\t<\/div>\n\t\t\t\t\t\t\t<div class=\"e-gallery-item elementor-gallery-item elementor-animated-content\">\n\t\t\t\t\t<div class=\"e-gallery-image elementor-gallery-item__image\" data-thumbnail=\"https:\/\/luciaprajisteanu.ro\/wp-content\/uploads\/2025\/03\/s8-768x576.png\" data-width=\"768\" data-height=\"576\" aria-label=\"\" role=\"img\" ><\/div>\n\t\t\t\t\t\t\t\t\t\t\t\t\t\t<\/div>\n\t\t\t\t\t\t\t<div class=\"e-gallery-item elementor-gallery-item elementor-animated-content\">\n\t\t\t\t\t<div class=\"e-gallery-image elementor-gallery-item__image\" data-thumbnail=\"https:\/\/luciaprajisteanu.ro\/wp-content\/uploads\/2025\/03\/s1-768x576.png\" data-width=\"768\" data-height=\"576\" aria-label=\"\" role=\"img\" ><\/div>\n\t\t\t\t\t\t\t\t\t\t\t\t\t\t<\/div>\n\t\t\t\t\t\t\t<div class=\"e-gallery-item elementor-gallery-item elementor-animated-content\">\n\t\t\t\t\t<div class=\"e-gallery-image elementor-gallery-item__image\" data-thumbnail=\"https:\/\/luciaprajisteanu.ro\/wp-content\/uploads\/2025\/07\/WhatsApp-Image-2025-07-17-at-17.00.23-768x1152.jpeg\" data-width=\"768\" data-height=\"1152\" aria-label=\"Roata Mare luminat\u0103 pe timp de noapte la Santa\u2019s Land, \u00eenconjurat\u0103 de sold\u0103\u021bei decorativi, acadele uria\u0219e \u0219i brazi \u00eempodobi\u021bi de s\u0103rb\u0103toare\" role=\"img\" ><\/div>\n\t\t\t\t\t\t\t\t\t\t\t\t\t\t<\/div>\n\t\t\t\t\t<\/div>\n\t\t\t\t\t<\/div>\n\t\t\t\t<\/div>\n\t\t\t\t\t<\/div>\n\t\t\t\t<\/div>\n\t\t\t\t<\/div>\n\t\t","protected":false},"excerpt":{"rendered":"<p>T\u0103rgul de Cr\u0103ciun Un t\u0103r\u00e2m feeric unde povestea s\u0103rb\u0103torilor prinde contur, iar fiecare decor, lumin\u0103 \u0219i col\u021b de distrac\u021bie creeaz\u0103 o experien\u021b\u0103 de neuitat pentru \u00eentreaga familie. Concept Galerie Despre T\u0103rgul de Cr\u0103ciun Craiova Spiritul Cr\u0103ciunului, transformat \u00eentr-o experien\u021b\u0103 de neuitat Cum a \u00eenceput magia: o idee cu suflet de copil \u201dSanta\u2019s Land s-a n\u0103scut [&hellip;]<\/p>\n","protected":false},"author":1,"featured_media":0,"parent":0,"menu_order":0,"comment_status":"closed","ping_status":"closed","template":"","meta":{"footnotes":""},"class_list":["post-2839","page","type-page","status-publish","hentry"],"blocksy_meta":{"has_hero_section":"disabled","vertical_spacing_source":"custom","content_area_spacing":"none","styles_descriptor":{"styles":{"desktop":"","tablet":"","mobile":""},"google_fonts":[],"version":6}},"_links":{"self":[{"href":"https:\/\/luciaprajisteanu.ro\/index.php?rest_route=\/wp\/v2\/pages\/2839","targetHints":{"allow":["GET"]}}],"collection":[{"href":"https:\/\/luciaprajisteanu.ro\/index.php?rest_route=\/wp\/v2\/pages"}],"about":[{"href":"https:\/\/luciaprajisteanu.ro\/index.php?rest_route=\/wp\/v2\/types\/page"}],"author":[{"embeddable":true,"href":"https:\/\/luciaprajisteanu.ro\/index.php?rest_route=\/wp\/v2\/users\/1"}],"replies":[{"embeddable":true,"href":"https:\/\/luciaprajisteanu.ro\/index.php?rest_route=%2Fwp%2Fv2%2Fcomments&post=2839"}],"version-history":[{"count":10,"href":"https:\/\/luciaprajisteanu.ro\/index.php?rest_route=\/wp\/v2\/pages\/2839\/revisions"}],"predecessor-version":[{"id":3273,"href":"https:\/\/luciaprajisteanu.ro\/index.php?rest_route=\/wp\/v2\/pages\/2839\/revisions\/3273"}],"wp:attachment":[{"href":"https:\/\/luciaprajisteanu.ro\/index.php?rest_route=%2Fwp%2Fv2%2Fmedia&parent=2839"}],"curies":[{"name":"wp","href":"https:\/\/api.w.org\/{rel}","templated":true}]}}