{"id":2823,"date":"2025-07-24T07:10:53","date_gmt":"2025-07-24T07:10:53","guid":{"rendered":"https:\/\/luciaprajisteanu.ro\/?page_id=2823"},"modified":"2025-08-24T16:04:53","modified_gmt":"2025-08-24T16:04:53","slug":"magic-city","status":"publish","type":"page","link":"https:\/\/luciaprajisteanu.ro\/?page_id=2823","title":{"rendered":"Magic City"},"content":{"rendered":"\t\t<div data-elementor-type=\"wp-page\" data-elementor-id=\"2823\" class=\"elementor elementor-2823\" data-elementor-post-type=\"page\">\n\t\t\t\t<div class=\"elementor-element elementor-element-40d1685 e-flex e-con-boxed e-con e-parent\" data-id=\"40d1685\" data-element_type=\"container\">\n\t\t\t\t\t<div class=\"e-con-inner\">\n\t\t<div class=\"elementor-element elementor-element-a880644 e-con-full e-flex e-con e-child\" data-id=\"a880644\" data-element_type=\"container\" data-settings=\"{&quot;background_background&quot;:&quot;classic&quot;}\">\n\t\t\t\t<div class=\"elementor-element elementor-element-0dfef1c elementor-widget elementor-widget-image\" data-id=\"0dfef1c\" data-element_type=\"widget\" data-widget_type=\"image.default\">\n\t\t\t\t<div class=\"elementor-widget-container\">\n\t\t\t\t\t\t\t\t\t\t\t\t\t\t\t<img fetchpriority=\"high\" decoding=\"async\" width=\"900\" height=\"675\" src=\"https:\/\/luciaprajisteanu.ro\/wp-content\/uploads\/2025\/07\/magic-city.png\" class=\"attachment-large size-large wp-image-2857\" alt=\"\" srcset=\"https:\/\/luciaprajisteanu.ro\/wp-content\/uploads\/2025\/07\/magic-city.png 900w, https:\/\/luciaprajisteanu.ro\/wp-content\/uploads\/2025\/07\/magic-city-300x225.png 300w, https:\/\/luciaprajisteanu.ro\/wp-content\/uploads\/2025\/07\/magic-city-768x576.png 768w\" sizes=\"(max-width: 900px) 100vw, 900px\" \/>\t\t\t\t\t\t\t\t\t\t\t\t\t\t\t<\/div>\n\t\t\t\t<\/div>\n\t\t\t\t<\/div>\n\t\t<div class=\"elementor-element elementor-element-9935be7 e-con-full e-flex e-con e-child\" data-id=\"9935be7\" data-element_type=\"container\">\n\t\t\t\t<div class=\"elementor-element elementor-element-c6ad3ea elementor-widget elementor-widget-heading\" data-id=\"c6ad3ea\" data-element_type=\"widget\" data-widget_type=\"heading.default\">\n\t\t\t\t<div class=\"elementor-widget-container\">\n\t\t\t\t\t<h2 class=\"elementor-heading-title elementor-size-default\">Magic City B\u0103neasa \u2013 Primul pas \u00eentr-o lume de poveste<\/h2>\t\t\t\t<\/div>\n\t\t\t\t<\/div>\n\t\t\t\t<div class=\"elementor-element elementor-element-1919828 elementor-widget elementor-widget-text-editor\" data-id=\"1919828\" data-element_type=\"widget\" data-widget_type=\"text-editor.default\">\n\t\t\t\t<div class=\"elementor-widget-container\">\n\t\t\t\t\t\t\t\t\t<p><b>Magic City B\u0103neasa<\/b><span style=\"font-weight: 400;\"> a fost creat cu g\u00e2ndul la cei mici \u0219i la nevoia unui spa\u021biu sigur, vesel \u0219i educativ \u00een care copiii s\u0103 se poat\u0103 juca, dezvolta armonios \u0219i bucura de timpul petrecut \u00eempreun\u0103 cu al\u021bi copii.<\/span><\/p><p><span style=\"font-weight: 400;\">\u00centr-o atmosfer\u0103 cald\u0103 \u0219i prietenoas\u0103, Magic City le ofer\u0103 micu\u021bilor aventuri interactive, jocuri captivante \u0219i un spa\u021biu sigur de explorare \u2013 toate g\u00e2ndite p\u00e2n\u0103 la cel mai mic detaliu pentru a aduce bucurie \u0219i relaxare at\u00e2t copiilor, c\u00e2t \u0219i p\u0103rin\u021bilor.<\/span><\/p>\t\t\t\t\t\t\t\t<\/div>\n\t\t\t\t<\/div>\n\t\t\t\t<\/div>\n\t\t\t\t\t<\/div>\n\t\t\t\t<\/div>\n\t\t<div class=\"elementor-element elementor-element-80ff58a e-flex e-con-boxed e-con e-parent\" data-id=\"80ff58a\" data-element_type=\"container\">\n\t\t\t\t\t<div class=\"e-con-inner\">\n\t\t\t\t<div class=\"elementor-element elementor-element-21bf78d elementor-widget elementor-widget-heading\" data-id=\"21bf78d\" data-element_type=\"widget\" data-widget_type=\"heading.default\">\n\t\t\t\t<div class=\"elementor-widget-container\">\n\t\t\t\t\t<h2 class=\"elementor-heading-title elementor-size-default\">Concepte dezvoltate:<\/h2>\t\t\t\t<\/div>\n\t\t\t\t<\/div>\n\t\t\t\t<div class=\"elementor-element elementor-element-39505f3 elementor-widget__width-initial elementor-widget elementor-widget-text-editor\" data-id=\"39505f3\" data-element_type=\"widget\" data-widget_type=\"text-editor.default\">\n\t\t\t\t<div class=\"elementor-widget-container\">\n\t\t\t\t\t\t\t\t\t<p><i><span style=\"font-weight: 400;\">Magic City Playground<\/span><\/i><span style=\"font-weight: 400;\"> \u2013 spa\u021biu de joac\u0103 complet echipat pentru indoor entertainment<\/span><\/p><p><i><span style=\"font-weight: 400;\">Children Rides Corner<\/span><\/i><span style=\"font-weight: 400;\"> \u2013 col\u021buri dedicate atrac\u021biilor mecanice pentru copii, integrate \u00een galerii comerciale<\/span><\/p>\t\t\t\t\t\t\t\t<\/div>\n\t\t\t\t<\/div>\n\t\t\t\t<div class=\"elementor-element elementor-element-be23254 elementor-widget elementor-widget-gallery\" data-id=\"be23254\" data-element_type=\"widget\" data-settings=\"{&quot;lazyload&quot;:&quot;yes&quot;,&quot;gallery_layout&quot;:&quot;grid&quot;,&quot;columns&quot;:4,&quot;columns_tablet&quot;:2,&quot;columns_mobile&quot;:1,&quot;gap&quot;:{&quot;unit&quot;:&quot;px&quot;,&quot;size&quot;:10,&quot;sizes&quot;:[]},&quot;gap_tablet&quot;:{&quot;unit&quot;:&quot;px&quot;,&quot;size&quot;:10,&quot;sizes&quot;:[]},&quot;gap_mobile&quot;:{&quot;unit&quot;:&quot;px&quot;,&quot;size&quot;:10,&quot;sizes&quot;:[]},&quot;aspect_ratio&quot;:&quot;3:2&quot;,&quot;content_hover_animation&quot;:&quot;fade-in&quot;}\" data-widget_type=\"gallery.default\">\n\t\t\t\t<div class=\"elementor-widget-container\">\n\t\t\t\t\t\t\t<div class=\"elementor-gallery__container\">\n\t\t\t\t\t\t\t<div class=\"e-gallery-item elementor-gallery-item elementor-animated-content\">\n\t\t\t\t\t<div class=\"e-gallery-image elementor-gallery-item__image\" data-thumbnail=\"https:\/\/luciaprajisteanu.ro\/wp-content\/uploads\/2025\/07\/4-1-768x576.png\" data-width=\"768\" data-height=\"576\" aria-label=\"Atrac\u021bia Mini Tower cu cabin\u0103 colorat\u0103 pentru copii, ridicare \u0219i cobor\u00e2re vertical\u0103 \u00eentr-un parc de distrac\u021bii, experien\u021b\u0103 sigur\u0103 \u0219i distractiv\u0103\" role=\"img\" ><\/div>\n\t\t\t\t\t\t\t\t\t\t\t\t\t\t<\/div>\n\t\t\t\t\t\t\t<div class=\"e-gallery-item elementor-gallery-item elementor-animated-content\">\n\t\t\t\t\t<div class=\"e-gallery-image elementor-gallery-item__image\" data-thumbnail=\"https:\/\/luciaprajisteanu.ro\/wp-content\/uploads\/2025\/07\/5-2-768x576.png\" data-width=\"768\" data-height=\"576\" aria-label=\"Copii juc\u00e2ndu-se cu animatori costuma\u021bi \u00een Spiderman \u0219i Superman \u00eentr-un loc de joac\u0103 interior, activit\u0103\u021bi interactive \u0219i distractive pentru cei mici\" role=\"img\" ><\/div>\n\t\t\t\t\t\t\t\t\t\t\t\t\t\t<\/div>\n\t\t\t\t\t\t\t<div class=\"e-gallery-item elementor-gallery-item elementor-animated-content\">\n\t\t\t\t\t<div class=\"e-gallery-image elementor-gallery-item__image\" data-thumbnail=\"https:\/\/luciaprajisteanu.ro\/wp-content\/uploads\/2025\/07\/2-1-768x576.png\" data-width=\"768\" data-height=\"576\" aria-label=\"\" role=\"img\" ><\/div>\n\t\t\t\t\t\t\t\t\t\t\t\t\t\t<\/div>\n\t\t\t\t\t\t\t<div class=\"e-gallery-item elementor-gallery-item elementor-animated-content\">\n\t\t\t\t\t<div class=\"e-gallery-image elementor-gallery-item__image\" data-thumbnail=\"https:\/\/luciaprajisteanu.ro\/wp-content\/uploads\/2025\/07\/3-1-768x576.png\" data-width=\"768\" data-height=\"576\" aria-label=\"Copii juc\u00e2ndu-se la mese de air hockey \u00eentr-o sal\u0103 de jocuri interioar\u0103, activitate distractiv\u0103 \u0219i interactiv\u0103 pentru toate v\u00e2rstele\" role=\"img\" ><\/div>\n\t\t\t\t\t\t\t\t\t\t\t\t\t\t<\/div>\n\t\t\t\t\t<\/div>\n\t\t\t\t\t<\/div>\n\t\t\t\t<\/div>\n\t\t\t\t\t<\/div>\n\t\t\t\t<\/div>\n\t\t<div class=\"elementor-element elementor-element-45a5a72 e-flex e-con-boxed e-con e-parent\" data-id=\"45a5a72\" data-element_type=\"container\">\n\t\t\t\t\t<div class=\"e-con-inner\">\n\t\t<div class=\"elementor-element elementor-element-7da5f00 e-con-full e-flex e-con e-child\" data-id=\"7da5f00\" data-element_type=\"container\">\n\t\t\t\t<div class=\"elementor-element elementor-element-870852e elementor-widget elementor-widget-heading\" data-id=\"870852e\" data-element_type=\"widget\" data-widget_type=\"heading.default\">\n\t\t\t\t<div class=\"elementor-widget-container\">\n\t\t\t\t\t<h2 class=\"elementor-heading-title elementor-size-default\">Ce ofeream:<\/h2>\t\t\t\t<\/div>\n\t\t\t\t<\/div>\n\t\t<div class=\"elementor-element elementor-element-748227d e-con-full e-flex e-con e-child\" data-id=\"748227d\" data-element_type=\"container\">\n\t\t\t\t<div class=\"elementor-element elementor-element-d39a2e7 elementor-widget elementor-widget-text-editor\" data-id=\"d39a2e7\" data-element_type=\"widget\" data-widget_type=\"text-editor.default\">\n\t\t\t\t<div class=\"elementor-widget-container\">\n\t\t\t\t\t\t\t\t\t<section><ul><li>Baby Parking<\/li><li>Arcade Games<\/li><li>\u2060Kiddie Rides Area<\/li><li>Bumper Cars<\/li><li>Carrousel<\/li><li>Toy Shop<\/li><li>Petreceri aniversare \u0219i pachete tematice<\/li><\/ul><\/section>\t\t\t\t\t\t\t\t<\/div>\n\t\t\t\t<\/div>\n\t\t\t\t<div class=\"elementor-element elementor-element-bb9fcb5 elementor-widget elementor-widget-text-editor\" data-id=\"bb9fcb5\" data-element_type=\"widget\" data-widget_type=\"text-editor.default\">\n\t\t\t\t<div class=\"elementor-widget-container\">\n\t\t\t\t\t\t\t\t\t<section>\n  <ul>\n    <li><strong>Loca\u021bie:<\/strong> B\u0103neasa Shopping City<\/li>\n    <li><strong>Inaugurare:<\/strong> 5 decembrie 2008<\/li>\n    <li><strong>Extindere:<\/strong> Carrefour Feeria B\u0103neasa \u2013 martie 2010<\/li>\n    <li><strong>Concept:<\/strong> Children Rides Corner<\/li>\n  <\/ul>\n<\/section>\t\t\t\t\t\t\t\t<\/div>\n\t\t\t\t<\/div>\n\t\t\t\t<\/div>\n\t\t\t\t<\/div>\n\t\t<div class=\"elementor-element elementor-element-3cfc349 e-con-full e-flex e-con e-child\" data-id=\"3cfc349\" data-element_type=\"container\" data-settings=\"{&quot;background_background&quot;:&quot;classic&quot;}\">\n\t\t\t\t<div class=\"elementor-element elementor-element-4253ec7 elementor-widget elementor-widget-image\" data-id=\"4253ec7\" data-element_type=\"widget\" data-widget_type=\"image.default\">\n\t\t\t\t<div class=\"elementor-widget-container\">\n\t\t\t\t\t\t\t\t\t\t\t\t\t\t\t<img decoding=\"async\" width=\"800\" height=\"600\" src=\"https:\/\/luciaprajisteanu.ro\/wp-content\/uploads\/2025\/07\/5-1.png\" class=\"attachment-large size-large wp-image-2863\" alt=\"\" srcset=\"https:\/\/luciaprajisteanu.ro\/wp-content\/uploads\/2025\/07\/5-1.png 800w, https:\/\/luciaprajisteanu.ro\/wp-content\/uploads\/2025\/07\/5-1-300x225.png 300w, https:\/\/luciaprajisteanu.ro\/wp-content\/uploads\/2025\/07\/5-1-768x576.png 768w\" sizes=\"(max-width: 800px) 100vw, 800px\" \/>\t\t\t\t\t\t\t\t\t\t\t\t\t\t\t<\/div>\n\t\t\t\t<\/div>\n\t\t\t\t<\/div>\n\t\t\t\t\t<\/div>\n\t\t\t\t<\/div>\n\t\t<div class=\"elementor-element elementor-element-8e31ce2 e-flex e-con-boxed e-con e-parent\" data-id=\"8e31ce2\" data-element_type=\"container\">\n\t\t\t\t\t<div class=\"e-con-inner\">\n\t\t\t\t<div class=\"elementor-element elementor-element-29e72aa elementor-widget elementor-widget-heading\" data-id=\"29e72aa\" data-element_type=\"widget\" data-widget_type=\"heading.default\">\n\t\t\t\t<div class=\"elementor-widget-container\">\n\t\t\t\t\t<h2 class=\"elementor-heading-title elementor-size-default\">Mo\u0219tenire &amp; Continuitate<\/h2>\t\t\t\t<\/div>\n\t\t\t\t<\/div>\n\t\t\t\t<div class=\"elementor-element elementor-element-1608196 elementor-widget__width-initial elementor-widget elementor-widget-text-editor\" data-id=\"1608196\" data-element_type=\"widget\" data-widget_type=\"text-editor.default\">\n\t\t\t\t<div class=\"elementor-widget-container\">\n\t\t\t\t\t\t\t\t\t<p><span style=\"font-weight: 400;\">De\u0219i ast\u0103zi Magic City B\u0103neasa nu mai exist\u0103 fizic, proiectul r\u0103m\u00e2ne simbolic pentru \u00eenceputul unei viziuni care a crescut \u0219i s-a transformat. Din acest nucleu s-au n\u0103scut ulterior brandurile MiraMagica \u0219i Zorky\u2019s Planet, parcuri tematice moderne care duc mai departe aceea\u0219i misiune: de a aduce bucurie, joac\u0103 \u0219i magie tuturor copiilor.<\/span><\/p>\t\t\t\t\t\t\t\t<\/div>\n\t\t\t\t<\/div>\n\t\t\t\t\t<\/div>\n\t\t\t\t<\/div>\n\t\t\t\t<\/div>\n\t\t","protected":false},"excerpt":{"rendered":"<p>Magic City B\u0103neasa \u2013 Primul pas \u00eentr-o lume de poveste Magic City B\u0103neasa a fost creat cu g\u00e2ndul la cei mici \u0219i la nevoia unui spa\u021biu sigur, vesel \u0219i educativ \u00een care copiii s\u0103 se poat\u0103 juca, dezvolta armonios \u0219i bucura de timpul petrecut \u00eempreun\u0103 cu al\u021bi copii. \u00centr-o atmosfer\u0103 cald\u0103 \u0219i prietenoas\u0103, Magic City [&hellip;]<\/p>\n","protected":false},"author":1,"featured_media":0,"parent":0,"menu_order":0,"comment_status":"closed","ping_status":"closed","template":"","meta":{"footnotes":""},"class_list":["post-2823","page","type-page","status-publish","hentry"],"blocksy_meta":{"has_hero_section":"disabled","vertical_spacing_source":"custom","content_area_spacing":"none","styles_descriptor":{"styles":{"desktop":"","tablet":"","mobile":""},"google_fonts":[],"version":6}},"_links":{"self":[{"href":"https:\/\/luciaprajisteanu.ro\/index.php?rest_route=\/wp\/v2\/pages\/2823","targetHints":{"allow":["GET"]}}],"collection":[{"href":"https:\/\/luciaprajisteanu.ro\/index.php?rest_route=\/wp\/v2\/pages"}],"about":[{"href":"https:\/\/luciaprajisteanu.ro\/index.php?rest_route=\/wp\/v2\/types\/page"}],"author":[{"embeddable":true,"href":"https:\/\/luciaprajisteanu.ro\/index.php?rest_route=\/wp\/v2\/users\/1"}],"replies":[{"embeddable":true,"href":"https:\/\/luciaprajisteanu.ro\/index.php?rest_route=%2Fwp%2Fv2%2Fcomments&post=2823"}],"version-history":[{"count":25,"href":"https:\/\/luciaprajisteanu.ro\/index.php?rest_route=\/wp\/v2\/pages\/2823\/revisions"}],"predecessor-version":[{"id":3250,"href":"https:\/\/luciaprajisteanu.ro\/index.php?rest_route=\/wp\/v2\/pages\/2823\/revisions\/3250"}],"wp:attachment":[{"href":"https:\/\/luciaprajisteanu.ro\/index.php?rest_route=%2Fwp%2Fv2%2Fmedia&parent=2823"}],"curies":[{"name":"wp","href":"https:\/\/api.w.org\/{rel}","templated":true}]}}