{"id":1845,"date":"2025-03-21T16:06:10","date_gmt":"2025-03-21T16:06:10","guid":{"rendered":"https:\/\/lucia.platinumkey.ro\/?page_id=1845"},"modified":"2025-08-24T16:06:10","modified_gmt":"2025-08-24T16:06:10","slug":"zorkys-planet","status":"publish","type":"page","link":"https:\/\/luciaprajisteanu.ro\/?page_id=1845","title":{"rendered":"Zorky&#8217;s Planet"},"content":{"rendered":"\t\t<div data-elementor-type=\"wp-page\" data-elementor-id=\"1845\" class=\"elementor elementor-1845\" data-elementor-post-type=\"page\">\n\t\t\t\t<div class=\"elementor-element elementor-element-05d5f64 e-flex e-con-boxed e-con e-parent\" data-id=\"05d5f64\" data-element_type=\"container\">\n\t\t\t\t\t<div class=\"e-con-inner\">\n\t\t<div class=\"elementor-element elementor-element-3d05ddc e-con-full e-flex e-con e-child\" data-id=\"3d05ddc\" data-element_type=\"container\" data-settings=\"{&quot;background_background&quot;:&quot;classic&quot;}\">\n\t\t\t\t<div class=\"elementor-element elementor-element-14fa9a9 elementor-widget elementor-widget-image\" data-id=\"14fa9a9\" data-element_type=\"widget\" data-widget_type=\"image.default\">\n\t\t\t\t<div class=\"elementor-widget-container\">\n\t\t\t\t\t\t\t\t\t\t\t\t\t\t\t<img fetchpriority=\"high\" decoding=\"async\" width=\"800\" height=\"600\" src=\"https:\/\/luciaprajisteanu.ro\/wp-content\/uploads\/2025\/03\/z1.png\" class=\"attachment-1536x1536 size-1536x1536 wp-image-1849\" alt=\"\" srcset=\"https:\/\/luciaprajisteanu.ro\/wp-content\/uploads\/2025\/03\/z1.png 800w, https:\/\/luciaprajisteanu.ro\/wp-content\/uploads\/2025\/03\/z1-300x225.png 300w, https:\/\/luciaprajisteanu.ro\/wp-content\/uploads\/2025\/03\/z1-768x576.png 768w\" sizes=\"(max-width: 800px) 100vw, 800px\" \/>\t\t\t\t\t\t\t\t\t\t\t\t\t\t\t<\/div>\n\t\t\t\t<\/div>\n\t\t\t\t<\/div>\n\t\t<div class=\"elementor-element elementor-element-37c51f6 e-con-full e-flex e-con e-child\" data-id=\"37c51f6\" data-element_type=\"container\">\n\t\t\t\t<div class=\"elementor-element elementor-element-0870c5c elementor-widget elementor-widget-heading\" data-id=\"0870c5c\" data-element_type=\"widget\" data-widget_type=\"heading.default\">\n\t\t\t\t<div class=\"elementor-widget-container\">\n\t\t\t\t\t<h2 class=\"elementor-heading-title elementor-size-default\">Zorky\u2019s Planet \u2013 Aventur\u0103, Tehnologie \u0219i Distrac\u021bie \u00centr-un Univers Futurist<\/h2>\t\t\t\t<\/div>\n\t\t\t\t<\/div>\n\t\t\t\t<div class=\"elementor-element elementor-element-793e645 elementor-widget elementor-widget-text-editor\" data-id=\"793e645\" data-element_type=\"widget\" data-widget_type=\"text-editor.default\">\n\t\t\t\t<div class=\"elementor-widget-container\">\n\t\t\t\t\t\t\t\t\t<p class=\"\" data-start=\"252\" data-end=\"578\">Zorky\u2019s Planet este locul \u00een care am vrut s\u0103 dau fr\u00e2u liber imagina\u021biei. Am creat acest univers \u00een inima ora\u0219ului pentru copiii \u0219i adolescen\u021bii care iubesc tehnologia, jocurile interactive \u0219i pove\u0219tile SF. Mi-am dorit un spa\u021biu \u00een care \u00eenv\u0103\u021barea s\u0103 se \u00eentrep\u0103trund\u0103 cu joaca, iar curiozitatea s\u0103 fie \u00eencurajat\u0103 la fiecare pas.<\/p><p class=\"\" data-start=\"580\" data-end=\"847\">Fiecare col\u021b al parcului a fost g\u00e2ndit ca o provocare creativ\u0103: de la gaming, realitate virtual\u0103, laser tag \u0219i roller coaster indoor, p\u00e2n\u0103 la ateliere educative. Tot ce am construit aici a fost cu g\u00e2ndul la genera\u021biile tinere \u2013 curajoase, conectate, mereu \u00een mi\u0219care.<\/p><p class=\"\" data-start=\"849\" data-end=\"941\">Zorky\u2019s Planet nu este doar un parc, ci un mod prin care aduc viitorul mai aproape de copii.<\/p>\t\t\t\t\t\t\t\t<\/div>\n\t\t\t\t<\/div>\n\t\t<div class=\"elementor-element elementor-element-522786c e-con-full e-flex e-con e-child\" data-id=\"522786c\" data-element_type=\"container\">\n\t\t<div class=\"elementor-element elementor-element-52569c4 e-con-full e-flex e-con e-child\" data-id=\"52569c4\" data-element_type=\"container\">\n\t\t\t\t<div class=\"elementor-element elementor-element-902b704 elementor-view-default elementor-widget elementor-widget-icon\" data-id=\"902b704\" data-element_type=\"widget\" data-widget_type=\"icon.default\">\n\t\t\t\t<div class=\"elementor-widget-container\">\n\t\t\t\t\t\t\t<div class=\"elementor-icon-wrapper\">\n\t\t\t<a class=\"elementor-icon\" href=\"https:\/\/www.facebook.com\/zorkysplanet?mibextid=wwXIfr\" target=\"_blank\" rel=\"noopener\">\n\t\t\t<svg aria-hidden=\"true\" class=\"e-font-icon-svg e-fab-facebook\" viewBox=\"0 0 512 512\" xmlns=\"http:\/\/www.w3.org\/2000\/svg\"><path d=\"M504 256C504 119 393 8 256 8S8 119 8 256c0 123.78 90.69 226.38 209.25 245V327.69h-63V256h63v-54.64c0-62.15 37-96.48 93.67-96.48 27.14 0 55.52 4.84 55.52 4.84v61h-31.28c-30.8 0-40.41 19.12-40.41 38.73V256h68.78l-11 71.69h-57.78V501C413.31 482.38 504 379.78 504 256z\"><\/path><\/svg>\t\t\t<\/a>\n\t\t<\/div>\n\t\t\t\t\t\t<\/div>\n\t\t\t\t<\/div>\n\t\t\t\t<div class=\"elementor-element elementor-element-0b1701c elementor-view-default elementor-widget elementor-widget-icon\" data-id=\"0b1701c\" data-element_type=\"widget\" data-widget_type=\"icon.default\">\n\t\t\t\t<div class=\"elementor-widget-container\">\n\t\t\t\t\t\t\t<div class=\"elementor-icon-wrapper\">\n\t\t\t<a class=\"elementor-icon\" href=\"https:\/\/www.instagram.com\/zorkysplanetaficotroceni?igsh=dGU2aTFpbWpnMDU3\" target=\"_blank\" rel=\"noopener\">\n\t\t\t<svg aria-hidden=\"true\" class=\"e-font-icon-svg e-fab-instagram\" viewBox=\"0 0 448 512\" xmlns=\"http:\/\/www.w3.org\/2000\/svg\"><path d=\"M224.1 141c-63.6 0-114.9 51.3-114.9 114.9s51.3 114.9 114.9 114.9S339 319.5 339 255.9 287.7 141 224.1 141zm0 189.6c-41.1 0-74.7-33.5-74.7-74.7s33.5-74.7 74.7-74.7 74.7 33.5 74.7 74.7-33.6 74.7-74.7 74.7zm146.4-194.3c0 14.9-12 26.8-26.8 26.8-14.9 0-26.8-12-26.8-26.8s12-26.8 26.8-26.8 26.8 12 26.8 26.8zm76.1 27.2c-1.7-35.9-9.9-67.7-36.2-93.9-26.2-26.2-58-34.4-93.9-36.2-37-2.1-147.9-2.1-184.9 0-35.8 1.7-67.6 9.9-93.9 36.1s-34.4 58-36.2 93.9c-2.1 37-2.1 147.9 0 184.9 1.7 35.9 9.9 67.7 36.2 93.9s58 34.4 93.9 36.2c37 2.1 147.9 2.1 184.9 0 35.9-1.7 67.7-9.9 93.9-36.2 26.2-26.2 34.4-58 36.2-93.9 2.1-37 2.1-147.8 0-184.8zM398.8 388c-7.8 19.6-22.9 34.7-42.6 42.6-29.5 11.7-99.5 9-132.1 9s-102.7 2.6-132.1-9c-19.6-7.8-34.7-22.9-42.6-42.6-11.7-29.5-9-99.5-9-132.1s-2.6-102.7 9-132.1c7.8-19.6 22.9-34.7 42.6-42.6 29.5-11.7 99.5-9 132.1-9s102.7-2.6 132.1 9c19.6 7.8 34.7 22.9 42.6 42.6 11.7 29.5 9 99.5 9 132.1s2.7 102.7-9 132.1z\"><\/path><\/svg>\t\t\t<\/a>\n\t\t<\/div>\n\t\t\t\t\t\t<\/div>\n\t\t\t\t<\/div>\n\t\t\t\t<\/div>\n\t\t\t\t<\/div>\n\t\t\t\t<\/div>\n\t\t\t\t\t<\/div>\n\t\t\t\t<\/div>\n\t\t<div class=\"elementor-element elementor-element-0215cfb e-flex e-con-boxed e-con e-parent\" data-id=\"0215cfb\" data-element_type=\"container\">\n\t\t\t\t\t<div class=\"e-con-inner\">\n\t\t\t\t<div class=\"elementor-element elementor-element-667279e elementor-widget elementor-widget-heading\" data-id=\"667279e\" data-element_type=\"widget\" data-widget_type=\"heading.default\">\n\t\t\t\t<div class=\"elementor-widget-container\">\n\t\t\t\t\t<h2 class=\"elementor-heading-title elementor-size-default\">Distrac\u021bie High-Tech, <br> Aventuri Spectaculoase \u0219i Z\u00e2mbete F\u0103r\u0103 Gravita\u021bie\n<\/h2>\t\t\t\t<\/div>\n\t\t\t\t<\/div>\n\t\t\t\t<div class=\"elementor-element elementor-element-d08d796 elementor-widget__width-initial elementor-widget elementor-widget-text-editor\" data-id=\"d08d796\" data-element_type=\"widget\" data-widget_type=\"text-editor.default\">\n\t\t\t\t<div class=\"elementor-widget-container\">\n\t\t\t\t\t\t\t\t\t<p data-start=\"254\" data-end=\"577\">Fiecare fotografie surprinde energia futurist\u0103 \u0219i atmosfera vibrant\u0103 din Zorky\u2019s Planet \u2013 de la zonele interactive cu realitate virtual\u0103, p\u00e2n\u0103 la roller coasterele indoor \u0219i spa\u021biile creative unde imagina\u021bia copiilor prinde contur.<br data-start=\"496\" data-end=\"499\" \/>Decoruri spectaculoase, lumini colorate, costume de personaj \u0219i tehnologie de ultim\u0103 genera\u021bie se combin\u0103 pentru a crea o experien\u021b\u0103 vizual\u0103 de neuitat.<\/p>\t\t\t\t\t\t\t\t<\/div>\n\t\t\t\t<\/div>\n\t\t\t\t<div class=\"elementor-element elementor-element-6d9b2fb elementor-widget elementor-widget-gallery\" data-id=\"6d9b2fb\" data-element_type=\"widget\" data-settings=\"{&quot;lazyload&quot;:&quot;yes&quot;,&quot;gallery_layout&quot;:&quot;grid&quot;,&quot;columns&quot;:4,&quot;columns_tablet&quot;:2,&quot;columns_mobile&quot;:1,&quot;gap&quot;:{&quot;unit&quot;:&quot;px&quot;,&quot;size&quot;:10,&quot;sizes&quot;:[]},&quot;gap_tablet&quot;:{&quot;unit&quot;:&quot;px&quot;,&quot;size&quot;:10,&quot;sizes&quot;:[]},&quot;gap_mobile&quot;:{&quot;unit&quot;:&quot;px&quot;,&quot;size&quot;:10,&quot;sizes&quot;:[]},&quot;aspect_ratio&quot;:&quot;3:2&quot;,&quot;content_hover_animation&quot;:&quot;fade-in&quot;}\" data-widget_type=\"gallery.default\">\n\t\t\t\t<div class=\"elementor-widget-container\">\n\t\t\t\t\t\t\t<div class=\"elementor-gallery__container\">\n\t\t\t\t\t\t\t<div class=\"e-gallery-item elementor-gallery-item elementor-animated-content\">\n\t\t\t\t\t<div class=\"e-gallery-image elementor-gallery-item__image\" data-thumbnail=\"https:\/\/luciaprajisteanu.ro\/wp-content\/uploads\/2025\/08\/WhatsApp-Image-2025-08-08-at-14.53.32_7e1bc719-768x1365.jpg\" data-width=\"768\" data-height=\"1365\" aria-label=\"\" role=\"img\" ><\/div>\n\t\t\t\t\t\t\t\t\t\t\t\t\t\t<\/div>\n\t\t\t\t\t\t\t<div class=\"e-gallery-item elementor-gallery-item elementor-animated-content\">\n\t\t\t\t\t<div class=\"e-gallery-image elementor-gallery-item__image\" data-thumbnail=\"https:\/\/luciaprajisteanu.ro\/wp-content\/uploads\/2025\/08\/WhatsApp-Image-2025-08-06-at-11.19.45_331fbebf-768x768.jpg\" data-width=\"768\" data-height=\"768\" aria-label=\"Mas\u0103 de air hockey Hello Kitty \u00een zona de divertisment Zorky\u2019s Planet, cu vedere spre patinoarul interior \u0219i atmosfera vibrant\u0103 din mall\" role=\"img\" ><\/div>\n\t\t\t\t\t\t\t\t\t\t\t\t\t\t<\/div>\n\t\t\t\t\t\t\t<div class=\"e-gallery-item elementor-gallery-item elementor-animated-content\">\n\t\t\t\t\t<div class=\"e-gallery-image elementor-gallery-item__image\" data-thumbnail=\"https:\/\/luciaprajisteanu.ro\/wp-content\/uploads\/2025\/08\/WhatsApp-Image-2025-08-08-at-14.53.32_42a40871-768x1365.jpg\" data-width=\"768\" data-height=\"1365\" aria-label=\"Simulatoare moderne de curse auto cu scaune \u0219i ecrane interactive la Zorky\u2019s Planet Bucure\u0219ti, experien\u021b\u0103 captivant\u0103 pentru pasiona\u021bii de vitez\u0103\" role=\"img\" ><\/div>\n\t\t\t\t\t\t\t\t\t\t\t\t\t\t<\/div>\n\t\t\t\t\t\t\t<div class=\"e-gallery-item elementor-gallery-item elementor-animated-content\">\n\t\t\t\t\t<div class=\"e-gallery-image elementor-gallery-item__image\" data-thumbnail=\"https:\/\/luciaprajisteanu.ro\/wp-content\/uploads\/2025\/08\/WhatsApp-Image-2025-08-06-at-11.19.45_7309dfa3-768x768.jpg\" data-width=\"768\" data-height=\"768\" aria-label=\"Aparat arcade Zombie Crisis \u0219i simulatoare auto \u00een zona de divertisment Zorky\u2019s Planet Bucure\u0219ti, loc de joac\u0103 modern pentru toate v\u00e2rstele\" role=\"img\" ><\/div>\n\t\t\t\t\t\t\t\t\t\t\t\t\t\t<\/div>\n\t\t\t\t\t\t\t<div class=\"e-gallery-item elementor-gallery-item elementor-animated-content\">\n\t\t\t\t\t<div class=\"e-gallery-image elementor-gallery-item__image\" data-thumbnail=\"https:\/\/luciaprajisteanu.ro\/wp-content\/uploads\/2025\/08\/WhatsApp-Image-2025-08-08-at-14.53.32_e7029a49-768x1024.jpg\" data-width=\"768\" data-height=\"1024\" aria-label=\"Copii \u0219i p\u0103rin\u021bi juc\u00e2ndu-se la aparatul arcade Plants vs Zombies \u00een Zorky\u2019s Planet Bucure\u0219ti, experien\u021b\u0103 interactiv\u0103 pentru toat\u0103 familia\" role=\"img\" ><\/div>\n\t\t\t\t\t\t\t\t\t\t\t\t\t\t<\/div>\n\t\t\t\t\t\t\t<div class=\"e-gallery-item elementor-gallery-item elementor-animated-content\">\n\t\t\t\t\t<div class=\"e-gallery-image elementor-gallery-item__image\" data-thumbnail=\"https:\/\/luciaprajisteanu.ro\/wp-content\/uploads\/2025\/08\/WhatsApp-Image-2025-08-08-at-14.53.33_edf202ee-768x1024.jpg\" data-width=\"768\" data-height=\"1024\" aria-label=\"\" role=\"img\" ><\/div>\n\t\t\t\t\t\t\t\t\t\t\t\t\t\t<\/div>\n\t\t\t\t\t\t\t<div class=\"e-gallery-item elementor-gallery-item elementor-animated-content\">\n\t\t\t\t\t<div class=\"e-gallery-image elementor-gallery-item__image\" data-thumbnail=\"https:\/\/luciaprajisteanu.ro\/wp-content\/uploads\/2025\/08\/WhatsApp-Image-2025-08-06-at-11.19.45_6ce3b1b1-768x768.jpg\" data-width=\"768\" data-height=\"768\" aria-label=\"Trenule\u021b \u0219i autobuz londonez ro\u0219u \u00een zona de joac\u0103 Zorky\u2019s Planet Bucure\u0219ti, distrac\u021bie interactiv\u0103 pentru cei mici\" role=\"img\" ><\/div>\n\t\t\t\t\t\t\t\t\t\t\t\t\t\t<\/div>\n\t\t\t\t\t\t\t<div class=\"e-gallery-item elementor-gallery-item elementor-animated-content\">\n\t\t\t\t\t<div class=\"e-gallery-image elementor-gallery-item__image\" data-thumbnail=\"https:\/\/luciaprajisteanu.ro\/wp-content\/uploads\/2025\/08\/WhatsApp-Image-2025-08-11-at-17.56.54_127c395f-768x512.jpg\" data-width=\"768\" data-height=\"512\" aria-label=\"Aparatele arcade Miramagica, precum Typhoon, Hot Racers \u0219i Plants vs Zombies, oferind distrac\u021bie \u0219i experien\u021be interactive \u00eentr-un centru comercial\" role=\"img\" ><\/div>\n\t\t\t\t\t\t\t\t\t\t\t\t\t\t<\/div>\n\t\t\t\t\t\t\t<div class=\"e-gallery-item elementor-gallery-item elementor-animated-content\">\n\t\t\t\t\t<div class=\"e-gallery-image elementor-gallery-item__image\" data-thumbnail=\"https:\/\/luciaprajisteanu.ro\/wp-content\/uploads\/2025\/08\/WhatsApp-Image-2025-08-08-at-14.53.32_51e227b0-768x1024.jpg\" data-width=\"768\" data-height=\"1024\" aria-label=\"Copii juc\u00e2ndu-se la aparatul arcade Hot Racers \u00een Zorky\u2019s Planet Bucure\u0219ti, experien\u021b\u0103 distractiv\u0103 pentru familie \u0219i prieteni\" role=\"img\" ><\/div>\n\t\t\t\t\t\t\t\t\t\t\t\t\t\t<\/div>\n\t\t\t\t\t\t\t<div class=\"e-gallery-item elementor-gallery-item elementor-animated-content\">\n\t\t\t\t\t<div class=\"e-gallery-image elementor-gallery-item__image\" data-thumbnail=\"https:\/\/luciaprajisteanu.ro\/wp-content\/uploads\/2025\/08\/WhatsApp-Image-2025-08-06-at-11.19.45_84d5af8d-768x761.jpg\" data-width=\"768\" data-height=\"761\" aria-label=\"P\u0103rin\u021bi \u0219i copil juc\u00e2ndu-se la un aparat arcade luminos \u00een Zorky\u2019s Planet Bucure\u0219ti, experien\u021b\u0103 interactiv\u0103 pentru \u00eentreaga familie\" role=\"img\" ><\/div>\n\t\t\t\t\t\t\t\t\t\t\t\t\t\t<\/div>\n\t\t\t\t\t\t\t<div class=\"e-gallery-item elementor-gallery-item elementor-animated-content\">\n\t\t\t\t\t<div class=\"e-gallery-image elementor-gallery-item__image\" data-thumbnail=\"https:\/\/luciaprajisteanu.ro\/wp-content\/uploads\/2025\/03\/z4-768x576.png\" data-width=\"768\" data-height=\"576\" aria-label=\"\" role=\"img\" ><\/div>\n\t\t\t\t\t\t\t\t\t\t\t\t\t\t<\/div>\n\t\t\t\t\t\t\t<div class=\"e-gallery-item elementor-gallery-item elementor-animated-content\">\n\t\t\t\t\t<div class=\"e-gallery-image elementor-gallery-item__image\" data-thumbnail=\"https:\/\/luciaprajisteanu.ro\/wp-content\/uploads\/2025\/08\/WhatsApp-Image-2025-08-08-at-14.53.32_f88ce849-768x1024.jpg\" data-width=\"768\" data-height=\"1024\" aria-label=\"\" role=\"img\" ><\/div>\n\t\t\t\t\t\t\t\t\t\t\t\t\t\t<\/div>\n\t\t\t\t\t\t\t<div class=\"e-gallery-item elementor-gallery-item elementor-animated-content\">\n\t\t\t\t\t<div class=\"e-gallery-image elementor-gallery-item__image\" data-thumbnail=\"https:\/\/luciaprajisteanu.ro\/wp-content\/uploads\/2025\/03\/z22-768x576.png\" data-width=\"768\" data-height=\"576\" aria-label=\"\" role=\"img\" ><\/div>\n\t\t\t\t\t\t\t\t\t\t\t\t\t\t<\/div>\n\t\t\t\t\t\t\t<div class=\"e-gallery-item elementor-gallery-item elementor-animated-content\">\n\t\t\t\t\t<div class=\"e-gallery-image elementor-gallery-item__image\" data-thumbnail=\"https:\/\/luciaprajisteanu.ro\/wp-content\/uploads\/2025\/03\/z44-768x576.png\" data-width=\"768\" data-height=\"576\" aria-label=\"\" role=\"img\" ><\/div>\n\t\t\t\t\t\t\t\t\t\t\t\t\t\t<\/div>\n\t\t\t\t\t\t\t<div class=\"e-gallery-item elementor-gallery-item elementor-animated-content\">\n\t\t\t\t\t<div class=\"e-gallery-image elementor-gallery-item__image\" data-thumbnail=\"https:\/\/luciaprajisteanu.ro\/wp-content\/uploads\/2025\/08\/WhatsApp-Image-2025-08-08-at-14.53.32_c142838c-768x1024.jpg\" data-width=\"768\" data-height=\"1024\" aria-label=\"Statuie decorativ\u0103 \u0219i carusel colorat pentru copii \u00een zona de joac\u0103 interioar\u0103 Zorky\u2019s Planet Bucure\u0219ti\" role=\"img\" ><\/div>\n\t\t\t\t\t\t\t\t\t\t\t\t\t\t<\/div>\n\t\t\t\t\t\t\t<div class=\"e-gallery-item elementor-gallery-item elementor-animated-content\">\n\t\t\t\t\t<div class=\"e-gallery-image elementor-gallery-item__image\" data-thumbnail=\"https:\/\/luciaprajisteanu.ro\/wp-content\/uploads\/2025\/08\/WhatsApp-Image-2025-08-06-at-11.19.28_011b47e5.jpg\" data-width=\"704\" data-height=\"725\" aria-label=\"Zon\u0103 de jocuri arcade cu mese de air hockey \u0219i aparate luminoase la Zorky\u2019s Planet Bucure\u0219ti, divertisment modern pentru copii \u0219i adul\u021bi\" role=\"img\" ><\/div>\n\t\t\t\t\t\t\t\t\t\t\t\t\t\t<\/div>\n\t\t\t\t\t<\/div>\n\t\t\t\t\t<\/div>\n\t\t\t\t<\/div>\n\t\t\t\t\t<\/div>\n\t\t\t\t<\/div>\n\t\t\t\t<\/div>\n\t\t","protected":false},"excerpt":{"rendered":"<p>Zorky\u2019s Planet \u2013 Aventur\u0103, Tehnologie \u0219i Distrac\u021bie \u00centr-un Univers Futurist Zorky\u2019s Planet este locul \u00een care am vrut s\u0103 dau fr\u00e2u liber imagina\u021biei. Am creat acest univers \u00een inima ora\u0219ului pentru copiii \u0219i adolescen\u021bii care iubesc tehnologia, jocurile interactive \u0219i pove\u0219tile SF. Mi-am dorit un spa\u021biu \u00een care \u00eenv\u0103\u021barea s\u0103 se \u00eentrep\u0103trund\u0103 cu joaca, iar [&hellip;]<\/p>\n","protected":false},"author":1,"featured_media":0,"parent":0,"menu_order":0,"comment_status":"closed","ping_status":"closed","template":"","meta":{"footnotes":""},"class_list":["post-1845","page","type-page","status-publish","hentry"],"blocksy_meta":{"has_hero_section":"disabled","vertical_spacing_source":"custom","content_area_spacing":"none","styles_descriptor":{"styles":{"desktop":"","tablet":"","mobile":""},"google_fonts":[],"version":6}},"_links":{"self":[{"href":"https:\/\/luciaprajisteanu.ro\/index.php?rest_route=\/wp\/v2\/pages\/1845","targetHints":{"allow":["GET"]}}],"collection":[{"href":"https:\/\/luciaprajisteanu.ro\/index.php?rest_route=\/wp\/v2\/pages"}],"about":[{"href":"https:\/\/luciaprajisteanu.ro\/index.php?rest_route=\/wp\/v2\/types\/page"}],"author":[{"embeddable":true,"href":"https:\/\/luciaprajisteanu.ro\/index.php?rest_route=\/wp\/v2\/users\/1"}],"replies":[{"embeddable":true,"href":"https:\/\/luciaprajisteanu.ro\/index.php?rest_route=%2Fwp%2Fv2%2Fcomments&post=1845"}],"version-history":[{"count":26,"href":"https:\/\/luciaprajisteanu.ro\/index.php?rest_route=\/wp\/v2\/pages\/1845\/revisions"}],"predecessor-version":[{"id":3405,"href":"https:\/\/luciaprajisteanu.ro\/index.php?rest_route=\/wp\/v2\/pages\/1845\/revisions\/3405"}],"wp:attachment":[{"href":"https:\/\/luciaprajisteanu.ro\/index.php?rest_route=%2Fwp%2Fv2%2Fmedia&parent=1845"}],"curies":[{"name":"wp","href":"https:\/\/api.w.org\/{rel}","templated":true}]}}