{"id":1807,"date":"2025-03-21T15:18:47","date_gmt":"2025-03-21T15:18:47","guid":{"rendered":"https:\/\/lucia.platinumkey.ro\/?page_id=1807"},"modified":"2025-08-08T12:13:02","modified_gmt":"2025-08-08T12:13:02","slug":"miramagica-mamaia","status":"publish","type":"page","link":"https:\/\/luciaprajisteanu.ro\/?page_id=1807","title":{"rendered":"Miramagica Mamaia"},"content":{"rendered":"\t\t<div data-elementor-type=\"wp-page\" data-elementor-id=\"1807\" class=\"elementor elementor-1807\" data-elementor-post-type=\"page\">\n\t\t\t\t<div class=\"elementor-element elementor-element-05d5f64 e-flex e-con-boxed e-con e-parent\" data-id=\"05d5f64\" data-element_type=\"container\">\n\t\t\t\t\t<div class=\"e-con-inner\">\n\t\t<div class=\"elementor-element elementor-element-3d05ddc e-con-full e-flex e-con e-child\" data-id=\"3d05ddc\" data-element_type=\"container\" data-settings=\"{&quot;background_background&quot;:&quot;classic&quot;}\">\n\t\t\t\t<div class=\"elementor-element elementor-element-14fa9a9 elementor-widget elementor-widget-image\" data-id=\"14fa9a9\" data-element_type=\"widget\" data-widget_type=\"image.default\">\n\t\t\t\t<div class=\"elementor-widget-container\">\n\t\t\t\t\t\t\t\t\t\t\t\t\t\t\t<img fetchpriority=\"high\" decoding=\"async\" width=\"600\" height=\"700\" src=\"https:\/\/luciaprajisteanu.ro\/wp-content\/uploads\/2025\/03\/mmm-1.png\" class=\"attachment-large size-large wp-image-1810\" alt=\"\" srcset=\"https:\/\/luciaprajisteanu.ro\/wp-content\/uploads\/2025\/03\/mmm-1.png 600w, https:\/\/luciaprajisteanu.ro\/wp-content\/uploads\/2025\/03\/mmm-1-257x300.png 257w\" sizes=\"(max-width: 600px) 100vw, 600px\" \/>\t\t\t\t\t\t\t\t\t\t\t\t\t\t\t<\/div>\n\t\t\t\t<\/div>\n\t\t\t\t<\/div>\n\t\t<div class=\"elementor-element elementor-element-37c51f6 e-con-full e-flex e-con e-child\" data-id=\"37c51f6\" data-element_type=\"container\">\n\t\t\t\t<div class=\"elementor-element elementor-element-0870c5c elementor-widget elementor-widget-heading\" data-id=\"0870c5c\" data-element_type=\"widget\" data-widget_type=\"heading.default\">\n\t\t\t\t<div class=\"elementor-widget-container\">\n\t\t\t\t\t<h2 class=\"elementor-heading-title elementor-size-default\">Miramagica Mamaia \u2013 Destina\u021bia de Var\u0103 Pentru Familii Cu Poft\u0103 de Aventur\u0103<\/h2>\t\t\t\t<\/div>\n\t\t\t\t<\/div>\n\t\t\t\t<div class=\"elementor-element elementor-element-793e645 elementor-widget elementor-widget-text-editor\" data-id=\"793e645\" data-element_type=\"widget\" data-widget_type=\"text-editor.default\">\n\t\t\t\t<div class=\"elementor-widget-container\">\n\t\t\t\t\t\t\t\t\t<p data-start=\"130\" data-end=\"512\">Deschis \u00een vara anului 2023, Miramagica Mamaia a adus magia parcului tematic pe litoralul rom\u00e2nesc, oferind o combina\u021bie spectaculoas\u0103 de distrac\u021bie, culoare \u0219i siguran\u021b\u0103. Proiectul a fost g\u00e2ndit pentru a completa farmecul verii cu un spa\u021biu \u00een care familiile se pot bucura \u00eempreun\u0103 de experien\u021be memorabile.<\/p><p data-start=\"514\" data-end=\"830\">Cu atrac\u021bii potrivite pentru toate v\u00e2rstele, decoruri tematice \u0219i o atmosfer\u0103 de poveste, Miramagica Mamaia a devenit rapid un punct de atrac\u021bie pentru turi\u0219ti \u0219i localnici deopotriv\u0103. De la carusele \u0219i ma\u0219inu\u021be electrice, p\u00e2n\u0103 la roata panoramic\u0103 ce ofer\u0103 o priveli\u0219te impresionant\u0103 asupra sta\u021biunii, fiecare element este g\u00e2ndit pentru a oferi distrac\u021bie \u00een siguran\u021b\u0103, cu z\u00e2mbete garantate.<\/p>\t\t\t\t\t\t\t\t<\/div>\n\t\t\t\t<\/div>\n\t\t\t\t<\/div>\n\t\t\t\t\t<\/div>\n\t\t\t\t<\/div>\n\t\t<div class=\"elementor-element elementor-element-0215cfb e-flex e-con-boxed e-con e-parent\" data-id=\"0215cfb\" data-element_type=\"container\">\n\t\t\t\t\t<div class=\"e-con-inner\">\n\t\t\t\t<div class=\"elementor-element elementor-element-667279e elementor-widget elementor-widget-heading\" data-id=\"667279e\" data-element_type=\"widget\" data-widget_type=\"heading.default\">\n\t\t\t\t<div class=\"elementor-widget-container\">\n\t\t\t\t\t<h2 class=\"elementor-heading-title elementor-size-default\"> Vara Prinde Via\u021b\u0103 La <br>Miramagica Mamaia<\/h2>\t\t\t\t<\/div>\n\t\t\t\t<\/div>\n\t\t\t\t<div class=\"elementor-element elementor-element-d08d796 elementor-widget__width-initial elementor-widget elementor-widget-text-editor\" data-id=\"d08d796\" data-element_type=\"widget\" data-widget_type=\"text-editor.default\">\n\t\t\t\t<div class=\"elementor-widget-container\">\n\t\t\t\t\t\t\t\t\t<p data-start=\"186\" data-end=\"504\">Fiecare fotografie surprinde atmosfera vibrant\u0103 a celui mai colorat parc de distrac\u021bii de pe litoral. De la roata panoramic\u0103 ce ofer\u0103 priveli\u0219ti spectaculoase asupra M\u0103rii Negre, p\u00e2n\u0103 la caruselele tematice \u0219i zonele de relaxare \u00een familie, Miramagica Mamaia este locul \u00een care vacan\u021bele devin aventuri de neuitat.<\/p>\t\t\t\t\t\t\t\t<\/div>\n\t\t\t\t<\/div>\n\t\t\t\t<div class=\"elementor-element elementor-element-6d9b2fb elementor-widget elementor-widget-gallery\" data-id=\"6d9b2fb\" data-element_type=\"widget\" data-settings=\"{&quot;lazyload&quot;:&quot;yes&quot;,&quot;gallery_layout&quot;:&quot;grid&quot;,&quot;columns&quot;:4,&quot;columns_tablet&quot;:2,&quot;columns_mobile&quot;:1,&quot;gap&quot;:{&quot;unit&quot;:&quot;px&quot;,&quot;size&quot;:10,&quot;sizes&quot;:[]},&quot;gap_tablet&quot;:{&quot;unit&quot;:&quot;px&quot;,&quot;size&quot;:10,&quot;sizes&quot;:[]},&quot;gap_mobile&quot;:{&quot;unit&quot;:&quot;px&quot;,&quot;size&quot;:10,&quot;sizes&quot;:[]},&quot;aspect_ratio&quot;:&quot;3:2&quot;,&quot;content_hover_animation&quot;:&quot;fade-in&quot;}\" data-widget_type=\"gallery.default\">\n\t\t\t\t<div class=\"elementor-widget-container\">\n\t\t\t\t\t\t\t<div class=\"elementor-gallery__container\">\n\t\t\t\t\t\t\t<div class=\"e-gallery-item elementor-gallery-item elementor-animated-content\">\n\t\t\t\t\t<div class=\"e-gallery-image elementor-gallery-item__image\" data-thumbnail=\"https:\/\/luciaprajisteanu.ro\/wp-content\/uploads\/2025\/03\/mm1-768x576.png\" data-width=\"768\" data-height=\"576\" aria-label=\"\" role=\"img\" ><\/div>\n\t\t\t\t\t\t\t\t\t\t\t\t\t\t<\/div>\n\t\t\t\t\t\t\t<div class=\"e-gallery-item elementor-gallery-item elementor-animated-content\">\n\t\t\t\t\t<div class=\"e-gallery-image elementor-gallery-item__image\" data-thumbnail=\"https:\/\/luciaprajisteanu.ro\/wp-content\/uploads\/2025\/03\/m3m-768x576.png\" data-width=\"768\" data-height=\"576\" aria-label=\"\" role=\"img\" ><\/div>\n\t\t\t\t\t\t\t\t\t\t\t\t\t\t<\/div>\n\t\t\t\t\t\t\t<div class=\"e-gallery-item elementor-gallery-item elementor-animated-content\">\n\t\t\t\t\t<div class=\"e-gallery-image elementor-gallery-item__image\" data-thumbnail=\"https:\/\/luciaprajisteanu.ro\/wp-content\/uploads\/2025\/03\/mm2-768x576.png\" data-width=\"768\" data-height=\"576\" aria-label=\"\" role=\"img\" ><\/div>\n\t\t\t\t\t\t\t\t\t\t\t\t\t\t<\/div>\n\t\t\t\t\t\t\t<div class=\"e-gallery-item elementor-gallery-item elementor-animated-content\">\n\t\t\t\t\t<div class=\"e-gallery-image elementor-gallery-item__image\" data-thumbnail=\"https:\/\/luciaprajisteanu.ro\/wp-content\/uploads\/2025\/03\/m4m-768x576.png\" data-width=\"768\" data-height=\"576\" aria-label=\"\" role=\"img\" ><\/div>\n\t\t\t\t\t\t\t\t\t\t\t\t\t\t<\/div>\n\t\t\t\t\t\t\t<div class=\"e-gallery-item elementor-gallery-item elementor-animated-content\">\n\t\t\t\t\t<div class=\"e-gallery-image elementor-gallery-item__image\" data-thumbnail=\"https:\/\/luciaprajisteanu.ro\/wp-content\/uploads\/2025\/03\/mm5-768x576.png\" data-width=\"768\" data-height=\"576\" aria-label=\"\" role=\"img\" ><\/div>\n\t\t\t\t\t\t\t\t\t\t\t\t\t\t<\/div>\n\t\t\t\t\t\t\t<div class=\"e-gallery-item elementor-gallery-item elementor-animated-content\">\n\t\t\t\t\t<div class=\"e-gallery-image elementor-gallery-item__image\" data-thumbnail=\"https:\/\/luciaprajisteanu.ro\/wp-content\/uploads\/2025\/03\/mm8-768x576.png\" data-width=\"768\" data-height=\"576\" aria-label=\"\" role=\"img\" ><\/div>\n\t\t\t\t\t\t\t\t\t\t\t\t\t\t<\/div>\n\t\t\t\t\t\t\t<div class=\"e-gallery-item elementor-gallery-item elementor-animated-content\">\n\t\t\t\t\t<div class=\"e-gallery-image elementor-gallery-item__image\" data-thumbnail=\"https:\/\/luciaprajisteanu.ro\/wp-content\/uploads\/2025\/03\/mm7-768x576.png\" data-width=\"768\" data-height=\"576\" aria-label=\"\" role=\"img\" ><\/div>\n\t\t\t\t\t\t\t\t\t\t\t\t\t\t<\/div>\n\t\t\t\t\t\t\t<div class=\"e-gallery-item elementor-gallery-item elementor-animated-content\">\n\t\t\t\t\t<div class=\"e-gallery-image elementor-gallery-item__image\" data-thumbnail=\"https:\/\/luciaprajisteanu.ro\/wp-content\/uploads\/2025\/03\/mm6-768x576.png\" data-width=\"768\" data-height=\"576\" aria-label=\"\" role=\"img\" ><\/div>\n\t\t\t\t\t\t\t\t\t\t\t\t\t\t<\/div>\n\t\t\t\t\t<\/div>\n\t\t\t\t\t<\/div>\n\t\t\t\t<\/div>\n\t\t\t\t\t<\/div>\n\t\t\t\t<\/div>\n\t\t\t\t<\/div>\n\t\t","protected":false},"excerpt":{"rendered":"<p>Miramagica Mamaia \u2013 Destina\u021bia de Var\u0103 Pentru Familii Cu Poft\u0103 de Aventur\u0103 Deschis \u00een vara anului 2023, Miramagica Mamaia a adus magia parcului tematic pe litoralul rom\u00e2nesc, oferind o combina\u021bie spectaculoas\u0103 de distrac\u021bie, culoare \u0219i siguran\u021b\u0103. Proiectul a fost g\u00e2ndit pentru a completa farmecul verii cu un spa\u021biu \u00een care familiile se pot bucura \u00eempreun\u0103 [&hellip;]<\/p>\n","protected":false},"author":1,"featured_media":0,"parent":0,"menu_order":0,"comment_status":"closed","ping_status":"closed","template":"","meta":{"footnotes":""},"class_list":["post-1807","page","type-page","status-publish","hentry"],"blocksy_meta":{"has_hero_section":"disabled","vertical_spacing_source":"custom","content_area_spacing":"none","styles_descriptor":{"styles":{"desktop":"","tablet":"","mobile":""},"google_fonts":[],"version":6}},"_links":{"self":[{"href":"https:\/\/luciaprajisteanu.ro\/index.php?rest_route=\/wp\/v2\/pages\/1807","targetHints":{"allow":["GET"]}}],"collection":[{"href":"https:\/\/luciaprajisteanu.ro\/index.php?rest_route=\/wp\/v2\/pages"}],"about":[{"href":"https:\/\/luciaprajisteanu.ro\/index.php?rest_route=\/wp\/v2\/types\/page"}],"author":[{"embeddable":true,"href":"https:\/\/luciaprajisteanu.ro\/index.php?rest_route=\/wp\/v2\/users\/1"}],"replies":[{"embeddable":true,"href":"https:\/\/luciaprajisteanu.ro\/index.php?rest_route=%2Fwp%2Fv2%2Fcomments&post=1807"}],"version-history":[{"count":10,"href":"https:\/\/luciaprajisteanu.ro\/index.php?rest_route=\/wp\/v2\/pages\/1807\/revisions"}],"predecessor-version":[{"id":3282,"href":"https:\/\/luciaprajisteanu.ro\/index.php?rest_route=\/wp\/v2\/pages\/1807\/revisions\/3282"}],"wp:attachment":[{"href":"https:\/\/luciaprajisteanu.ro\/index.php?rest_route=%2Fwp%2Fv2%2Fmedia&parent=1807"}],"curies":[{"name":"wp","href":"https:\/\/api.w.org\/{rel}","templated":true}]}}