{"id":3376,"date":"2025-08-11T14:37:32","date_gmt":"2025-08-11T14:37:32","guid":{"rendered":"https:\/\/luciaprajisteanu.ro\/the-christmas-fair-constitution-square\/"},"modified":"2025-08-11T16:51:35","modified_gmt":"2025-08-11T16:51:35","slug":"the-christmas-fair-constitution-square","status":"publish","type":"page","link":"https:\/\/luciaprajisteanu.ro\/en?page_id=3376","title":{"rendered":"The Christmas Fair (Constitution Square)"},"content":{"rendered":"\t\t<div data-elementor-type=\"wp-page\" data-elementor-id=\"3376\" class=\"elementor elementor-3376\" data-elementor-post-type=\"page\">\n\t\t\t\t<div class=\"elementor-element elementor-element-40d1685 e-flex e-con-boxed e-con e-parent\" data-id=\"40d1685\" data-element_type=\"container\">\n\t\t\t\t\t<div class=\"e-con-inner\">\n\t\t<div class=\"elementor-element elementor-element-a880644 e-con-full e-flex e-con e-child\" data-id=\"a880644\" data-element_type=\"container\" data-settings=\"{&quot;background_background&quot;:&quot;classic&quot;}\">\n\t\t\t\t<div class=\"elementor-element elementor-element-0dfef1c elementor-widget elementor-widget-image\" data-id=\"0dfef1c\" data-element_type=\"widget\" data-widget_type=\"image.default\">\n\t\t\t\t<div class=\"elementor-widget-container\">\n\t\t\t\t\t\t\t\t\t\t\t\t\t\t\t<img fetchpriority=\"high\" decoding=\"async\" width=\"1024\" height=\"683\" src=\"https:\/\/luciaprajisteanu.ro\/wp-content\/uploads\/2025\/08\/WhatsApp-Image-2025-08-11-at-13.35.58_327cf1e8-1024x683.jpg\" class=\"attachment-large size-large wp-image-3351\" alt=\"\" srcset=\"https:\/\/luciaprajisteanu.ro\/wp-content\/uploads\/2025\/08\/WhatsApp-Image-2025-08-11-at-13.35.58_327cf1e8-1024x683.jpg 1024w, https:\/\/luciaprajisteanu.ro\/wp-content\/uploads\/2025\/08\/WhatsApp-Image-2025-08-11-at-13.35.58_327cf1e8-300x200.jpg 300w, https:\/\/luciaprajisteanu.ro\/wp-content\/uploads\/2025\/08\/WhatsApp-Image-2025-08-11-at-13.35.58_327cf1e8-768x512.jpg 768w, https:\/\/luciaprajisteanu.ro\/wp-content\/uploads\/2025\/08\/WhatsApp-Image-2025-08-11-at-13.35.58_327cf1e8-1536x1024.jpg 1536w, https:\/\/luciaprajisteanu.ro\/wp-content\/uploads\/2025\/08\/WhatsApp-Image-2025-08-11-at-13.35.58_327cf1e8.jpg 1600w\" sizes=\"(max-width: 1024px) 100vw, 1024px\" \/>\t\t\t\t\t\t\t\t\t\t\t\t\t\t\t<\/div>\n\t\t\t\t<\/div>\n\t\t\t\t<\/div>\n\t\t<div class=\"elementor-element elementor-element-9935be7 e-con-full e-flex e-con e-child\" data-id=\"9935be7\" data-element_type=\"container\">\n\t\t\t\t<div class=\"elementor-element elementor-element-c6ad3ea elementor-widget elementor-widget-heading\" data-id=\"c6ad3ea\" data-element_type=\"widget\" data-widget_type=\"heading.default\">\n\t\t\t\t<div class=\"elementor-widget-container\">\n\t\t\t\t\t<h2 class=\"elementor-heading-title elementor-size-default\">BUCHAREST CHRISTMAS FAIR \u2013 CONSTITUTION SQUARE<\/h2>\t\t\t\t<\/div>\n\t\t\t\t<\/div>\n\t\t\t\t<div class=\"elementor-element elementor-element-1919828 elementor-widget elementor-widget-text-editor\" data-id=\"1919828\" data-element_type=\"widget\" data-widget_type=\"text-editor.default\">\n\t\t\t\t<div class=\"elementor-widget-container\">\n\t\t\t\t\t\t\t\t\t<p>A fairytale corner in the heart of the capital, where the magic of the holidays blends with the elegance of a unique attraction in Romania.<\/p>\t\t\t\t\t\t\t\t<\/div>\n\t\t\t\t<\/div>\n\t\t\t\t<\/div>\n\t\t\t\t\t<\/div>\n\t\t\t\t<\/div>\n\t\t<div class=\"elementor-element elementor-element-80ff58a e-flex e-con-boxed e-con e-parent\" data-id=\"80ff58a\" data-element_type=\"container\">\n\t\t\t\t\t<div class=\"e-con-inner\">\n\t\t\t\t<div class=\"elementor-element elementor-element-21bf78d elementor-widget elementor-widget-heading\" data-id=\"21bf78d\" data-element_type=\"widget\" data-widget_type=\"heading.default\">\n\t\t\t\t<div class=\"elementor-widget-container\">\n\t\t\t\t\t<h2 class=\"elementor-heading-title elementor-size-default\">THE SPIRIT OF CHRISTMAS, <br>\nTRANSLATED INTO ELEGANCE AND MAGIC<\/h2>\t\t\t\t<\/div>\n\t\t\t\t<\/div>\n\t\t\t\t<div class=\"elementor-element elementor-element-39505f3 elementor-widget__width-initial elementor-widget elementor-widget-text-editor\" data-id=\"39505f3\" data-element_type=\"widget\" data-widget_type=\"text-editor.default\">\n\t\t\t\t<div class=\"elementor-widget-container\">\n\t\t\t\t\t\t\t\t\t<p>How the story began:<br \/>\u201cMy wish is for every Britta project to bring people not only fun but also genuine emotion. The Venetian carousel in Constitution Square was designed as a symbol of refinement and winter joy, inspired by the great European fairs and crafted with Italian mastery.\u201d (Lucia Pr\u0103ji\u0219teanu)<\/p>\t\t\t\t\t\t\t\t<\/div>\n\t\t\t\t<\/div>\n\t\t\t\t<div class=\"elementor-element elementor-element-be23254 elementor-widget elementor-widget-gallery\" data-id=\"be23254\" data-element_type=\"widget\" data-settings=\"{&quot;lazyload&quot;:&quot;yes&quot;,&quot;gallery_layout&quot;:&quot;grid&quot;,&quot;columns&quot;:4,&quot;columns_tablet&quot;:2,&quot;columns_mobile&quot;:1,&quot;gap&quot;:{&quot;unit&quot;:&quot;px&quot;,&quot;size&quot;:10,&quot;sizes&quot;:[]},&quot;gap_tablet&quot;:{&quot;unit&quot;:&quot;px&quot;,&quot;size&quot;:10,&quot;sizes&quot;:[]},&quot;gap_mobile&quot;:{&quot;unit&quot;:&quot;px&quot;,&quot;size&quot;:10,&quot;sizes&quot;:[]},&quot;aspect_ratio&quot;:&quot;3:2&quot;,&quot;content_hover_animation&quot;:&quot;fade-in&quot;}\" data-widget_type=\"gallery.default\">\n\t\t\t\t<div class=\"elementor-widget-container\">\n\t\t\t\t\t\t\t<div class=\"elementor-gallery__container\">\n\t\t\t\t\t\t\t<div class=\"e-gallery-item elementor-gallery-item elementor-animated-content\">\n\t\t\t\t\t<div class=\"e-gallery-image elementor-gallery-item__image\" data-thumbnail=\"https:\/\/luciaprajisteanu.ro\/wp-content\/uploads\/2025\/08\/WhatsApp-Image-2025-08-11-at-13.35.58_13a8e539-768x1153.jpg\" data-width=\"768\" data-height=\"1153\" aria-label=\"Sold\u0103\u021bel decorativ luminat \u00een fa\u021ba unui carusel vene\u021bian la Santa\u2019s Land Bucure\u0219ti, atrac\u021bie de poveste pentru \u00eentreaga familie\" role=\"img\" ><\/div>\n\t\t\t\t\t\t\t\t\t\t\t\t\t\t<\/div>\n\t\t\t\t\t\t\t<div class=\"e-gallery-item elementor-gallery-item elementor-animated-content\">\n\t\t\t\t\t<div class=\"e-gallery-image elementor-gallery-item__image\" data-thumbnail=\"https:\/\/luciaprajisteanu.ro\/wp-content\/uploads\/2025\/08\/WhatsApp-Image-2025-08-11-at-13.35.58_c9f4f1ea-768x512.jpg\" data-width=\"768\" data-height=\"512\" aria-label=\"Sold\u0103\u021bei decorativi colora\u021bi la T\u00e2rgul de Cr\u0103ciun din Bucure\u0219ti, al\u0103turi de c\u0103su\u021be tradi\u021bionale \u00eempodobite pentru s\u0103rb\u0103tori\" role=\"img\" ><\/div>\n\t\t\t\t\t\t\t\t\t\t\t\t\t\t<\/div>\n\t\t\t\t\t\t\t<div class=\"e-gallery-item elementor-gallery-item elementor-animated-content\">\n\t\t\t\t\t<div class=\"e-gallery-image elementor-gallery-item__image\" data-thumbnail=\"https:\/\/luciaprajisteanu.ro\/wp-content\/uploads\/2025\/08\/WhatsApp-Image-2025-08-11-at-13.35.58_5f0227b1-768x1152.jpg\" data-width=\"768\" data-height=\"1152\" aria-label=\"Copil trec\u00e2nd pe sub un arc luminos, l\u00e2ng\u0103 sold\u0103\u021bei decorativi \u0219i carusel vene\u021bian la T\u00e2rgul de Cr\u0103ciun din Pia\u021ba Constitu\u021biei Bucure\u0219ti\" role=\"img\" ><\/div>\n\t\t\t\t\t\t\t\t\t\t\t\t\t\t<\/div>\n\t\t\t\t\t\t\t<div class=\"e-gallery-item elementor-gallery-item elementor-animated-content\">\n\t\t\t\t\t<div class=\"e-gallery-image elementor-gallery-item__image\" data-thumbnail=\"https:\/\/luciaprajisteanu.ro\/wp-content\/uploads\/2025\/08\/WhatsApp-Image-2025-08-11-at-13.35.58_327cf1e8-1-768x512.jpg\" data-width=\"768\" data-height=\"512\" aria-label=\"Carusel vene\u021bian luminat, Roata Mare \u0219i bradul de Cr\u0103ciun din Pia\u021ba Constitu\u021biei Bucure\u0219ti, atrac\u021bii de poveste pentru vizitatori\" role=\"img\" ><\/div>\n\t\t\t\t\t\t\t\t\t\t\t\t\t\t<\/div>\n\t\t\t\t\t<\/div>\n\t\t\t\t\t<\/div>\n\t\t\t\t<\/div>\n\t\t\t\t\t<\/div>\n\t\t\t\t<\/div>\n\t\t<div class=\"elementor-element elementor-element-45a5a72 e-flex e-con-boxed e-con e-parent\" data-id=\"45a5a72\" data-element_type=\"container\">\n\t\t\t\t\t<div class=\"e-con-inner\">\n\t\t<div class=\"elementor-element elementor-element-7da5f00 e-con-full e-flex e-con e-child\" data-id=\"7da5f00\" data-element_type=\"container\">\n\t\t\t\t<div class=\"elementor-element elementor-element-870852e elementor-widget elementor-widget-heading\" data-id=\"870852e\" data-element_type=\"widget\" data-widget_type=\"heading.default\">\n\t\t\t\t<div class=\"elementor-widget-container\">\n\t\t\t\t\t<h2 class=\"elementor-heading-title elementor-size-default\">INAUGURATED AT THE CHRISTMAS FAIR IN CONSTITUTION SQUARE<\/h2>\t\t\t\t<\/div>\n\t\t\t\t<\/div>\n\t\t<div class=\"elementor-element elementor-element-748227d e-con-full e-flex e-con e-child\" data-id=\"748227d\" data-element_type=\"container\">\n\t\t\t\t<div class=\"elementor-element elementor-element-d39a2e7 elementor-widget elementor-widget-text-editor\" data-id=\"d39a2e7\" data-element_type=\"widget\" data-widget_type=\"text-editor.default\">\n\t\t\t\t<div class=\"elementor-widget-container\">\n\t\t\t\t\t\t\t\t\t<p>For the 2023 edition of the Christmas Fair in Constitution Square, Britta Trading brought the largest Venetian carousel ever placed in a fair in Romania.<br \/>Built in Italy, in a factory with over 100 years of tradition, and hand-painted with the finest details, the carousel immediately became the main attraction of the fair.<\/p><p>With its impressive silhouette and romantic atmosphere, the attraction offers an unforgettable experience for visitors of all ages \u2014 whether it\u2019s children discovering the magic of a carousel for the first time or adults reliving cherished childhood memories.<\/p>\t\t\t\t\t\t\t\t<\/div>\n\t\t\t\t<\/div>\n\t\t\t\t<\/div>\n\t\t\t\t<\/div>\n\t\t<div class=\"elementor-element elementor-element-3cfc349 e-con-full e-flex e-con e-child\" data-id=\"3cfc349\" data-element_type=\"container\" data-settings=\"{&quot;background_background&quot;:&quot;classic&quot;}\">\n\t\t\t\t<div class=\"elementor-element elementor-element-4253ec7 elementor-widget elementor-widget-image\" data-id=\"4253ec7\" data-element_type=\"widget\" data-widget_type=\"image.default\">\n\t\t\t\t<div class=\"elementor-widget-container\">\n\t\t\t\t\t\t\t\t\t\t\t\t\t\t\t<img decoding=\"async\" width=\"1024\" height=\"682\" src=\"https:\/\/luciaprajisteanu.ro\/wp-content\/uploads\/2025\/08\/WhatsApp-Image-2025-08-11-at-13.35.58_36f80ab3-1024x682.jpg\" class=\"attachment-large size-large wp-image-3353\" alt=\"Descoper\u0103 fa\u021beta autentic\u0103 a Luciei Pr\u0103ji\u0219teanu \u2013 lider\u0103 cu viziune, apropiat\u0103 de public, creatoarea experientelor Magice din parcurile tematice.\" srcset=\"https:\/\/luciaprajisteanu.ro\/wp-content\/uploads\/2025\/08\/WhatsApp-Image-2025-08-11-at-13.35.58_36f80ab3-1024x682.jpg 1024w, https:\/\/luciaprajisteanu.ro\/wp-content\/uploads\/2025\/08\/WhatsApp-Image-2025-08-11-at-13.35.58_36f80ab3-300x200.jpg 300w, https:\/\/luciaprajisteanu.ro\/wp-content\/uploads\/2025\/08\/WhatsApp-Image-2025-08-11-at-13.35.58_36f80ab3-768x512.jpg 768w, https:\/\/luciaprajisteanu.ro\/wp-content\/uploads\/2025\/08\/WhatsApp-Image-2025-08-11-at-13.35.58_36f80ab3-1536x1023.jpg 1536w, https:\/\/luciaprajisteanu.ro\/wp-content\/uploads\/2025\/08\/WhatsApp-Image-2025-08-11-at-13.35.58_36f80ab3.jpg 1600w\" sizes=\"(max-width: 1024px) 100vw, 1024px\" \/>\t\t\t\t\t\t\t\t\t\t\t\t\t\t\t<\/div>\n\t\t\t\t<\/div>\n\t\t\t\t<\/div>\n\t\t\t\t\t<\/div>\n\t\t\t\t<\/div>\n\t\t<div class=\"elementor-element elementor-element-8e31ce2 e-flex e-con-boxed e-con e-parent\" data-id=\"8e31ce2\" data-element_type=\"container\">\n\t\t\t\t\t<div class=\"e-con-inner\">\n\t\t\t\t<div class=\"elementor-element elementor-element-29e72aa elementor-widget elementor-widget-heading\" data-id=\"29e72aa\" data-element_type=\"widget\" data-widget_type=\"heading.default\">\n\t\t\t\t<div class=\"elementor-widget-container\">\n\t\t\t\t\t<h2 class=\"elementor-heading-title elementor-size-default\">A FAIRYTALE EXPERIENCE <br>\nFOR THE WHOLE FAMILY<\/h2>\t\t\t\t<\/div>\n\t\t\t\t<\/div>\n\t\t\t\t<div class=\"elementor-element elementor-element-1608196 elementor-widget__width-initial elementor-widget elementor-widget-text-editor\" data-id=\"1608196\" data-element_type=\"widget\" data-widget_type=\"text-editor.default\">\n\t\t\t\t<div class=\"elementor-widget-container\">\n\t\t\t\t\t\t\t\t\t<p>Around the carousel, Constitution Square transformed into a spectacular winter landscape: twinkling lights, carols, the aroma of mulled wine, and traditional treats. Yet at the heart of it all remained this Venetian jewel, a symbol of elegance and festive spirit.<\/p>\t\t\t\t\t\t\t\t<\/div>\n\t\t\t\t<\/div>\n\t\t\t\t\t<\/div>\n\t\t\t\t<\/div>\n\t\t\t\t<\/div>\n\t\t","protected":false},"excerpt":{"rendered":"<p>BUCHAREST CHRISTMAS FAIR \u2013 CONSTITUTION SQUARE A fairytale corner in the heart of the capital, where the magic of the holidays blends with the elegance of a unique attraction in Romania. THE SPIRIT OF CHRISTMAS, TRANSLATED INTO ELEGANCE AND MAGIC How the story began:\u201cMy wish is for every Britta project to bring people not only [&hellip;]<\/p>\n","protected":false},"author":1,"featured_media":0,"parent":0,"menu_order":0,"comment_status":"closed","ping_status":"closed","template":"","meta":{"footnotes":""},"class_list":["post-3376","page","type-page","status-publish","hentry"],"blocksy_meta":{"has_hero_section":"disabled","vertical_spacing_source":"custom","content_area_spacing":"none","styles_descriptor":{"styles":{"desktop":"","tablet":"","mobile":""},"google_fonts":[],"version":6}},"_links":{"self":[{"href":"https:\/\/luciaprajisteanu.ro\/en\/index.php?rest_route=\/wp\/v2\/pages\/3376","targetHints":{"allow":["GET"]}}],"collection":[{"href":"https:\/\/luciaprajisteanu.ro\/en\/index.php?rest_route=\/wp\/v2\/pages"}],"about":[{"href":"https:\/\/luciaprajisteanu.ro\/en\/index.php?rest_route=\/wp\/v2\/types\/page"}],"author":[{"embeddable":true,"href":"https:\/\/luciaprajisteanu.ro\/en\/index.php?rest_route=\/wp\/v2\/users\/1"}],"replies":[{"embeddable":true,"href":"https:\/\/luciaprajisteanu.ro\/en\/index.php?rest_route=%2Fwp%2Fv2%2Fcomments&post=3376"}],"version-history":[{"count":3,"href":"https:\/\/luciaprajisteanu.ro\/en\/index.php?rest_route=\/wp\/v2\/pages\/3376\/revisions"}],"predecessor-version":[{"id":3382,"href":"https:\/\/luciaprajisteanu.ro\/en\/index.php?rest_route=\/wp\/v2\/pages\/3376\/revisions\/3382"}],"wp:attachment":[{"href":"https:\/\/luciaprajisteanu.ro\/en\/index.php?rest_route=%2Fwp%2Fv2%2Fmedia&parent=3376"}],"curies":[{"name":"wp","href":"https:\/\/api.w.org\/{rel}","templated":true}]}}