{"id":3375,"date":"2025-08-11T14:36:35","date_gmt":"2025-08-11T14:36:35","guid":{"rendered":"https:\/\/luciaprajisteanu.ro\/laminor-winter-wonderland\/"},"modified":"2025-08-11T16:49:36","modified_gmt":"2025-08-11T16:49:36","slug":"laminor-winter-wonderland","status":"publish","type":"page","link":"https:\/\/luciaprajisteanu.ro\/en?page_id=3375","title":{"rendered":"Laminor Winter Wonderland"},"content":{"rendered":"\t\t<div data-elementor-type=\"wp-page\" data-elementor-id=\"3375\" class=\"elementor elementor-3375\" data-elementor-post-type=\"page\">\n\t\t\t\t<div class=\"elementor-element elementor-element-40d1685 e-flex e-con-boxed e-con e-parent\" data-id=\"40d1685\" data-element_type=\"container\">\n\t\t\t\t\t<div class=\"e-con-inner\">\n\t\t<div class=\"elementor-element elementor-element-a880644 e-con-full e-flex e-con e-child\" data-id=\"a880644\" data-element_type=\"container\" data-settings=\"{&quot;background_background&quot;:&quot;classic&quot;}\">\n\t\t\t\t<div class=\"elementor-element elementor-element-0dfef1c elementor-widget elementor-widget-image\" data-id=\"0dfef1c\" data-element_type=\"widget\" data-widget_type=\"image.default\">\n\t\t\t\t<div class=\"elementor-widget-container\">\n\t\t\t\t\t\t\t\t\t\t\t\t\t\t\t<img fetchpriority=\"high\" decoding=\"async\" width=\"900\" height=\"675\" src=\"https:\/\/luciaprajisteanu.ro\/wp-content\/uploads\/2025\/08\/ww.png\" class=\"attachment-large size-large wp-image-3336\" alt=\"\" srcset=\"https:\/\/luciaprajisteanu.ro\/wp-content\/uploads\/2025\/08\/ww.png 900w, https:\/\/luciaprajisteanu.ro\/wp-content\/uploads\/2025\/08\/ww-300x225.png 300w, https:\/\/luciaprajisteanu.ro\/wp-content\/uploads\/2025\/08\/ww-768x576.png 768w\" sizes=\"(max-width: 900px) 100vw, 900px\" \/>\t\t\t\t\t\t\t\t\t\t\t\t\t\t\t<\/div>\n\t\t\t\t<\/div>\n\t\t\t\t<\/div>\n\t\t<div class=\"elementor-element elementor-element-9935be7 e-con-full e-flex e-con e-child\" data-id=\"9935be7\" data-element_type=\"container\">\n\t\t\t\t<div class=\"elementor-element elementor-element-c6ad3ea elementor-widget elementor-widget-heading\" data-id=\"c6ad3ea\" data-element_type=\"widget\" data-widget_type=\"heading.default\">\n\t\t\t\t<div class=\"elementor-widget-container\">\n\t\t\t\t\t<h2 class=\"elementor-heading-title elementor-size-default\">LAMINOR WINTER WONDERLAND\n<\/h2>\t\t\t\t<\/div>\n\t\t\t\t<\/div>\n\t\t\t\t<div class=\"elementor-element elementor-element-1919828 elementor-widget elementor-widget-text-editor\" data-id=\"1919828\" data-element_type=\"widget\" data-widget_type=\"text-editor.default\">\n\t\t\t\t<div class=\"elementor-widget-container\">\n\t\t\t\t\t\t\t\t\t<p>A spectacular winter wonderland, set up both indoors and outdoors, where five themed areas transform Hala Laminor into a holiday experience for the whole family.<\/p>\t\t\t\t\t\t\t\t<\/div>\n\t\t\t\t<\/div>\n\t\t\t\t<\/div>\n\t\t\t\t\t<\/div>\n\t\t\t\t<\/div>\n\t\t<div class=\"elementor-element elementor-element-80ff58a e-flex e-con-boxed e-con e-parent\" data-id=\"80ff58a\" data-element_type=\"container\">\n\t\t\t\t\t<div class=\"e-con-inner\">\n\t\t\t\t<div class=\"elementor-element elementor-element-21bf78d elementor-widget elementor-widget-heading\" data-id=\"21bf78d\" data-element_type=\"widget\" data-widget_type=\"heading.default\">\n\t\t\t\t<div class=\"elementor-widget-container\">\n\t\t\t\t\t<h2 class=\"elementor-heading-title elementor-size-default\">HOW BRITTA TRADING <br> CONTRIBUTED TO THE MAGIC AT LAMINOR<\/h2>\t\t\t\t<\/div>\n\t\t\t\t<\/div>\n\t\t\t\t<div class=\"elementor-element elementor-element-39505f3 elementor-widget__width-initial elementor-widget elementor-widget-text-editor\" data-id=\"39505f3\" data-element_type=\"widget\" data-widget_type=\"text-editor.default\">\n\t\t\t\t<div class=\"elementor-widget-container\">\n\t\t\t\t\t\t\t\t\t<p>\u201cFor me, every project is an opportunity to bring a touch of magic to places where people come to enjoy themselves together. At Laminor Winter Wonderland, I chose to contribute with an iconic attraction suitable for all ages: the 30-meter panoramic wheel.\u201d (Lucia Pr\u0103ji\u0219teanu)<\/p>\t\t\t\t\t\t\t\t<\/div>\n\t\t\t\t<\/div>\n\t\t\t\t<div class=\"elementor-element elementor-element-be23254 elementor-widget elementor-widget-gallery\" data-id=\"be23254\" data-element_type=\"widget\" data-settings=\"{&quot;lazyload&quot;:&quot;yes&quot;,&quot;gallery_layout&quot;:&quot;grid&quot;,&quot;columns&quot;:4,&quot;columns_tablet&quot;:2,&quot;columns_mobile&quot;:1,&quot;gap&quot;:{&quot;unit&quot;:&quot;px&quot;,&quot;size&quot;:10,&quot;sizes&quot;:[]},&quot;gap_tablet&quot;:{&quot;unit&quot;:&quot;px&quot;,&quot;size&quot;:10,&quot;sizes&quot;:[]},&quot;gap_mobile&quot;:{&quot;unit&quot;:&quot;px&quot;,&quot;size&quot;:10,&quot;sizes&quot;:[]},&quot;aspect_ratio&quot;:&quot;3:2&quot;,&quot;content_hover_animation&quot;:&quot;fade-in&quot;}\" data-widget_type=\"gallery.default\">\n\t\t\t\t<div class=\"elementor-widget-container\">\n\t\t\t\t\t\t\t<div class=\"elementor-gallery__container\">\n\t\t\t\t\t\t\t<div class=\"e-gallery-item elementor-gallery-item elementor-animated-content\">\n\t\t\t\t\t<div class=\"e-gallery-image elementor-gallery-item__image\" data-thumbnail=\"https:\/\/luciaprajisteanu.ro\/wp-content\/uploads\/2025\/08\/WhatsApp-Image-2025-08-11-at-13.35.57_48557230-768x1365.jpg\" data-width=\"768\" data-height=\"1365\" aria-label=\"\" role=\"img\" ><\/div>\n\t\t\t\t\t\t\t\t\t\t\t\t\t\t<\/div>\n\t\t\t\t\t\t\t<div class=\"e-gallery-item elementor-gallery-item elementor-animated-content\">\n\t\t\t\t\t<div class=\"e-gallery-image elementor-gallery-item__image\" data-thumbnail=\"https:\/\/luciaprajisteanu.ro\/wp-content\/uploads\/2025\/08\/WhatsApp-Image-2025-08-11-at-13.35.58_8fbb6692-768x1024.jpg\" data-width=\"768\" data-height=\"1024\" aria-label=\"Copil pe biciclet\u0103 \u00een fa\u021ba Ro\u021bii Mari de la Laminor Wonderland Bucure\u0219ti, atrac\u021bie de sezon pentru vizitatori\" role=\"img\" ><\/div>\n\t\t\t\t\t\t\t\t\t\t\t\t\t\t<\/div>\n\t\t\t\t\t\t\t<div class=\"e-gallery-item elementor-gallery-item elementor-animated-content\">\n\t\t\t\t\t<div class=\"e-gallery-image elementor-gallery-item__image\" data-thumbnail=\"https:\/\/luciaprajisteanu.ro\/wp-content\/uploads\/2025\/08\/WhatsApp-Image-2025-08-11-at-13.35.57_d052ec06-768x1365.jpg\" data-width=\"768\" data-height=\"1365\" aria-label=\"Roata Mare str\u0103lucitoare pe timp de noapte la Laminor Wonderland Bucure\u0219ti, atrac\u021bie spectaculoas\u0103 pentru vizitatori\" role=\"img\" ><\/div>\n\t\t\t\t\t\t\t\t\t\t\t\t\t\t<\/div>\n\t\t\t\t\t\t\t<div class=\"e-gallery-item elementor-gallery-item elementor-animated-content\">\n\t\t\t\t\t<div class=\"e-gallery-image elementor-gallery-item__image\" data-thumbnail=\"https:\/\/luciaprajisteanu.ro\/wp-content\/uploads\/2025\/08\/WhatsApp-Image-2025-08-11-at-13.35.58_a964f44a-768x1365.jpg\" data-width=\"768\" data-height=\"1365\" aria-label=\"Pasaj luminat cu instala\u021bii colorate \u0219i decoruri str\u0103lucitoare la Magic City Bucure\u0219ti, experien\u021b\u0103 nocturn\u0103 spectaculoas\u0103 pentru vizitatori\" role=\"img\" ><\/div>\n\t\t\t\t\t\t\t\t\t\t\t\t\t\t<\/div>\n\t\t\t\t\t<\/div>\n\t\t\t\t\t<\/div>\n\t\t\t\t<\/div>\n\t\t\t\t\t<\/div>\n\t\t\t\t<\/div>\n\t\t<div class=\"elementor-element elementor-element-45a5a72 e-flex e-con-boxed e-con e-parent\" data-id=\"45a5a72\" data-element_type=\"container\">\n\t\t\t\t\t<div class=\"e-con-inner\">\n\t\t<div class=\"elementor-element elementor-element-7da5f00 e-con-full e-flex e-con e-child\" data-id=\"7da5f00\" data-element_type=\"container\">\n\t\t\t\t<div class=\"elementor-element elementor-element-870852e elementor-widget elementor-widget-heading\" data-id=\"870852e\" data-element_type=\"widget\" data-widget_type=\"heading.default\">\n\t\t\t\t<div class=\"elementor-widget-container\">\n\t\t\t\t\t<h2 class=\"elementor-heading-title elementor-size-default\">ATTRACTIONS AND THEMES<\/h2>\t\t\t\t<\/div>\n\t\t\t\t<\/div>\n\t\t<div class=\"elementor-element elementor-element-748227d e-con-full e-flex e-con e-child\" data-id=\"748227d\" data-element_type=\"container\">\n\t\t\t\t<div class=\"elementor-element elementor-element-d39a2e7 elementor-widget elementor-widget-text-editor\" data-id=\"d39a2e7\" data-element_type=\"widget\" data-widget_type=\"text-editor.default\">\n\t\t\t\t<div class=\"elementor-widget-container\">\n\t\t\t\t\t\t\t\t\t<p>The 2024 fair was divided into five magical realms:<br \/>\u2022 North Pole<br \/>\u2022 Magic Forest<br \/>\u2022 Tropical Xmas (with palm trees)<br \/>\u2022 Circus Xmas<br \/>\u2022 Iceland<br \/><br \/><\/p>\t\t\t\t\t\t\t\t<\/div>\n\t\t\t\t<\/div>\n\t\t\t\t<div class=\"elementor-element elementor-element-bb9fcb5 elementor-widget elementor-widget-text-editor\" data-id=\"bb9fcb5\" data-element_type=\"widget\" data-widget_type=\"text-editor.default\">\n\t\t\t\t<div class=\"elementor-widget-container\">\n\t\t\t\t\t\t\t\t\t<p>In addition to these, visitors could enjoy:<br \/>\u2022 The 30-meter panoramic wheel brought by Britta Trading \u2013 a vantage point overlooking the entire fair.<br \/>\u2022 An almost 9-meter-tall Santa Claus statue.<br \/>\u2022 An outdoor ice rink.<\/p>\t\t\t\t\t\t\t\t<\/div>\n\t\t\t\t<\/div>\n\t\t\t\t<\/div>\n\t\t\t\t<\/div>\n\t\t<div class=\"elementor-element elementor-element-3cfc349 e-con-full e-flex e-con e-child\" data-id=\"3cfc349\" data-element_type=\"container\" data-settings=\"{&quot;background_background&quot;:&quot;classic&quot;}\">\n\t\t\t\t<div class=\"elementor-element elementor-element-4253ec7 elementor-widget elementor-widget-image\" data-id=\"4253ec7\" data-element_type=\"widget\" data-widget_type=\"image.default\">\n\t\t\t\t<div class=\"elementor-widget-container\">\n\t\t\t\t\t\t\t\t\t\t\t\t\t\t\t<img decoding=\"async\" width=\"1024\" height=\"577\" src=\"https:\/\/luciaprajisteanu.ro\/wp-content\/uploads\/2025\/08\/WhatsApp-Image-2025-08-11-at-13.35.58_e80399d9-1024x577.jpg\" class=\"attachment-large size-large wp-image-3338\" alt=\"Vizitatori la Laminor Wonderland Bucure\u0219ti, sub luminile festive, \u00een fa\u021ba atrac\u021biei Music Power \u0219i a Ro\u021bii Mari\" srcset=\"https:\/\/luciaprajisteanu.ro\/wp-content\/uploads\/2025\/08\/WhatsApp-Image-2025-08-11-at-13.35.58_e80399d9-1024x577.jpg 1024w, https:\/\/luciaprajisteanu.ro\/wp-content\/uploads\/2025\/08\/WhatsApp-Image-2025-08-11-at-13.35.58_e80399d9-300x169.jpg 300w, https:\/\/luciaprajisteanu.ro\/wp-content\/uploads\/2025\/08\/WhatsApp-Image-2025-08-11-at-13.35.58_e80399d9-768x433.jpg 768w, https:\/\/luciaprajisteanu.ro\/wp-content\/uploads\/2025\/08\/WhatsApp-Image-2025-08-11-at-13.35.58_e80399d9.jpg 1200w\" sizes=\"(max-width: 1024px) 100vw, 1024px\" \/>\t\t\t\t\t\t\t\t\t\t\t\t\t\t\t<\/div>\n\t\t\t\t<\/div>\n\t\t\t\t<\/div>\n\t\t\t\t\t<\/div>\n\t\t\t\t<\/div>\n\t\t<div class=\"elementor-element elementor-element-8e31ce2 e-flex e-con-boxed e-con e-parent\" data-id=\"8e31ce2\" data-element_type=\"container\">\n\t\t\t\t\t<div class=\"e-con-inner\">\n\t\t\t\t<div class=\"elementor-element elementor-element-29e72aa elementor-widget elementor-widget-heading\" data-id=\"29e72aa\" data-element_type=\"widget\" data-widget_type=\"heading.default\">\n\t\t\t\t<div class=\"elementor-widget-container\">\n\t\t\t\t\t<h2 class=\"elementor-heading-title elementor-size-default\">A COMPLETE EXPERIENCE<\/h2>\t\t\t\t<\/div>\n\t\t\t\t<\/div>\n\t\t\t\t<div class=\"elementor-element elementor-element-1608196 elementor-widget__width-initial elementor-widget elementor-widget-text-editor\" data-id=\"1608196\" data-element_type=\"widget\" data-widget_type=\"text-editor.default\">\n\t\t\t\t<div class=\"elementor-widget-container\">\n\t\t\t\t\t\t\t\t\t<p>Each realm featured themed decorations, photo areas, and elements inspired by major European fairs. The air was filled with the scent of mulled wine, cinnamon, and roasted chestnuts, completing the festive atmosphere.<\/p>\t\t\t\t\t\t\t\t<\/div>\n\t\t\t\t<\/div>\n\t\t\t\t\t<\/div>\n\t\t\t\t<\/div>\n\t\t\t\t<\/div>\n\t\t","protected":false},"excerpt":{"rendered":"<p>LAMINOR WINTER WONDERLAND A spectacular winter wonderland, set up both indoors and outdoors, where five themed areas transform Hala Laminor into a holiday experience for the whole family. HOW BRITTA TRADING CONTRIBUTED TO THE MAGIC AT LAMINOR \u201cFor me, every project is an opportunity to bring a touch of magic to places where people come [&hellip;]<\/p>\n","protected":false},"author":1,"featured_media":0,"parent":0,"menu_order":0,"comment_status":"closed","ping_status":"closed","template":"","meta":{"footnotes":""},"class_list":["post-3375","page","type-page","status-publish","hentry"],"blocksy_meta":{"has_hero_section":"disabled","vertical_spacing_source":"custom","content_area_spacing":"none","styles_descriptor":{"styles":{"desktop":"","tablet":"","mobile":""},"google_fonts":[],"version":6}},"_links":{"self":[{"href":"https:\/\/luciaprajisteanu.ro\/en\/index.php?rest_route=\/wp\/v2\/pages\/3375","targetHints":{"allow":["GET"]}}],"collection":[{"href":"https:\/\/luciaprajisteanu.ro\/en\/index.php?rest_route=\/wp\/v2\/pages"}],"about":[{"href":"https:\/\/luciaprajisteanu.ro\/en\/index.php?rest_route=\/wp\/v2\/types\/page"}],"author":[{"embeddable":true,"href":"https:\/\/luciaprajisteanu.ro\/en\/index.php?rest_route=\/wp\/v2\/users\/1"}],"replies":[{"embeddable":true,"href":"https:\/\/luciaprajisteanu.ro\/en\/index.php?rest_route=%2Fwp%2Fv2%2Fcomments&post=3375"}],"version-history":[{"count":3,"href":"https:\/\/luciaprajisteanu.ro\/en\/index.php?rest_route=\/wp\/v2\/pages\/3375\/revisions"}],"predecessor-version":[{"id":3379,"href":"https:\/\/luciaprajisteanu.ro\/en\/index.php?rest_route=\/wp\/v2\/pages\/3375\/revisions\/3379"}],"wp:attachment":[{"href":"https:\/\/luciaprajisteanu.ro\/en\/index.php?rest_route=%2Fwp%2Fv2%2Fmedia&parent=3375"}],"curies":[{"name":"wp","href":"https:\/\/api.w.org\/{rel}","templated":true}]}}