{"id":3022,"date":"2025-07-24T07:54:19","date_gmt":"2025-07-24T07:54:19","guid":{"rendered":"https:\/\/luciaprajisteanu.ro\/craiova-christmas-fair\/"},"modified":"2025-08-08T12:16:40","modified_gmt":"2025-08-08T12:16:40","slug":"craiova-christmas-fair","status":"publish","type":"page","link":"https:\/\/luciaprajisteanu.ro\/en?page_id=3022","title":{"rendered":"Craiova Christmas Fair"},"content":{"rendered":"\t\t<div data-elementor-type=\"wp-page\" data-elementor-id=\"3022\" class=\"elementor elementor-3022\" data-elementor-post-type=\"page\">\n\t\t\t\t<div class=\"elementor-element elementor-element-565b34e e-flex e-con-boxed e-con e-parent\" data-id=\"565b34e\" data-element_type=\"container\" data-settings=\"{&quot;background_background&quot;:&quot;classic&quot;,&quot;shape_divider_bottom&quot;:&quot;mountains&quot;}\">\n\t\t\t\t\t<div class=\"e-con-inner\">\n\t\t\t\t<div class=\"elementor-shape elementor-shape-bottom\" aria-hidden=\"true\" data-negative=\"false\">\n\t\t\t<svg xmlns=\"http:\/\/www.w3.org\/2000\/svg\" viewBox=\"0 0 1000 100\" preserveAspectRatio=\"none\">\n\t<path class=\"elementor-shape-fill\" opacity=\"0.33\" d=\"M473,67.3c-203.9,88.3-263.1-34-320.3,0C66,119.1,0,59.7,0,59.7V0h1000v59.7 c0,0-62.1,26.1-94.9,29.3c-32.8,3.3-62.8-12.3-75.8-22.1C806,49.6,745.3,8.7,694.9,4.7S492.4,59,473,67.3z\"\/>\n\t<path class=\"elementor-shape-fill\" opacity=\"0.66\" d=\"M734,67.3c-45.5,0-77.2-23.2-129.1-39.1c-28.6-8.7-150.3-10.1-254,39.1 s-91.7-34.4-149.2,0C115.7,118.3,0,39.8,0,39.8V0h1000v36.5c0,0-28.2-18.5-92.1-18.5C810.2,18.1,775.7,67.3,734,67.3z\"\/>\n\t<path class=\"elementor-shape-fill\" d=\"M766.1,28.9c-200-57.5-266,65.5-395.1,19.5C242,1.8,242,5.4,184.8,20.6C128,35.8,132.3,44.9,89.9,52.5C28.6,63.7,0,0,0,0 h1000c0,0-9.9,40.9-83.6,48.1S829.6,47,766.1,28.9z\"\/>\n<\/svg>\t\t<\/div>\n\t\t<div class=\"elementor-element elementor-element-44f304d e-con-full e-flex e-con e-child\" data-id=\"44f304d\" data-element_type=\"container\">\n\t\t\t\t<div class=\"elementor-element elementor-element-52d64e8 elementor-invisible elementor-widget elementor-widget-heading\" data-id=\"52d64e8\" data-element_type=\"widget\" data-settings=\"{&quot;_animation&quot;:&quot;fadeIn&quot;}\" data-widget_type=\"heading.default\">\n\t\t\t\t<div class=\"elementor-widget-container\">\n\t\t\t\t\t<h2 class=\"elementor-heading-title elementor-size-default\">Christmas Fair\n<\/h2>\t\t\t\t<\/div>\n\t\t\t\t<\/div>\n\t\t\t\t<div class=\"elementor-element elementor-element-9f378d1 elementor-widget__width-initial elementor-widget-mobile__width-inherit elementor-invisible elementor-widget elementor-widget-text-editor\" data-id=\"9f378d1\" data-element_type=\"widget\" data-settings=\"{&quot;_animation&quot;:&quot;fadeIn&quot;,&quot;_animation_delay&quot;:200}\" data-widget_type=\"text-editor.default\">\n\t\t\t\t<div class=\"elementor-widget-container\">\n\t\t\t\t\t\t\t\t\t<p>A magical land where the story of the holidays takes shape, and every decoration, light, and corner of fun creates an unforgettable experience for the whole family.<\/p>\t\t\t\t\t\t\t\t<\/div>\n\t\t\t\t<\/div>\n\t\t<div class=\"elementor-element elementor-element-da42be2 e-con-full e-flex e-con e-child\" data-id=\"da42be2\" data-element_type=\"container\">\n\t\t\t\t<div class=\"elementor-element elementor-element-c48ebd0 elementor-invisible elementor-widget elementor-widget-button\" data-id=\"c48ebd0\" data-element_type=\"widget\" data-settings=\"{&quot;_animation&quot;:&quot;fadeIn&quot;}\" data-widget_type=\"button.default\">\n\t\t\t\t<div class=\"elementor-widget-container\">\n\t\t\t\t\t\t\t\t\t<div class=\"elementor-button-wrapper\">\n\t\t\t\t\t<a class=\"elementor-button elementor-button-link elementor-size-sm elementor-animation-shrink\" href=\"#concepts\">\n\t\t\t\t\t\t<span class=\"elementor-button-content-wrapper\">\n\t\t\t\t\t\t\t\t\t<span class=\"elementor-button-text\">Concept<\/span>\n\t\t\t\t\t<\/span>\n\t\t\t\t\t<\/a>\n\t\t\t\t<\/div>\n\t\t\t\t\t\t\t\t<\/div>\n\t\t\t\t<\/div>\n\t\t\t\t<div class=\"elementor-element elementor-element-6da0f2e elementor-invisible elementor-widget elementor-widget-button\" data-id=\"6da0f2e\" data-element_type=\"widget\" data-settings=\"{&quot;_animation&quot;:&quot;fadeIn&quot;}\" data-widget_type=\"button.default\">\n\t\t\t\t<div class=\"elementor-widget-container\">\n\t\t\t\t\t\t\t\t\t<div class=\"elementor-button-wrapper\">\n\t\t\t\t\t<a class=\"elementor-button elementor-button-link elementor-size-sm elementor-animation-shrink\" href=\"#galeries\">\n\t\t\t\t\t\t<span class=\"elementor-button-content-wrapper\">\n\t\t\t\t\t\t\t\t\t<span class=\"elementor-button-text\">Gallery<\/span>\n\t\t\t\t\t<\/span>\n\t\t\t\t\t<\/a>\n\t\t\t\t<\/div>\n\t\t\t\t\t\t\t\t<\/div>\n\t\t\t\t<\/div>\n\t\t\t\t<\/div>\n\t\t\t\t<\/div>\n\t\t\t\t\t<\/div>\n\t\t\t\t<\/div>\n\t\t<div class=\"elementor-element elementor-element-97e6fde e-flex e-con-boxed e-con e-parent\" data-id=\"97e6fde\" data-element_type=\"container\">\n\t\t\t\t\t<div class=\"e-con-inner\">\n\t\t\t\t<div class=\"elementor-element elementor-element-9fcbb60 elementor-widget__width-initial elementor-invisible elementor-widget elementor-widget-image\" data-id=\"9fcbb60\" data-element_type=\"widget\" data-settings=\"{&quot;_animation&quot;:&quot;fadeInLeft&quot;}\" data-widget_type=\"image.default\">\n\t\t\t\t<div class=\"elementor-widget-container\">\n\t\t\t\t\t\t\t\t\t\t\t\t\t\t\t<img fetchpriority=\"high\" decoding=\"async\" width=\"900\" height=\"1200\" src=\"https:\/\/luciaprajisteanu.ro\/wp-content\/uploads\/2025\/03\/sl11.png\" class=\"attachment-full size-full wp-image-1773\" alt=\"\" srcset=\"https:\/\/luciaprajisteanu.ro\/wp-content\/uploads\/2025\/03\/sl11.png 900w, https:\/\/luciaprajisteanu.ro\/wp-content\/uploads\/2025\/03\/sl11-225x300.png 225w, https:\/\/luciaprajisteanu.ro\/wp-content\/uploads\/2025\/03\/sl11-768x1024.png 768w\" sizes=\"(max-width: 900px) 100vw, 900px\" \/>\t\t\t\t\t\t\t\t\t\t\t\t\t\t\t<\/div>\n\t\t\t\t<\/div>\n\t\t<div class=\"elementor-element elementor-element-c6c5359 e-con-full e-flex e-con e-child\" data-id=\"c6c5359\" data-element_type=\"container\">\n\t\t\t\t<div class=\"elementor-element elementor-element-64dd307 elementor-align-left elementor-invisible elementor-widget elementor-widget-button\" data-id=\"64dd307\" data-element_type=\"widget\" data-settings=\"{&quot;_animation&quot;:&quot;fadeIn&quot;}\" data-widget_type=\"button.default\">\n\t\t\t\t<div class=\"elementor-widget-container\">\n\t\t\t\t\t\t\t\t\t<div class=\"elementor-button-wrapper\">\n\t\t\t\t\t<a class=\"elementor-button elementor-button-link elementor-size-sm\" href=\"#\">\n\t\t\t\t\t\t<span class=\"elementor-button-content-wrapper\">\n\t\t\t\t\t\t\t\t\t<span class=\"elementor-button-text\">About the Craiova Christmas Fair<\/span>\n\t\t\t\t\t<\/span>\n\t\t\t\t\t<\/a>\n\t\t\t\t<\/div>\n\t\t\t\t\t\t\t\t<\/div>\n\t\t\t\t<\/div>\n\t\t\t\t<div class=\"elementor-element elementor-element-3867ab3 elementor-invisible elementor-widget elementor-widget-heading\" data-id=\"3867ab3\" data-element_type=\"widget\" data-settings=\"{&quot;_animation&quot;:&quot;fadeInRight&quot;}\" data-widget_type=\"heading.default\">\n\t\t\t\t<div class=\"elementor-widget-container\">\n\t\t\t\t\t<h2 class=\"elementor-heading-title elementor-size-default\">The Spirit of Christmas, Transformed into an Experience<\/h2>\t\t\t\t<\/div>\n\t\t\t\t<\/div>\n\t\t<div class=\"elementor-element elementor-element-ac4067e e-flex e-con-boxed e-con e-child\" data-id=\"ac4067e\" data-element_type=\"container\">\n\t\t\t\t\t<div class=\"e-con-inner\">\n\t\t<div class=\"elementor-element elementor-element-bacf5c5 e-con-full e-flex elementor-invisible e-con e-child\" data-id=\"bacf5c5\" data-element_type=\"container\" data-settings=\"{&quot;animation&quot;:&quot;fadeInRight&quot;,&quot;animation_delay&quot;:200}\">\n\t\t\t\t<div class=\"elementor-element elementor-element-3ed3265 elementor-widget elementor-widget-heading\" data-id=\"3ed3265\" data-element_type=\"widget\" data-widget_type=\"heading.default\">\n\t\t\t\t<div class=\"elementor-widget-container\">\n\t\t\t\t\t<h5 class=\"elementor-heading-title elementor-size-default\">How the magic began: an idea with a child\u2019s heart.<\/h5>\t\t\t\t<\/div>\n\t\t\t\t<\/div>\n\t\t\t\t<div class=\"elementor-element elementor-element-658253c elementor-widget elementor-widget-text-editor\" data-id=\"658253c\" data-element_type=\"widget\" data-widget_type=\"text-editor.default\">\n\t\t\t\t<div class=\"elementor-widget-container\">\n\t\t\t\t\t\t\t\t\t<p>\u201cSanta\u2019s Land was born from my desire to bring the magic of Christmas closer to people \u2014 a place where emotion, joy, and the bond between generations come to life. The inspiration came from European winter fairs, but also from my childhood memories \u2014 moments that made me dream of an authentic festive universe, created for the whole family.\u201d<br \/>\u2014 Lucia <span class=\"error-spellcheck\" data-word=\"Pr\u0103ji\u0219teanu\" data-suggestion=\"Deprecating|Prekindergarten\">Pr\u0103ji\u0219teanu<\/span><\/p>\t\t\t\t\t\t\t\t<\/div>\n\t\t\t\t<\/div>\n\t\t\t\t<\/div>\n\t\t\t\t\t<\/div>\n\t\t\t\t<\/div>\n\t\t<div class=\"elementor-element elementor-element-9a6c678 e-flex e-con-boxed e-con e-child\" data-id=\"9a6c678\" data-element_type=\"container\">\n\t\t\t\t\t<div class=\"e-con-inner\">\n\t\t<div class=\"elementor-element elementor-element-675d373 e-con-full e-flex elementor-invisible e-con e-child\" data-id=\"675d373\" data-element_type=\"container\" data-settings=\"{&quot;animation&quot;:&quot;fadeInRight&quot;,&quot;animation_delay&quot;:400}\">\n\t\t\t\t<div class=\"elementor-element elementor-element-5c45074 elementor-widget elementor-widget-heading\" data-id=\"5c45074\" data-element_type=\"widget\" data-widget_type=\"heading.default\">\n\t\t\t\t<div class=\"elementor-widget-container\">\n\t\t\t\t\t<h5 class=\"elementor-heading-title elementor-size-default\">Inaugurated at the Craiova Christmas Fair<\/h5>\t\t\t\t<\/div>\n\t\t\t\t<\/div>\n\t\t\t\t<div class=\"elementor-element elementor-element-42c4e2f elementor-widget elementor-widget-text-editor\" data-id=\"42c4e2f\" data-element_type=\"widget\" data-widget_type=\"text-editor.default\">\n\t\t\t\t<div class=\"elementor-widget-container\">\n\t\t\t\t\t\t\t\t\t<p>Lucia Pr\u0103ji\u0219teanu created a never-before-seen concept in Romania, specially designed for the Craiova Christmas Fair. Spread across nearly 5,000 square meters, a magical mix of attractions was brought to life: a panoramic Ferris wheel with over one million lights, Santa\u2019s elevator, a train ride to the Elves\u2019 Land, Santa\u2019s reindeer-pulled rollercoaster, Grinch\u2019s spinning bench, a virtual reality sleigh ride to Santa\u2019s Land, a two-story Venetian carousel, and bumper cars on an artificial ice rink.<\/p>\t\t\t\t\t\t\t\t<\/div>\n\t\t\t\t<\/div>\n\t\t\t\t<\/div>\n\t\t\t\t\t<\/div>\n\t\t\t\t<\/div>\n\t\t\t\t<\/div>\n\t\t\t\t\t<\/div>\n\t\t\t\t<\/div>\n\t\t<div class=\"elementor-element elementor-element-abf9c57 e-flex e-con-boxed e-con e-parent\" data-id=\"abf9c57\" data-element_type=\"container\">\n\t\t\t\t\t<div class=\"e-con-inner\">\n\t\t<div class=\"elementor-element elementor-element-b2ec6a9 e-con-full e-flex elementor-invisible e-con e-child\" data-id=\"b2ec6a9\" data-element_type=\"container\" data-settings=\"{&quot;animation&quot;:&quot;fadeIn&quot;}\">\n\t\t\t\t<div class=\"elementor-element elementor-element-b2e2435 elementor-widget elementor-widget-heading\" data-id=\"b2e2435\" data-element_type=\"widget\" data-widget_type=\"heading.default\">\n\t\t\t\t<div class=\"elementor-widget-container\">\n\t\t\t\t\t<h2 class=\"elementor-heading-title elementor-size-default\">THE FLYING SANTA PHENOMENON<\/h2>\t\t\t\t<\/div>\n\t\t\t\t<\/div>\n\t\t\t\t<div class=\"elementor-element elementor-element-521600a elementor-widget elementor-widget-text-editor\" data-id=\"521600a\" data-element_type=\"widget\" data-widget_type=\"text-editor.default\">\n\t\t\t\t<div class=\"elementor-widget-container\">\n\t\t\t\t\t\t\t\t\t<p>Flying Santa, the phenomenal attraction of the <span class=\"sc-dcJsrY hKRion AT-ate-chip--compact ate-chip--marker ate-chip ate-chip--compact ate-chip--marker\" data-segment=\"gid_0\" data-type=\"g\">Craiova<\/span> Christmas Fair, went viral online \u2014 not only in Romania, but also abroad. Videos of Santa Claus flying in his reindeer-drawn sleigh above 40,000 people gathered in Mihai Viteazul Square, surrounded by a shower of fireworks, gathered over 600,000 impressions on Instagram and 1.8 million views on TikTok in just a few days, placing <span class=\"sc-dcJsrY gmiSNj AT-ate-chip--compact ate-chip--marker ate-chip ate-chip--compact ate-chip--marker\" data-segment=\"gid_1\" data-type=\"g\">Craiova <\/span>on the map of the most spectacular Christmas fairs in Europe.<\/p><p>\u201cIt was a real challenge to bring the Flying Santa concept to Romania, as there was high demand for the supplier from several countries. Even the organizers of the Christmas fairs in London and Stockholm wanted this attraction \u2014 but we managed to bring it to Craiova.<br \/>The Santa in the sleigh is real, and there are only a few people trained and specialized for such a stunt. Since it takes place at height, extra safety measures are required, and everything demands great care and professionalism. In addition, special structures were built to support the sleigh, resulting in a truly impressive show that stirs strong emotions among visitors.\u201d<br \/>\u2014 Lucia Pr\u0103ji\u0219teanu<\/p>\t\t\t\t\t\t\t\t<\/div>\n\t\t\t\t<\/div>\n\t\t<div class=\"elementor-element elementor-element-27e91d8 e-con-full e-flex e-con e-child\" data-id=\"27e91d8\" data-element_type=\"container\">\n\t\t\t\t<div class=\"elementor-element elementor-element-658b742 elementor-widget elementor-widget-counter\" data-id=\"658b742\" data-element_type=\"widget\" data-widget_type=\"counter.default\">\n\t\t\t\t<div class=\"elementor-widget-container\">\n\t\t\t\t\t\t\t<div class=\"elementor-counter\">\n\t\t\t<div class=\"elementor-counter-title\">Organized Edition<\/div>\t\t\t<div class=\"elementor-counter-number-wrapper\">\n\t\t\t\t<span class=\"elementor-counter-number-prefix\"><\/span>\n\t\t\t\t<span class=\"elementor-counter-number\" data-duration=\"2000\" data-to-value=\"1\" data-from-value=\"0\" data-delimiter=\",\">0<\/span>\n\t\t\t\t<span class=\"elementor-counter-number-suffix\">+<\/span>\n\t\t\t<\/div>\n\t\t<\/div>\n\t\t\t\t\t\t<\/div>\n\t\t\t\t<\/div>\n\t\t\t\t<div class=\"elementor-element elementor-element-fcfff83 elementor-widget elementor-widget-counter\" data-id=\"fcfff83\" data-element_type=\"widget\" data-widget_type=\"counter.default\">\n\t\t\t\t<div class=\"elementor-widget-container\">\n\t\t\t\t\t\t\t<div class=\"elementor-counter\">\n\t\t\t<div class=\"elementor-counter-title\">Visitors<\/div>\t\t\t<div class=\"elementor-counter-number-wrapper\">\n\t\t\t\t<span class=\"elementor-counter-number-prefix\"><\/span>\n\t\t\t\t<span class=\"elementor-counter-number\" data-duration=\"2000\" data-to-value=\"300000\" data-from-value=\"0\" data-delimiter=\",\">0<\/span>\n\t\t\t\t<span class=\"elementor-counter-number-suffix\">+<\/span>\n\t\t\t<\/div>\n\t\t<\/div>\n\t\t\t\t\t\t<\/div>\n\t\t\t\t<\/div>\n\t\t\t\t<\/div>\n\t\t\t\t<\/div>\n\t\t<div class=\"elementor-element elementor-element-a3773ed e-con-full e-flex elementor-invisible e-con e-child\" data-id=\"a3773ed\" data-element_type=\"container\" data-settings=\"{&quot;background_background&quot;:&quot;classic&quot;,&quot;animation&quot;:&quot;fadeInRight&quot;}\">\n\t\t\t\t<\/div>\n\t\t\t\t\t<\/div>\n\t\t\t\t<\/div>\n\t\t<div class=\"elementor-element elementor-element-053b313 animated-slow e-flex e-con-boxed elementor-invisible e-con e-parent\" data-id=\"053b313\" data-element_type=\"container\" data-settings=\"{&quot;animation&quot;:&quot;fadeIn&quot;}\">\n\t\t\t\t\t<div class=\"e-con-inner\">\n\t\t\t\t<div class=\"elementor-element elementor-element-ad27d92 elementor-widget elementor-widget-heading\" data-id=\"ad27d92\" data-element_type=\"widget\" data-widget_type=\"heading.default\">\n\t\t\t\t<div class=\"elementor-widget-container\">\n\t\t\t\t\t<h2 class=\"elementor-heading-title elementor-size-default\">Magic in Images: Christmas <br> Comes to Life in Craiova<\/h2>\t\t\t\t<\/div>\n\t\t\t\t<\/div>\n\t\t\t\t<div class=\"elementor-element elementor-element-7a647da elementor-widget__width-initial elementor-widget elementor-widget-text-editor\" data-id=\"7a647da\" data-element_type=\"widget\" data-widget_type=\"text-editor.default\">\n\t\t\t\t<div class=\"elementor-widget-container\">\n\t\t\t\t\t\t\t\t\t<p>Every corner of Santa&#8217;s Land was designed as a scene straight out of a story \u2013 from performances with Santa Claus and fantastic characters to the glowing decorations and themed attractions. The images capture the essence of a world where Christmas is not just a holiday, but a memorable experience for the whole family.<\/p>\t\t\t\t\t\t\t\t<\/div>\n\t\t\t\t<\/div>\n\t\t\t\t<div class=\"elementor-element elementor-element-0f1dbfb elementor-widget elementor-widget-gallery\" data-id=\"0f1dbfb\" data-element_type=\"widget\" data-settings=\"{&quot;lazyload&quot;:&quot;yes&quot;,&quot;gallery_layout&quot;:&quot;grid&quot;,&quot;columns&quot;:4,&quot;columns_tablet&quot;:2,&quot;columns_mobile&quot;:1,&quot;gap&quot;:{&quot;unit&quot;:&quot;px&quot;,&quot;size&quot;:10,&quot;sizes&quot;:[]},&quot;gap_tablet&quot;:{&quot;unit&quot;:&quot;px&quot;,&quot;size&quot;:10,&quot;sizes&quot;:[]},&quot;gap_mobile&quot;:{&quot;unit&quot;:&quot;px&quot;,&quot;size&quot;:10,&quot;sizes&quot;:[]},&quot;aspect_ratio&quot;:&quot;3:2&quot;,&quot;content_hover_animation&quot;:&quot;fade-in&quot;}\" data-widget_type=\"gallery.default\">\n\t\t\t\t<div class=\"elementor-widget-container\">\n\t\t\t\t\t\t\t<div class=\"elementor-gallery__container\">\n\t\t\t\t\t\t\t<div class=\"e-gallery-item elementor-gallery-item elementor-animated-content\">\n\t\t\t\t\t<div class=\"e-gallery-image elementor-gallery-item__image\" data-thumbnail=\"https:\/\/luciaprajisteanu.ro\/wp-content\/uploads\/2025\/03\/s8-768x576.png\" data-width=\"768\" data-height=\"576\" aria-label=\"\" role=\"img\" ><\/div>\n\t\t\t\t\t\t\t\t\t\t\t\t\t\t<\/div>\n\t\t\t\t\t\t\t<div class=\"e-gallery-item elementor-gallery-item elementor-animated-content\">\n\t\t\t\t\t<div class=\"e-gallery-image elementor-gallery-item__image\" data-thumbnail=\"https:\/\/luciaprajisteanu.ro\/wp-content\/uploads\/2025\/08\/WhatsApp-Image-2025-08-06-at-09.02.07_0b23bcc3-768x611.jpg\" data-width=\"768\" data-height=\"611\" aria-label=\"Vizitatori \u00een sania ro\u0219ie decorativ\u0103 din Santa\u2019s Land Craiova, decor festiv de Cr\u0103ciun cu lumini \u0219i brad \u00eempodobit\" role=\"img\" ><\/div>\n\t\t\t\t\t\t\t\t\t\t\t\t\t\t<\/div>\n\t\t\t\t\t\t\t<div class=\"e-gallery-item elementor-gallery-item elementor-animated-content\">\n\t\t\t\t\t<div class=\"e-gallery-image elementor-gallery-item__image\" data-thumbnail=\"https:\/\/luciaprajisteanu.ro\/wp-content\/uploads\/2025\/07\/WhatsApp-Image-2025-07-17-at-17.00.40-768x512.jpeg\" data-width=\"768\" data-height=\"512\" aria-label=\"Copii \u00een sania lui Mo\u0219 Cr\u0103ciun, decor festiv cu elf luminos \u0219i panou Santa\u2019s Land, atrac\u021bie de Cr\u0103ciun pentru \u00eentreaga familie\" role=\"img\" ><\/div>\n\t\t\t\t\t\t\t\t\t\t\t\t\t\t<\/div>\n\t\t\t\t\t\t\t<div class=\"e-gallery-item elementor-gallery-item elementor-animated-content\">\n\t\t\t\t\t<div class=\"e-gallery-image elementor-gallery-item__image\" data-thumbnail=\"https:\/\/luciaprajisteanu.ro\/wp-content\/uploads\/2025\/03\/s2-768x576.png\" data-width=\"768\" data-height=\"576\" aria-label=\"\" role=\"img\" ><\/div>\n\t\t\t\t\t\t\t\t\t\t\t\t\t\t<\/div>\n\t\t\t\t\t\t\t<div class=\"e-gallery-item elementor-gallery-item elementor-animated-content\">\n\t\t\t\t\t<div class=\"e-gallery-image elementor-gallery-item__image\" data-thumbnail=\"https:\/\/luciaprajisteanu.ro\/wp-content\/uploads\/2025\/03\/s4-768x576.png\" data-width=\"768\" data-height=\"576\" aria-label=\"\" role=\"img\" ><\/div>\n\t\t\t\t\t\t\t\t\t\t\t\t\t\t<\/div>\n\t\t\t\t\t\t\t<div class=\"e-gallery-item elementor-gallery-item elementor-animated-content\">\n\t\t\t\t\t<div class=\"e-gallery-image elementor-gallery-item__image\" data-thumbnail=\"https:\/\/luciaprajisteanu.ro\/wp-content\/uploads\/2025\/03\/s5-768x576.png\" data-width=\"768\" data-height=\"576\" aria-label=\"\" role=\"img\" ><\/div>\n\t\t\t\t\t\t\t\t\t\t\t\t\t\t<\/div>\n\t\t\t\t\t\t\t<div class=\"e-gallery-item elementor-gallery-item elementor-animated-content\">\n\t\t\t\t\t<div class=\"e-gallery-image elementor-gallery-item__image\" data-thumbnail=\"https:\/\/luciaprajisteanu.ro\/wp-content\/uploads\/2025\/08\/WhatsApp-Image-2025-08-06-at-09.02.08_8b66bd12-768x559.jpg\" data-width=\"768\" data-height=\"559\" aria-label=\"Vizitatori la Santa\u2019s Land Craiova, \u00een fa\u021ba decorurilor de Cr\u0103ciun cu brad \u00eempodobit \u0219i Mo\u0219 Cr\u0103ciun pe motociclet\u0103, loc magic pentru \u00eentreaga familie\" role=\"img\" ><\/div>\n\t\t\t\t\t\t\t\t\t\t\t\t\t\t<\/div>\n\t\t\t\t\t\t\t<div class=\"e-gallery-item elementor-gallery-item elementor-animated-content\">\n\t\t\t\t\t<div class=\"e-gallery-image elementor-gallery-item__image\" data-thumbnail=\"https:\/\/luciaprajisteanu.ro\/wp-content\/uploads\/2025\/03\/s6-768x576.png\" data-width=\"768\" data-height=\"576\" aria-label=\"\" role=\"img\" ><\/div>\n\t\t\t\t\t\t\t\t\t\t\t\t\t\t<\/div>\n\t\t\t\t\t\t\t<div class=\"e-gallery-item elementor-gallery-item elementor-animated-content\">\n\t\t\t\t\t<div class=\"e-gallery-image elementor-gallery-item__image\" data-thumbnail=\"https:\/\/luciaprajisteanu.ro\/wp-content\/uploads\/2025\/03\/s1-768x576.png\" data-width=\"768\" data-height=\"576\" aria-label=\"\" role=\"img\" ><\/div>\n\t\t\t\t\t\t\t\t\t\t\t\t\t\t<\/div>\n\t\t\t\t\t\t\t<div class=\"e-gallery-item elementor-gallery-item elementor-animated-content\">\n\t\t\t\t\t<div class=\"e-gallery-image elementor-gallery-item__image\" data-thumbnail=\"https:\/\/luciaprajisteanu.ro\/wp-content\/uploads\/2025\/03\/s7-768x576.png\" data-width=\"768\" data-height=\"576\" aria-label=\"\" role=\"img\" ><\/div>\n\t\t\t\t\t\t\t\t\t\t\t\t\t\t<\/div>\n\t\t\t\t\t\t\t<div class=\"e-gallery-item elementor-gallery-item elementor-animated-content\">\n\t\t\t\t\t<div class=\"e-gallery-image elementor-gallery-item__image\" data-thumbnail=\"https:\/\/luciaprajisteanu.ro\/wp-content\/uploads\/2025\/03\/s3-768x576.png\" data-width=\"768\" data-height=\"576\" aria-label=\"\" role=\"img\" ><\/div>\n\t\t\t\t\t\t\t\t\t\t\t\t\t\t<\/div>\n\t\t\t\t\t\t\t<div class=\"e-gallery-item elementor-gallery-item elementor-animated-content\">\n\t\t\t\t\t<div class=\"e-gallery-image elementor-gallery-item__image\" data-thumbnail=\"https:\/\/luciaprajisteanu.ro\/wp-content\/uploads\/2025\/07\/WhatsApp-Image-2025-07-17-at-17.00.23-768x1152.jpeg\" data-width=\"768\" data-height=\"1152\" aria-label=\"Roata Mare luminat\u0103 pe timp de noapte la Santa\u2019s Land, \u00eenconjurat\u0103 de sold\u0103\u021bei decorativi, acadele uria\u0219e \u0219i brazi \u00eempodobi\u021bi de s\u0103rb\u0103toare\" role=\"img\" ><\/div>\n\t\t\t\t\t\t\t\t\t\t\t\t\t\t<\/div>\n\t\t\t\t\t<\/div>\n\t\t\t\t\t<\/div>\n\t\t\t\t<\/div>\n\t\t\t\t\t<\/div>\n\t\t\t\t<\/div>\n\t\t\t\t<\/div>\n\t\t","protected":false},"excerpt":{"rendered":"<p>Christmas Fair A magical land where the story of the holidays takes shape, and every decoration, light, and corner of fun creates an unforgettable experience for the whole family. Concept Gallery About the Craiova Christmas Fair The Spirit of Christmas, Transformed into an Experience How the magic began: an idea with a child\u2019s heart. \u201cSanta\u2019s [&hellip;]<\/p>\n","protected":false},"author":1,"featured_media":0,"parent":0,"menu_order":0,"comment_status":"closed","ping_status":"closed","template":"","meta":{"footnotes":""},"class_list":["post-3022","page","type-page","status-publish","hentry"],"blocksy_meta":{"has_hero_section":"disabled","vertical_spacing_source":"custom","content_area_spacing":"none","styles_descriptor":{"styles":{"desktop":"","tablet":"","mobile":""},"google_fonts":[],"version":6}},"_links":{"self":[{"href":"https:\/\/luciaprajisteanu.ro\/en\/index.php?rest_route=\/wp\/v2\/pages\/3022","targetHints":{"allow":["GET"]}}],"collection":[{"href":"https:\/\/luciaprajisteanu.ro\/en\/index.php?rest_route=\/wp\/v2\/pages"}],"about":[{"href":"https:\/\/luciaprajisteanu.ro\/en\/index.php?rest_route=\/wp\/v2\/types\/page"}],"author":[{"embeddable":true,"href":"https:\/\/luciaprajisteanu.ro\/en\/index.php?rest_route=\/wp\/v2\/users\/1"}],"replies":[{"embeddable":true,"href":"https:\/\/luciaprajisteanu.ro\/en\/index.php?rest_route=%2Fwp%2Fv2%2Fcomments&post=3022"}],"version-history":[{"count":9,"href":"https:\/\/luciaprajisteanu.ro\/en\/index.php?rest_route=\/wp\/v2\/pages\/3022\/revisions"}],"predecessor-version":[{"id":3300,"href":"https:\/\/luciaprajisteanu.ro\/en\/index.php?rest_route=\/wp\/v2\/pages\/3022\/revisions\/3300"}],"wp:attachment":[{"href":"https:\/\/luciaprajisteanu.ro\/en\/index.php?rest_route=%2Fwp%2Fv2%2Fmedia&parent=3022"}],"curies":[{"name":"wp","href":"https:\/\/api.w.org\/{rel}","templated":true}]}}